{"id":97,"date":"2022-10-18T15:20:31","date_gmt":"2022-10-18T18:20:31","guid":{"rendered":"https:\/\/wordpress.plataformadeteste.com.br\/rsc\/?post_type=product&#038;p=97"},"modified":"2022-10-18T15:20:31","modified_gmt":"2022-10-18T18:20:31","slug":"cilindro-trifasico-220-v","status":"publish","type":"product","link":"https:\/\/wordpress.plataformadeteste.com.br\/rsc\/produto\/cilindro-trifasico-220-v\/","title":{"rendered":"Cilindro trif\u00e1sico 220 V"},"content":{"rendered":"<p>Cilindro de massa trif\u00e1sico com tens\u00e3o de 220 V.<\/p>\n","protected":false},"excerpt":{"rendered":"<p>Cilindro de massa trif\u00e1sico com tens\u00e3o de 220 V.<\/p>\n","protected":false},"featured_media":98,"comment_status":"open","ping_status":"closed","template":"","meta":[],"class_list":["post-97","product","type-product","status-publish","has-post-thumbnail","hentry","product_cat-cilindro-de-massa"],"acf":[],"_links":{"self":[{"href":"https:\/\/wordpress.plataformadeteste.com.br\/rsc\/wp-json\/wp\/v2\/product\/97","targetHints":{"allow":["GET"]}}],"collection":[{"href":"https:\/\/wordpress.plataformadeteste.com.br\/rsc\/wp-json\/wp\/v2\/product"}],"about":[{"href":"https:\/\/wordpress.plataformadeteste.com.br\/rsc\/wp-json\/wp\/v2\/types\/product"}],"replies":[{"embeddable":true,"href":"https:\/\/wordpress.plataformadeteste.com.br\/rsc\/wp-json\/wp\/v2\/comments?post=97"}],"wp:featuredmedia":[{"embeddable":true,"href":"https:\/\/wordpress.plataformadeteste.com.br\/rsc\/wp-json\/wp\/v2\/media\/98"}],"wp:attachment":[{"href":"https:\/\/wordpress.plataformadeteste.com.br\/rsc\/wp-json\/wp\/v2\/media?parent=97"}],"curies":[{"name":"wp","href":"https:\/\/api.w.org\/{rel}","templated":true}]}}