{"id":84,"date":"2022-10-18T15:12:53","date_gmt":"2022-10-18T18:12:53","guid":{"rendered":"https:\/\/wordpress.plataformadeteste.com.br\/rsc\/?post_type=product&#038;p=84"},"modified":"2022-10-18T15:12:54","modified_gmt":"2022-10-18T18:12:54","slug":"balcao-refrigerado-com-cuba-175-x-70-x-90","status":"publish","type":"product","link":"https:\/\/wordpress.plataformadeteste.com.br\/rsc\/produto\/balcao-refrigerado-com-cuba-175-x-70-x-90\/","title":{"rendered":"Balc\u00e3o refrigerado com cuba 175 x 70 x 90"},"content":{"rendered":"<p>Balc\u00e3o refrigerado fabricado em a\u00e7o inox internamente e externamente. Possui cuba posicionada no lado esquerdo.<\/p>\n<p>Medidas: 175 x 70 x 90 cm.<\/p>\n","protected":false},"excerpt":{"rendered":"<p>Balc\u00e3o refrigerado fabricado em a\u00e7o inox internamente e externamente. Possui cuba posicionada no lado esquerdo. [&hellip;]<\/p>\n","protected":false},"featured_media":85,"comment_status":"open","ping_status":"closed","template":"","meta":[],"class_list":["post-84","product","type-product","status-publish","has-post-thumbnail","hentry","product_cat-balcao-refrigerado"],"acf":[],"_links":{"self":[{"href":"https:\/\/wordpress.plataformadeteste.com.br\/rsc\/wp-json\/wp\/v2\/product\/84","targetHints":{"allow":["GET"]}}],"collection":[{"href":"https:\/\/wordpress.plataformadeteste.com.br\/rsc\/wp-json\/wp\/v2\/product"}],"about":[{"href":"https:\/\/wordpress.plataformadeteste.com.br\/rsc\/wp-json\/wp\/v2\/types\/product"}],"replies":[{"embeddable":true,"href":"https:\/\/wordpress.plataformadeteste.com.br\/rsc\/wp-json\/wp\/v2\/comments?post=84"}],"wp:featuredmedia":[{"embeddable":true,"href":"https:\/\/wordpress.plataformadeteste.com.br\/rsc\/wp-json\/wp\/v2\/media\/85"}],"wp:attachment":[{"href":"https:\/\/wordpress.plataformadeteste.com.br\/rsc\/wp-json\/wp\/v2\/media?parent=84"}],"curies":[{"name":"wp","href":"https:\/\/api.w.org\/{rel}","templated":true}]}}