{"id":195,"date":"2022-10-20T09:52:13","date_gmt":"2022-10-20T12:52:13","guid":{"rendered":"https:\/\/wordpress.plataformadeteste.com.br\/rsc\/?post_type=product&#038;p=195"},"modified":"2022-10-20T09:52:13","modified_gmt":"2022-10-20T12:52:13","slug":"carrinho-de-inox-90-x-50-x-90","status":"publish","type":"product","link":"https:\/\/wordpress.plataformadeteste.com.br\/rsc\/produto\/carrinho-de-inox-90-x-50-x-90\/","title":{"rendered":"Carrinho de inox 90 x 50 x 90"},"content":{"rendered":"<p>Carrinho para pratos e refei\u00e7\u00f5es fabricado em a\u00e7o inox. Medidas: 90 x 50 x 90 cm.<\/p>\n","protected":false},"excerpt":{"rendered":"<p>Carrinho para pratos e refei\u00e7\u00f5es fabricado em a\u00e7o inox. Medidas: 90 x 50 x 90 [&hellip;]<\/p>\n","protected":false},"featured_media":196,"comment_status":"open","ping_status":"closed","template":"","meta":[],"class_list":["post-195","product","type-product","status-publish","has-post-thumbnail","hentry","product_cat-carrinho"],"acf":[],"_links":{"self":[{"href":"https:\/\/wordpress.plataformadeteste.com.br\/rsc\/wp-json\/wp\/v2\/product\/195","targetHints":{"allow":["GET"]}}],"collection":[{"href":"https:\/\/wordpress.plataformadeteste.com.br\/rsc\/wp-json\/wp\/v2\/product"}],"about":[{"href":"https:\/\/wordpress.plataformadeteste.com.br\/rsc\/wp-json\/wp\/v2\/types\/product"}],"replies":[{"embeddable":true,"href":"https:\/\/wordpress.plataformadeteste.com.br\/rsc\/wp-json\/wp\/v2\/comments?post=195"}],"wp:featuredmedia":[{"embeddable":true,"href":"https:\/\/wordpress.plataformadeteste.com.br\/rsc\/wp-json\/wp\/v2\/media\/196"}],"wp:attachment":[{"href":"https:\/\/wordpress.plataformadeteste.com.br\/rsc\/wp-json\/wp\/v2\/media?parent=195"}],"curies":[{"name":"wp","href":"https:\/\/api.w.org\/{rel}","templated":true}]}}