{"id":175,"date":"2022-10-18T15:52:07","date_gmt":"2022-10-18T18:52:07","guid":{"rendered":"https:\/\/wordpress.plataformadeteste.com.br\/rsc\/?post_type=product&#038;p=175"},"modified":"2022-10-18T15:52:07","modified_gmt":"2022-10-18T18:52:07","slug":"seladora-nova-220-v","status":"publish","type":"product","link":"https:\/\/wordpress.plataformadeteste.com.br\/rsc\/produto\/seladora-nova-220-v\/","title":{"rendered":"Seladora nova 220 V"},"content":{"rendered":"<p>Seladora fabricada em a\u00e7o inox escovado, com sistema de corte do filme atrav\u00e9s de barra de inox e equipada com termostato interno acoplado para preven\u00e7\u00e3o de superaquecimento da placa de selagem. Produto certificado conforme NR 12.<\/p>\n<p>Fabricante: Sulpack<\/p>\n","protected":false},"excerpt":{"rendered":"<p>Seladora fabricada em a\u00e7o inox escovado, com sistema de corte do filme atrav\u00e9s de barra [&hellip;]<\/p>\n","protected":false},"featured_media":176,"comment_status":"open","ping_status":"closed","template":"","meta":[],"class_list":["post-175","product","type-product","status-publish","has-post-thumbnail","hentry","product_cat-seladora"],"acf":[],"_links":{"self":[{"href":"https:\/\/wordpress.plataformadeteste.com.br\/rsc\/wp-json\/wp\/v2\/product\/175","targetHints":{"allow":["GET"]}}],"collection":[{"href":"https:\/\/wordpress.plataformadeteste.com.br\/rsc\/wp-json\/wp\/v2\/product"}],"about":[{"href":"https:\/\/wordpress.plataformadeteste.com.br\/rsc\/wp-json\/wp\/v2\/types\/product"}],"replies":[{"embeddable":true,"href":"https:\/\/wordpress.plataformadeteste.com.br\/rsc\/wp-json\/wp\/v2\/comments?post=175"}],"wp:featuredmedia":[{"embeddable":true,"href":"https:\/\/wordpress.plataformadeteste.com.br\/rsc\/wp-json\/wp\/v2\/media\/176"}],"wp:attachment":[{"href":"https:\/\/wordpress.plataformadeteste.com.br\/rsc\/wp-json\/wp\/v2\/media?parent=175"}],"curies":[{"name":"wp","href":"https:\/\/api.w.org\/{rel}","templated":true}]}}