{"id":168,"date":"2022-10-18T15:49:42","date_gmt":"2022-10-18T18:49:42","guid":{"rendered":"https:\/\/wordpress.plataformadeteste.com.br\/rsc\/?post_type=product&#038;p=168"},"modified":"2022-10-18T15:49:42","modified_gmt":"2022-10-18T18:49:42","slug":"processador-de-alimentos-com-3-laminas-skymsen","status":"publish","type":"product","link":"https:\/\/wordpress.plataformadeteste.com.br\/rsc\/produto\/processador-de-alimentos-com-3-laminas-skymsen\/","title":{"rendered":"Processador de alimentos com 3 l\u00e2minas Skymsen"},"content":{"rendered":"<p>Processador de alimentos com 3 l\u00e2minas e tens\u00e3o de 220 V. Fabricante Skymsen. Produto revisado e com 3 meses de garantia.<\/p>\n","protected":false},"excerpt":{"rendered":"<p>Processador de alimentos com 3 l\u00e2minas e tens\u00e3o de 220 V. Fabricante Skymsen. Produto revisado [&hellip;]<\/p>\n","protected":false},"featured_media":169,"comment_status":"open","ping_status":"closed","template":"","meta":[],"class_list":["post-168","product","type-product","status-publish","has-post-thumbnail","hentry","product_cat-processador"],"acf":[],"_links":{"self":[{"href":"https:\/\/wordpress.plataformadeteste.com.br\/rsc\/wp-json\/wp\/v2\/product\/168","targetHints":{"allow":["GET"]}}],"collection":[{"href":"https:\/\/wordpress.plataformadeteste.com.br\/rsc\/wp-json\/wp\/v2\/product"}],"about":[{"href":"https:\/\/wordpress.plataformadeteste.com.br\/rsc\/wp-json\/wp\/v2\/types\/product"}],"replies":[{"embeddable":true,"href":"https:\/\/wordpress.plataformadeteste.com.br\/rsc\/wp-json\/wp\/v2\/comments?post=168"}],"wp:featuredmedia":[{"embeddable":true,"href":"https:\/\/wordpress.plataformadeteste.com.br\/rsc\/wp-json\/wp\/v2\/media\/169"}],"wp:attachment":[{"href":"https:\/\/wordpress.plataformadeteste.com.br\/rsc\/wp-json\/wp\/v2\/media?parent=168"}],"curies":[{"name":"wp","href":"https:\/\/api.w.org\/{rel}","templated":true}]}}