{"id":115,"date":"2022-10-18T15:29:14","date_gmt":"2022-10-18T18:29:14","guid":{"rendered":"https:\/\/wordpress.plataformadeteste.com.br\/rsc\/?post_type=product&#038;p=115"},"modified":"2022-10-18T15:29:14","modified_gmt":"2022-10-18T18:29:14","slug":"fogao-industrial-inox-com-6-bocas","status":"publish","type":"product","link":"https:\/\/wordpress.plataformadeteste.com.br\/rsc\/produto\/fogao-industrial-inox-com-6-bocas\/","title":{"rendered":"Fog\u00e3o industrial inox com 6 bocas"},"content":{"rendered":"<p>Fog\u00e3o profissional fabricado em a\u00e7o inox com seis bocas 40 x 40.<\/p>\n<p>Medidas: 120 x 96 x 89 cm.<\/p>\n","protected":false},"excerpt":{"rendered":"<p>Fog\u00e3o profissional fabricado em a\u00e7o inox com seis bocas 40 x 40. Medidas: 120 x [&hellip;]<\/p>\n","protected":false},"featured_media":116,"comment_status":"open","ping_status":"closed","template":"","meta":[],"class_list":["post-115","product","type-product","status-publish","has-post-thumbnail","hentry","product_cat-fogao"],"acf":[],"_links":{"self":[{"href":"https:\/\/wordpress.plataformadeteste.com.br\/rsc\/wp-json\/wp\/v2\/product\/115","targetHints":{"allow":["GET"]}}],"collection":[{"href":"https:\/\/wordpress.plataformadeteste.com.br\/rsc\/wp-json\/wp\/v2\/product"}],"about":[{"href":"https:\/\/wordpress.plataformadeteste.com.br\/rsc\/wp-json\/wp\/v2\/types\/product"}],"replies":[{"embeddable":true,"href":"https:\/\/wordpress.plataformadeteste.com.br\/rsc\/wp-json\/wp\/v2\/comments?post=115"}],"wp:featuredmedia":[{"embeddable":true,"href":"https:\/\/wordpress.plataformadeteste.com.br\/rsc\/wp-json\/wp\/v2\/media\/116"}],"wp:attachment":[{"href":"https:\/\/wordpress.plataformadeteste.com.br\/rsc\/wp-json\/wp\/v2\/media?parent=115"}],"curies":[{"name":"wp","href":"https:\/\/api.w.org\/{rel}","templated":true}]}}