{"id":97,"date":"2024-02-15T09:47:04","date_gmt":"2024-02-15T12:47:04","guid":{"rendered":"http:\/\/localhost\/estilodecoracoes\/?post_type=product&#038;p=97"},"modified":"2024-02-27T16:52:16","modified_gmt":"2024-02-27T19:52:16","slug":"linha-max-elegance-click","status":"publish","type":"product","link":"https:\/\/wordpress.plataformadeteste.com.br\/estilodecoracoes\/produto\/linha-max-elegance-click\/","title":{"rendered":"Linha Max Elegance Click"},"content":{"rendered":"<p>A linha Max Elegance Click conta com pisos laminados de r\u00e1pida instala\u00e7\u00e3o, n\u00e3o exige grandes obras e possui prote\u00e7\u00e3o antibacteriana. Al\u00e9m disso, essa linha de pisos laminados da Eucafloor \u00e9 f\u00e1cil de limpar, proporciona conforto t\u00e9rmico e tem maior durabilidade.<\/p>\n","protected":false},"excerpt":{"rendered":"<p>A linha Max Elegance Click da Eucafloor possui um acabamento luxuoso e vers\u00e1til com padr\u00f5es e dimens\u00f5es diferenciadas para combinar com diferentes estilos de decora\u00e7\u00e3o. Os tons e as marcas naturais da madeira nos pisos laminados dessa linha da Eucafloor foram preservados para compor combina\u00e7\u00f5es incr\u00edveis e com m\u00e1xima criatividade.<\/p>\n","protected":false},"featured_media":149,"comment_status":"open","ping_status":"closed","template":"","meta":[],"product_cat":[19],"product_tag":[],"marcas":[16],"aplicacoes":[20,21],"class_list":{"0":"post-97","1":"product","2":"type-product","3":"status-publish","4":"has-post-thumbnail","6":"product_cat-pisos-laminados","7":"marcas-eucafloor","8":"aplicacoes-comercial","9":"aplicacoes-residencial","11":"first","12":"instock","13":"shipping-taxable","14":"purchasable","15":"product-type-variable"},"acf":[],"_links":{"self":[{"href":"https:\/\/wordpress.plataformadeteste.com.br\/estilodecoracoes\/wp-json\/wp\/v2\/product\/97","targetHints":{"allow":["GET"]}}],"collection":[{"href":"https:\/\/wordpress.plataformadeteste.com.br\/estilodecoracoes\/wp-json\/wp\/v2\/product"}],"about":[{"href":"https:\/\/wordpress.plataformadeteste.com.br\/estilodecoracoes\/wp-json\/wp\/v2\/types\/product"}],"replies":[{"embeddable":true,"href":"https:\/\/wordpress.plataformadeteste.com.br\/estilodecoracoes\/wp-json\/wp\/v2\/comments?post=97"}],"wp:featuredmedia":[{"embeddable":true,"href":"https:\/\/wordpress.plataformadeteste.com.br\/estilodecoracoes\/wp-json\/wp\/v2\/media\/149"}],"wp:attachment":[{"href":"https:\/\/wordpress.plataformadeteste.com.br\/estilodecoracoes\/wp-json\/wp\/v2\/media?parent=97"}],"wp:term":[{"taxonomy":"product_cat","embeddable":true,"href":"https:\/\/wordpress.plataformadeteste.com.br\/estilodecoracoes\/wp-json\/wp\/v2\/product_cat?post=97"},{"taxonomy":"product_tag","embeddable":true,"href":"https:\/\/wordpress.plataformadeteste.com.br\/estilodecoracoes\/wp-json\/wp\/v2\/product_tag?post=97"},{"taxonomy":"marcas","embeddable":true,"href":"https:\/\/wordpress.plataformadeteste.com.br\/estilodecoracoes\/wp-json\/wp\/v2\/marcas?post=97"},{"taxonomy":"aplicacoes","embeddable":true,"href":"https:\/\/wordpress.plataformadeteste.com.br\/estilodecoracoes\/wp-json\/wp\/v2\/aplicacoes?post=97"}],"curies":[{"name":"wp","href":"https:\/\/api.w.org\/{rel}","templated":true}]}}