{"id":953,"date":"2024-02-29T11:32:51","date_gmt":"2024-02-29T14:32:51","guid":{"rendered":"https:\/\/wordpress.plataformadeteste.com.br\/estilodecoracoes\/?post_type=product&#038;p=953"},"modified":"2024-02-29T11:32:51","modified_gmt":"2024-02-29T14:32:51","slug":"colecao-natural","status":"publish","type":"product","link":"https:\/\/wordpress.plataformadeteste.com.br\/estilodecoracoes\/produto\/colecao-natural\/","title":{"rendered":"Cole\u00e7\u00e3o Natural"},"content":{"rendered":"<p>Os rodap\u00e9s de poliestireno da Santa Luzia s\u00e3o produzidos com material reciclado (EPS). Dessa maneira, a aplica\u00e7\u00e3o do rodap\u00e9 pode ser realizada em diferentes superf\u00edcies, como paredes de alvenaria, drywall, gesso acartonado, divis\u00f3rias, cer\u00e2mica etc.<\/p>\n","protected":false},"excerpt":{"rendered":"<p>A cole\u00e7\u00e3o Natural da Santa Luzia traz rodap\u00e9s de poliestireno com o acabamento amadeirado em tons variados. Assim, essa cole\u00e7\u00e3o de rodap\u00e9s entrega o visual elegante da madeira em um produto altamente resistente.<\/p>\n","protected":false},"featured_media":957,"comment_status":"open","ping_status":"closed","template":"","meta":[],"product_cat":[24],"product_tag":[],"marcas":[25],"aplicacoes":[21],"class_list":{"0":"post-953","1":"product","2":"type-product","3":"status-publish","4":"has-post-thumbnail","6":"product_cat-rodape","7":"marcas-santa-luzia","8":"aplicacoes-residencial","10":"first","11":"instock","12":"shipping-taxable","13":"purchasable","14":"product-type-variable"},"acf":[],"_links":{"self":[{"href":"https:\/\/wordpress.plataformadeteste.com.br\/estilodecoracoes\/wp-json\/wp\/v2\/product\/953","targetHints":{"allow":["GET"]}}],"collection":[{"href":"https:\/\/wordpress.plataformadeteste.com.br\/estilodecoracoes\/wp-json\/wp\/v2\/product"}],"about":[{"href":"https:\/\/wordpress.plataformadeteste.com.br\/estilodecoracoes\/wp-json\/wp\/v2\/types\/product"}],"replies":[{"embeddable":true,"href":"https:\/\/wordpress.plataformadeteste.com.br\/estilodecoracoes\/wp-json\/wp\/v2\/comments?post=953"}],"wp:featuredmedia":[{"embeddable":true,"href":"https:\/\/wordpress.plataformadeteste.com.br\/estilodecoracoes\/wp-json\/wp\/v2\/media\/957"}],"wp:attachment":[{"href":"https:\/\/wordpress.plataformadeteste.com.br\/estilodecoracoes\/wp-json\/wp\/v2\/media?parent=953"}],"wp:term":[{"taxonomy":"product_cat","embeddable":true,"href":"https:\/\/wordpress.plataformadeteste.com.br\/estilodecoracoes\/wp-json\/wp\/v2\/product_cat?post=953"},{"taxonomy":"product_tag","embeddable":true,"href":"https:\/\/wordpress.plataformadeteste.com.br\/estilodecoracoes\/wp-json\/wp\/v2\/product_tag?post=953"},{"taxonomy":"marcas","embeddable":true,"href":"https:\/\/wordpress.plataformadeteste.com.br\/estilodecoracoes\/wp-json\/wp\/v2\/marcas?post=953"},{"taxonomy":"aplicacoes","embeddable":true,"href":"https:\/\/wordpress.plataformadeteste.com.br\/estilodecoracoes\/wp-json\/wp\/v2\/aplicacoes?post=953"}],"curies":[{"name":"wp","href":"https:\/\/api.w.org\/{rel}","templated":true}]}}