{"id":897,"date":"2024-02-29T11:16:23","date_gmt":"2024-02-29T14:16:23","guid":{"rendered":"https:\/\/wordpress.plataformadeteste.com.br\/estilodecoracoes\/?post_type=product&#038;p=897"},"modified":"2024-02-29T11:16:23","modified_gmt":"2024-02-29T14:16:23","slug":"colecao-lev","status":"publish","type":"product","link":"https:\/\/wordpress.plataformadeteste.com.br\/estilodecoracoes\/produto\/colecao-lev\/","title":{"rendered":"Cole\u00e7\u00e3o LEV"},"content":{"rendered":"<p>Os rodap\u00e9s de poliestireno da Santa Luzia s\u00e3o produzidos com material reciclado (EPS). Assim, a aplica\u00e7\u00e3o do rodap\u00e9 pode ser realizada em diferentes superf\u00edcies, como paredes de alvenaria, drywall, gesso acartonado, divis\u00f3rias, cer\u00e2mica etc. Alguns modelos de rodap\u00e9s da cole\u00e7\u00e3o LEV possuem espa\u00e7o para passagem de fios, como: fios de internet, TV a cabo e telefone.<\/p>\n","protected":false},"excerpt":{"rendered":"<p>A cole\u00e7\u00e3o LEV da Santa Luzia traz rodap\u00e9s de poliestireno com alta tecnologia e design inovador que oferecem um toque discreto, moderno e funcional ao ambiente.<\/p>\n","protected":false},"featured_media":911,"comment_status":"open","ping_status":"closed","template":"","meta":[],"product_cat":[24],"product_tag":[],"marcas":[25],"aplicacoes":[21],"class_list":{"0":"post-897","1":"product","2":"type-product","3":"status-publish","4":"has-post-thumbnail","6":"product_cat-rodape","7":"marcas-santa-luzia","8":"aplicacoes-residencial","10":"first","11":"instock","12":"shipping-taxable","13":"purchasable","14":"product-type-variable"},"acf":[],"_links":{"self":[{"href":"https:\/\/wordpress.plataformadeteste.com.br\/estilodecoracoes\/wp-json\/wp\/v2\/product\/897","targetHints":{"allow":["GET"]}}],"collection":[{"href":"https:\/\/wordpress.plataformadeteste.com.br\/estilodecoracoes\/wp-json\/wp\/v2\/product"}],"about":[{"href":"https:\/\/wordpress.plataformadeteste.com.br\/estilodecoracoes\/wp-json\/wp\/v2\/types\/product"}],"replies":[{"embeddable":true,"href":"https:\/\/wordpress.plataformadeteste.com.br\/estilodecoracoes\/wp-json\/wp\/v2\/comments?post=897"}],"wp:featuredmedia":[{"embeddable":true,"href":"https:\/\/wordpress.plataformadeteste.com.br\/estilodecoracoes\/wp-json\/wp\/v2\/media\/911"}],"wp:attachment":[{"href":"https:\/\/wordpress.plataformadeteste.com.br\/estilodecoracoes\/wp-json\/wp\/v2\/media?parent=897"}],"wp:term":[{"taxonomy":"product_cat","embeddable":true,"href":"https:\/\/wordpress.plataformadeteste.com.br\/estilodecoracoes\/wp-json\/wp\/v2\/product_cat?post=897"},{"taxonomy":"product_tag","embeddable":true,"href":"https:\/\/wordpress.plataformadeteste.com.br\/estilodecoracoes\/wp-json\/wp\/v2\/product_tag?post=897"},{"taxonomy":"marcas","embeddable":true,"href":"https:\/\/wordpress.plataformadeteste.com.br\/estilodecoracoes\/wp-json\/wp\/v2\/marcas?post=897"},{"taxonomy":"aplicacoes","embeddable":true,"href":"https:\/\/wordpress.plataformadeteste.com.br\/estilodecoracoes\/wp-json\/wp\/v2\/aplicacoes?post=897"}],"curies":[{"name":"wp","href":"https:\/\/api.w.org\/{rel}","templated":true}]}}