{"id":893,"date":"2024-02-29T11:09:13","date_gmt":"2024-02-29T14:09:13","guid":{"rendered":"https:\/\/wordpress.plataformadeteste.com.br\/estilodecoracoes\/?post_type=product&#038;p=893"},"modified":"2024-02-29T13:56:56","modified_gmt":"2024-02-29T16:56:56","slug":"colecao-classica","status":"publish","type":"product","link":"https:\/\/wordpress.plataformadeteste.com.br\/estilodecoracoes\/produto\/colecao-classica\/","title":{"rendered":"Cole\u00e7\u00e3o Cl\u00e1ssica"},"content":{"rendered":"<p>Os rodap\u00e9s de poliestireno da Santa Luzia s\u00e3o produzidos com material reciclado (EPS). Assim, a aplica\u00e7\u00e3o do rodap\u00e9 pode ser realizada em diferentes superf\u00edcies, como paredes de alvenaria, drywall, gesso acartonado, divis\u00f3rias, cer\u00e2mica etc.<\/p>\n","protected":false},"excerpt":{"rendered":"<p>A cole\u00e7\u00e3o Cl\u00e1ssica da Santa Luzia traz rodap\u00e9s de poliestireno com acabamento refinado em tra\u00e7os org\u00e2nicos e frisos marcantes para proporcionar um estilo atemporal.<\/p>\n","protected":false},"featured_media":896,"comment_status":"open","ping_status":"closed","template":"","meta":[],"product_cat":[24],"product_tag":[],"marcas":[25],"aplicacoes":[21],"class_list":{"0":"post-893","1":"product","2":"type-product","3":"status-publish","4":"has-post-thumbnail","6":"product_cat-rodape","7":"marcas-santa-luzia","8":"aplicacoes-residencial","10":"first","11":"instock","12":"shipping-taxable","13":"purchasable","14":"product-type-variable"},"acf":[],"_links":{"self":[{"href":"https:\/\/wordpress.plataformadeteste.com.br\/estilodecoracoes\/wp-json\/wp\/v2\/product\/893","targetHints":{"allow":["GET"]}}],"collection":[{"href":"https:\/\/wordpress.plataformadeteste.com.br\/estilodecoracoes\/wp-json\/wp\/v2\/product"}],"about":[{"href":"https:\/\/wordpress.plataformadeteste.com.br\/estilodecoracoes\/wp-json\/wp\/v2\/types\/product"}],"replies":[{"embeddable":true,"href":"https:\/\/wordpress.plataformadeteste.com.br\/estilodecoracoes\/wp-json\/wp\/v2\/comments?post=893"}],"wp:featuredmedia":[{"embeddable":true,"href":"https:\/\/wordpress.plataformadeteste.com.br\/estilodecoracoes\/wp-json\/wp\/v2\/media\/896"}],"wp:attachment":[{"href":"https:\/\/wordpress.plataformadeteste.com.br\/estilodecoracoes\/wp-json\/wp\/v2\/media?parent=893"}],"wp:term":[{"taxonomy":"product_cat","embeddable":true,"href":"https:\/\/wordpress.plataformadeteste.com.br\/estilodecoracoes\/wp-json\/wp\/v2\/product_cat?post=893"},{"taxonomy":"product_tag","embeddable":true,"href":"https:\/\/wordpress.plataformadeteste.com.br\/estilodecoracoes\/wp-json\/wp\/v2\/product_tag?post=893"},{"taxonomy":"marcas","embeddable":true,"href":"https:\/\/wordpress.plataformadeteste.com.br\/estilodecoracoes\/wp-json\/wp\/v2\/marcas?post=893"},{"taxonomy":"aplicacoes","embeddable":true,"href":"https:\/\/wordpress.plataformadeteste.com.br\/estilodecoracoes\/wp-json\/wp\/v2\/aplicacoes?post=893"}],"curies":[{"name":"wp","href":"https:\/\/api.w.org\/{rel}","templated":true}]}}