{"id":344,"date":"2024-02-21T16:32:54","date_gmt":"2024-02-21T19:32:54","guid":{"rendered":"https:\/\/wordpress.plataformadeteste.com.br\/estilodecoracoes\/?post_type=product&#038;p=344"},"modified":"2024-02-21T16:32:54","modified_gmt":"2024-02-21T19:32:54","slug":"linha-harmony","status":"publish","type":"product","link":"https:\/\/wordpress.plataformadeteste.com.br\/estilodecoracoes\/produto\/linha-harmony\/","title":{"rendered":"Linha Harmony"},"content":{"rendered":"<p>Os pisos laminados Durafloor s\u00e3o produzidos com madeira reflorestada e oferecem conforto ac\u00fastico e conforto t\u00e9rmico. A linha Harmony tamb\u00e9m proporciona facilidade de limpeza, prote\u00e7\u00e3o contra cupim, prote\u00e7\u00e3o antibacteriana e r\u00e1pida instala\u00e7\u00e3o.<\/p>\n","protected":false},"excerpt":{"rendered":"<p>A linha Harmony da Durafloor conta com padr\u00f5es amadeirados perfeitos para trazer sofistica\u00e7\u00e3o em ambientes com diferentes estilos.<\/p>\n","protected":false},"featured_media":350,"comment_status":"open","ping_status":"closed","template":"","meta":[],"product_cat":[19],"product_tag":[],"marcas":[17],"aplicacoes":[20,21],"class_list":{"0":"post-344","1":"product","2":"type-product","3":"status-publish","4":"has-post-thumbnail","6":"product_cat-pisos-laminados","7":"marcas-durafloor","8":"aplicacoes-comercial","9":"aplicacoes-residencial","11":"first","12":"instock","13":"shipping-taxable","14":"purchasable","15":"product-type-variable"},"acf":[],"_links":{"self":[{"href":"https:\/\/wordpress.plataformadeteste.com.br\/estilodecoracoes\/wp-json\/wp\/v2\/product\/344","targetHints":{"allow":["GET"]}}],"collection":[{"href":"https:\/\/wordpress.plataformadeteste.com.br\/estilodecoracoes\/wp-json\/wp\/v2\/product"}],"about":[{"href":"https:\/\/wordpress.plataformadeteste.com.br\/estilodecoracoes\/wp-json\/wp\/v2\/types\/product"}],"replies":[{"embeddable":true,"href":"https:\/\/wordpress.plataformadeteste.com.br\/estilodecoracoes\/wp-json\/wp\/v2\/comments?post=344"}],"wp:featuredmedia":[{"embeddable":true,"href":"https:\/\/wordpress.plataformadeteste.com.br\/estilodecoracoes\/wp-json\/wp\/v2\/media\/350"}],"wp:attachment":[{"href":"https:\/\/wordpress.plataformadeteste.com.br\/estilodecoracoes\/wp-json\/wp\/v2\/media?parent=344"}],"wp:term":[{"taxonomy":"product_cat","embeddable":true,"href":"https:\/\/wordpress.plataformadeteste.com.br\/estilodecoracoes\/wp-json\/wp\/v2\/product_cat?post=344"},{"taxonomy":"product_tag","embeddable":true,"href":"https:\/\/wordpress.plataformadeteste.com.br\/estilodecoracoes\/wp-json\/wp\/v2\/product_tag?post=344"},{"taxonomy":"marcas","embeddable":true,"href":"https:\/\/wordpress.plataformadeteste.com.br\/estilodecoracoes\/wp-json\/wp\/v2\/marcas?post=344"},{"taxonomy":"aplicacoes","embeddable":true,"href":"https:\/\/wordpress.plataformadeteste.com.br\/estilodecoracoes\/wp-json\/wp\/v2\/aplicacoes?post=344"}],"curies":[{"name":"wp","href":"https:\/\/api.w.org\/{rel}","templated":true}]}}