{"id":278,"date":"2024-02-21T16:12:33","date_gmt":"2024-02-21T19:12:33","guid":{"rendered":"https:\/\/wordpress.plataformadeteste.com.br\/estilodecoracoes\/?post_type=product&#038;p=278"},"modified":"2024-02-27T16:55:16","modified_gmt":"2024-02-27T19:55:16","slug":"linha-studio","status":"publish","type":"product","link":"https:\/\/wordpress.plataformadeteste.com.br\/estilodecoracoes\/produto\/linha-studio\/","title":{"rendered":"Linha Studio"},"content":{"rendered":"<p>Os pisos laminados Durafloor s\u00e3o produzidos com madeira reflorestada e oferecem conforto ac\u00fastico e conforto t\u00e9rmico. A linha Studio tamb\u00e9m proporciona facilidade de limpeza, prote\u00e7\u00e3o contra cupim, prote\u00e7\u00e3o antibacteriana e r\u00e1pida instala\u00e7\u00e3o.<\/p>\n","protected":false},"excerpt":{"rendered":"<p>A linha Studio da Durafloor une os estilos moderno e r\u00fastico em uma s\u00f3 cole\u00e7\u00e3o. Os pisos laminados dessa linha possuem uma paleta de cores contempor\u00e2nea e padr\u00f5es com vincos, n\u00f3s e veios marcantes.<\/p>\n","protected":false},"featured_media":292,"comment_status":"open","ping_status":"closed","template":"","meta":[],"product_cat":[19],"product_tag":[],"marcas":[17],"aplicacoes":[20,21],"class_list":{"0":"post-278","1":"product","2":"type-product","3":"status-publish","4":"has-post-thumbnail","6":"product_cat-pisos-laminados","7":"marcas-durafloor","8":"aplicacoes-comercial","9":"aplicacoes-residencial","11":"first","12":"instock","13":"featured","14":"shipping-taxable","15":"purchasable","16":"product-type-variable"},"acf":[],"_links":{"self":[{"href":"https:\/\/wordpress.plataformadeteste.com.br\/estilodecoracoes\/wp-json\/wp\/v2\/product\/278","targetHints":{"allow":["GET"]}}],"collection":[{"href":"https:\/\/wordpress.plataformadeteste.com.br\/estilodecoracoes\/wp-json\/wp\/v2\/product"}],"about":[{"href":"https:\/\/wordpress.plataformadeteste.com.br\/estilodecoracoes\/wp-json\/wp\/v2\/types\/product"}],"replies":[{"embeddable":true,"href":"https:\/\/wordpress.plataformadeteste.com.br\/estilodecoracoes\/wp-json\/wp\/v2\/comments?post=278"}],"wp:featuredmedia":[{"embeddable":true,"href":"https:\/\/wordpress.plataformadeteste.com.br\/estilodecoracoes\/wp-json\/wp\/v2\/media\/292"}],"wp:attachment":[{"href":"https:\/\/wordpress.plataformadeteste.com.br\/estilodecoracoes\/wp-json\/wp\/v2\/media?parent=278"}],"wp:term":[{"taxonomy":"product_cat","embeddable":true,"href":"https:\/\/wordpress.plataformadeteste.com.br\/estilodecoracoes\/wp-json\/wp\/v2\/product_cat?post=278"},{"taxonomy":"product_tag","embeddable":true,"href":"https:\/\/wordpress.plataformadeteste.com.br\/estilodecoracoes\/wp-json\/wp\/v2\/product_tag?post=278"},{"taxonomy":"marcas","embeddable":true,"href":"https:\/\/wordpress.plataformadeteste.com.br\/estilodecoracoes\/wp-json\/wp\/v2\/marcas?post=278"},{"taxonomy":"aplicacoes","embeddable":true,"href":"https:\/\/wordpress.plataformadeteste.com.br\/estilodecoracoes\/wp-json\/wp\/v2\/aplicacoes?post=278"}],"curies":[{"name":"wp","href":"https:\/\/api.w.org\/{rel}","templated":true}]}}