{"id":117,"date":"2024-02-16T10:43:18","date_gmt":"2024-02-16T13:43:18","guid":{"rendered":"http:\/\/localhost\/estilodecoracoes\/?post_type=product&#038;p=117"},"modified":"2024-02-27T16:52:08","modified_gmt":"2024-02-27T19:52:08","slug":"linha-new-elegance-click","status":"publish","type":"product","link":"https:\/\/wordpress.plataformadeteste.com.br\/estilodecoracoes\/produto\/linha-new-elegance-click\/","title":{"rendered":"Linha New Elegance Click"},"content":{"rendered":"<p>A linha New Elegance Click conta com pisos laminados de r\u00e1pida instala\u00e7\u00e3o, n\u00e3o exige grandes obras e possui prote\u00e7\u00e3o antibacteriana. Al\u00e9m disso, essa linha de pisos laminados da Eucafloor \u00e9 f\u00e1cil de limpar, proporciona conforto t\u00e9rmico e tem maior durabilidade.<\/p>\n","protected":false},"excerpt":{"rendered":"<p>A linha New Elegance Click da Eucafloor proporciona durabilidade para os mais diversos ambientes residenciais e comerciais.<\/p>\n","protected":false},"featured_media":171,"comment_status":"open","ping_status":"closed","template":"","meta":[],"product_cat":[19],"product_tag":[],"marcas":[16],"aplicacoes":[20,21],"class_list":{"0":"post-117","1":"product","2":"type-product","3":"status-publish","4":"has-post-thumbnail","6":"product_cat-pisos-laminados","7":"marcas-eucafloor","8":"aplicacoes-comercial","9":"aplicacoes-residencial","11":"first","12":"instock","13":"shipping-taxable","14":"purchasable","15":"product-type-variable"},"acf":[],"_links":{"self":[{"href":"https:\/\/wordpress.plataformadeteste.com.br\/estilodecoracoes\/wp-json\/wp\/v2\/product\/117","targetHints":{"allow":["GET"]}}],"collection":[{"href":"https:\/\/wordpress.plataformadeteste.com.br\/estilodecoracoes\/wp-json\/wp\/v2\/product"}],"about":[{"href":"https:\/\/wordpress.plataformadeteste.com.br\/estilodecoracoes\/wp-json\/wp\/v2\/types\/product"}],"replies":[{"embeddable":true,"href":"https:\/\/wordpress.plataformadeteste.com.br\/estilodecoracoes\/wp-json\/wp\/v2\/comments?post=117"}],"wp:featuredmedia":[{"embeddable":true,"href":"https:\/\/wordpress.plataformadeteste.com.br\/estilodecoracoes\/wp-json\/wp\/v2\/media\/171"}],"wp:attachment":[{"href":"https:\/\/wordpress.plataformadeteste.com.br\/estilodecoracoes\/wp-json\/wp\/v2\/media?parent=117"}],"wp:term":[{"taxonomy":"product_cat","embeddable":true,"href":"https:\/\/wordpress.plataformadeteste.com.br\/estilodecoracoes\/wp-json\/wp\/v2\/product_cat?post=117"},{"taxonomy":"product_tag","embeddable":true,"href":"https:\/\/wordpress.plataformadeteste.com.br\/estilodecoracoes\/wp-json\/wp\/v2\/product_tag?post=117"},{"taxonomy":"marcas","embeddable":true,"href":"https:\/\/wordpress.plataformadeteste.com.br\/estilodecoracoes\/wp-json\/wp\/v2\/marcas?post=117"},{"taxonomy":"aplicacoes","embeddable":true,"href":"https:\/\/wordpress.plataformadeteste.com.br\/estilodecoracoes\/wp-json\/wp\/v2\/aplicacoes?post=117"}],"curies":[{"name":"wp","href":"https:\/\/api.w.org\/{rel}","templated":true}]}}