{"id":1010,"date":"2024-02-29T15:35:31","date_gmt":"2024-02-29T18:35:31","guid":{"rendered":"https:\/\/wordpress.plataformadeteste.com.br\/estilodecoracoes\/?post_type=product&#038;p=1010"},"modified":"2024-03-01T09:23:42","modified_gmt":"2024-03-01T12:23:42","slug":"persiana-double-vision","status":"publish","type":"product","link":"https:\/\/wordpress.plataformadeteste.com.br\/estilodecoracoes\/produto\/persiana-double-vision\/","title":{"rendered":"Persiana Double Vision"},"content":{"rendered":"<p>A persiana double vision, tamb\u00e9m conhecida como cortina double vision, oferece duas solu\u00e7\u00f5es incr\u00edveis em um s\u00f3 produto. Isso porque esse modelo possui listras sobrepostas que possibilitam duas op\u00e7\u00f5es de composi\u00e7\u00e3o: fechar e vedar a janela com as suas listras mais escuras ou deixar o ambiente parcialmente iluminado com suas listras mais transparentes. E tudo isso pode ser feito por meio do seu controle de acionamento, proporcionando um toque moderno e contempor\u00e2neo.<\/p>\n","protected":false},"excerpt":{"rendered":"<p>A persiana double vision \u00e9 perfeita para quem procura o equil\u00edbrio ideal na ilumina\u00e7\u00e3o de ambientes.<\/p>\n","protected":false},"featured_media":1011,"comment_status":"open","ping_status":"closed","template":"","meta":[],"product_cat":[22],"product_tag":[],"marcas":[],"aplicacoes":[20,21],"class_list":{"0":"post-1010","1":"product","2":"type-product","3":"status-publish","4":"has-post-thumbnail","6":"product_cat-cortinas-e-persianas","7":"aplicacoes-comercial","8":"aplicacoes-residencial","10":"first","11":"instock","12":"shipping-taxable","13":"purchasable","14":"product-type-variable"},"acf":[],"_links":{"self":[{"href":"https:\/\/wordpress.plataformadeteste.com.br\/estilodecoracoes\/wp-json\/wp\/v2\/product\/1010","targetHints":{"allow":["GET"]}}],"collection":[{"href":"https:\/\/wordpress.plataformadeteste.com.br\/estilodecoracoes\/wp-json\/wp\/v2\/product"}],"about":[{"href":"https:\/\/wordpress.plataformadeteste.com.br\/estilodecoracoes\/wp-json\/wp\/v2\/types\/product"}],"replies":[{"embeddable":true,"href":"https:\/\/wordpress.plataformadeteste.com.br\/estilodecoracoes\/wp-json\/wp\/v2\/comments?post=1010"}],"wp:featuredmedia":[{"embeddable":true,"href":"https:\/\/wordpress.plataformadeteste.com.br\/estilodecoracoes\/wp-json\/wp\/v2\/media\/1011"}],"wp:attachment":[{"href":"https:\/\/wordpress.plataformadeteste.com.br\/estilodecoracoes\/wp-json\/wp\/v2\/media?parent=1010"}],"wp:term":[{"taxonomy":"product_cat","embeddable":true,"href":"https:\/\/wordpress.plataformadeteste.com.br\/estilodecoracoes\/wp-json\/wp\/v2\/product_cat?post=1010"},{"taxonomy":"product_tag","embeddable":true,"href":"https:\/\/wordpress.plataformadeteste.com.br\/estilodecoracoes\/wp-json\/wp\/v2\/product_tag?post=1010"},{"taxonomy":"marcas","embeddable":true,"href":"https:\/\/wordpress.plataformadeteste.com.br\/estilodecoracoes\/wp-json\/wp\/v2\/marcas?post=1010"},{"taxonomy":"aplicacoes","embeddable":true,"href":"https:\/\/wordpress.plataformadeteste.com.br\/estilodecoracoes\/wp-json\/wp\/v2\/aplicacoes?post=1010"}],"curies":[{"name":"wp","href":"https:\/\/api.w.org\/{rel}","templated":true}]}}