{"id":1008,"date":"2024-02-29T15:33:25","date_gmt":"2024-02-29T18:33:25","guid":{"rendered":"https:\/\/wordpress.plataformadeteste.com.br\/estilodecoracoes\/?post_type=product&#038;p=1008"},"modified":"2024-03-01T09:23:31","modified_gmt":"2024-03-01T12:23:31","slug":"persiana-romana","status":"publish","type":"product","link":"https:\/\/wordpress.plataformadeteste.com.br\/estilodecoracoes\/produto\/persiana-romana\/","title":{"rendered":"Persiana Romana"},"content":{"rendered":"<p>A persiana romana (ou cortina romana) est\u00e1 dispon\u00edvel em diversos tecidos e acabamentos, dessa forma, a cortina romana contribui para a privacidade e controle da entrada de luz sem deixar de lado a personalidade do ambiente. Al\u00e9m disso, os gomos da persiana romana ficam aparentes quando a cortina \u00e9 recolhida e propiciam um charme \u00fanico.<\/p>\n<p>Outro diferencial desse modelo \u00e9 a persiana romana para teto que possibilita a aplica\u00e7\u00e3o dessa solu\u00e7\u00e3o em tetos de vidros, claraboias, entre outras estruturas desse tipo.<\/p>\n","protected":false},"excerpt":{"rendered":"<p>A persiana romana proporciona versatilidade para a decora\u00e7\u00e3o de ambientes em todos os estilos.<\/p>\n","protected":false},"featured_media":1009,"comment_status":"open","ping_status":"closed","template":"","meta":[],"product_cat":[22],"product_tag":[],"marcas":[],"aplicacoes":[20,21],"class_list":{"0":"post-1008","1":"product","2":"type-product","3":"status-publish","4":"has-post-thumbnail","6":"product_cat-cortinas-e-persianas","7":"aplicacoes-comercial","8":"aplicacoes-residencial","10":"first","11":"instock","12":"shipping-taxable","13":"purchasable","14":"product-type-variable"},"acf":[],"_links":{"self":[{"href":"https:\/\/wordpress.plataformadeteste.com.br\/estilodecoracoes\/wp-json\/wp\/v2\/product\/1008","targetHints":{"allow":["GET"]}}],"collection":[{"href":"https:\/\/wordpress.plataformadeteste.com.br\/estilodecoracoes\/wp-json\/wp\/v2\/product"}],"about":[{"href":"https:\/\/wordpress.plataformadeteste.com.br\/estilodecoracoes\/wp-json\/wp\/v2\/types\/product"}],"replies":[{"embeddable":true,"href":"https:\/\/wordpress.plataformadeteste.com.br\/estilodecoracoes\/wp-json\/wp\/v2\/comments?post=1008"}],"wp:featuredmedia":[{"embeddable":true,"href":"https:\/\/wordpress.plataformadeteste.com.br\/estilodecoracoes\/wp-json\/wp\/v2\/media\/1009"}],"wp:attachment":[{"href":"https:\/\/wordpress.plataformadeteste.com.br\/estilodecoracoes\/wp-json\/wp\/v2\/media?parent=1008"}],"wp:term":[{"taxonomy":"product_cat","embeddable":true,"href":"https:\/\/wordpress.plataformadeteste.com.br\/estilodecoracoes\/wp-json\/wp\/v2\/product_cat?post=1008"},{"taxonomy":"product_tag","embeddable":true,"href":"https:\/\/wordpress.plataformadeteste.com.br\/estilodecoracoes\/wp-json\/wp\/v2\/product_tag?post=1008"},{"taxonomy":"marcas","embeddable":true,"href":"https:\/\/wordpress.plataformadeteste.com.br\/estilodecoracoes\/wp-json\/wp\/v2\/marcas?post=1008"},{"taxonomy":"aplicacoes","embeddable":true,"href":"https:\/\/wordpress.plataformadeteste.com.br\/estilodecoracoes\/wp-json\/wp\/v2\/aplicacoes?post=1008"}],"curies":[{"name":"wp","href":"https:\/\/api.w.org\/{rel}","templated":true}]}}