{"id":121,"date":"2024-02-16T15:50:51","date_gmt":"2024-02-16T18:50:51","guid":{"rendered":"http:\/\/localhost\/estilodecoracoes\/?page_id=121"},"modified":"2024-02-16T15:54:57","modified_gmt":"2024-02-16T18:54:57","slug":"politica-de-cookies","status":"publish","type":"page","link":"https:\/\/wordpress.plataformadeteste.com.br\/estilodecoracoes\/politica-de-cookies\/","title":{"rendered":"Pol\u00edtica de Cookies"},"content":{"rendered":"\n<p>Pol\u00edtica de Cookies ESTILO DECORA\u00c7\u00d5ES Vers\u00e3o 1.0 de 11 de janeiro de 2024\u00a0<\/p>\n\n\n\n<ol class=\"wp-block-list\" start=\"1\">\n<li>INFORMA\u00c7\u00d5ES INICIAIS&nbsp;<br>2. CLASSIFICA\u00c7\u00c3O&nbsp;<br>I. Funcionais&nbsp;<br>II. Seguran\u00e7a&nbsp;<br>III. An\u00e1lise&nbsp;<br>IV. Publicidade&nbsp;<br>V. Personaliza\u00e7\u00e3o&nbsp;<br>&nbsp;<\/li>\n<\/ol>\n\n\n\n<p>1. INFORMA\u00c7\u00d5ES INICIAIS&nbsp;<\/p>\n\n\n\n<p>&nbsp;<br>Cookies s\u00e3o pequenos arquivos de texto enviados pelo navegador ao dispositivo do usu\u00e1rio, onde ficam armazenados. Esses arquivos cont\u00eam informa\u00e7\u00f5es relacionadas \u00e0 navega\u00e7\u00e3o do site.&nbsp;<\/p>\n\n\n\n<p>&nbsp;<br>Por meio dos cookies, pequenas quantidades de informa\u00e7\u00e3o s\u00e3o armazenadas pelo navegador do usu\u00e1rio para que nosso servidor possa l\u00ea-las posteriormente. Por exemplo, usamos cookies para lembrar seu idioma preferido, mostrar an\u00fancios mais relevantes para voc\u00ea, contar quantos visitantes recebemos em uma p\u00e1gina, quais p\u00e1ginas voc\u00ea acessou em nosso site, ajudar voc\u00ea a se inscrever nos nossos formul\u00e1rios, proteger seus dados e lembrar suas configura\u00e7\u00f5es de an\u00fancios.&nbsp;<br>Voc\u00ea pode gerenciar como os cookies s\u00e3o usados, recusando o uso de cookies espec\u00edficos, a qualquer momento, nas configura\u00e7\u00f5es de personaliza\u00e7\u00e3o do Google em g.co\/privacytools. Voc\u00ea tamb\u00e9m pode gerenciar cookies no seu navegador, embora os navegadores para dispositivos m\u00f3veis talvez n\u00e3o ofere\u00e7am essa op\u00e7\u00e3o. Basta procurar pelas configura\u00e7\u00f5es de cookies do seu navegador.&nbsp;<br>&nbsp;<br>2. CLASSIFICA\u00c7\u00c3O&nbsp;<br>&nbsp;<br>I. Funcionais&nbsp;<\/p>\n\n\n\n<p>&nbsp;<br>Os cookies usados para funcionalidade permitem a intera\u00e7\u00e3o dos usu\u00e1rios com o site para acessar recursos considerados fundamentais. Esses recursos incluem prefer\u00eancias de idioma, otimiza\u00e7\u00f5es de produto para manter e melhorar um servi\u00e7o e a manuten\u00e7\u00e3o de informa\u00e7\u00f5es relacionadas \u00e0 sess\u00e3o do usu\u00e1rio.&nbsp;<\/p>\n\n\n\n<p>&nbsp;<br>II. Seguran\u00e7a&nbsp;<\/p>\n\n\n\n<p>&nbsp;<br>Os cookies usados para quest\u00f5es de seguran\u00e7a evitam fraudes, autenticam usu\u00e1rios e os protegem quando eles interagem com um servi\u00e7o.&nbsp;<br>Alguns cookies s\u00e3o usados para autenticar usu\u00e1rios, ajudando a garantir que apenas o propriet\u00e1rio de uma conta possa acess\u00e1-la. A combina\u00e7\u00e3o desses cookies nos permite impedir v\u00e1rios tipos de ataques.&nbsp;<\/p>\n\n\n\n<p>&nbsp;<br>Alguns cookies s\u00e3o usados para evitar spam, fraude ou abusos. Por exemplo, os cookies \u201cpm_sess\u201d e \u201cYSC\u201d asseguram que as solicita\u00e7\u00f5es feitas em uma sess\u00e3o de navega\u00e7\u00e3o realmente s\u00e3o do usu\u00e1rio, e n\u00e3o de outros sites.&nbsp;<\/p>\n\n\n\n<p>&nbsp;<br>III. An\u00e1lise&nbsp;<\/p>\n\n\n\n<p>&nbsp;<br>Os cookies usados para an\u00e1lise coletam dados que ajudam os servi\u00e7os a entenderem como os usu\u00e1rios interagem com um determinado servi\u00e7o. Com essas informa\u00e7\u00f5es, \u00e9 poss\u00edvel ajustar o conte\u00fado e os recursos dos servi\u00e7os e oferecer uma melhor experi\u00eancia do usu\u00e1rio.&nbsp;<\/p>\n\n\n\n<p>&nbsp;<br>Alguns cookies ajudam os sites a entender o engajamento dos usu\u00e1rios. Por exemplo, o Google Analytics, um produto que nos ajuda a entender como as pessoas interagem com nosso site, usa um conjunto de cookies para coletar informa\u00e7\u00f5es e relatar estat\u00edsticas de uso, sem identificar os visitantes para o Google. O \u201c_ga\u201d \u00e9 o principal cookie usado pelo Google Analytics. Ele permite que o site diferencie um usu\u00e1rio de outro e tem validade de dois anos.&nbsp;<br>Os Servi\u00e7os do Google tamb\u00e9m usam cookies de an\u00e1lise como esses, al\u00e9m de outros, como o \u201cNID\u201d na Pesquisa Google e o \u201cVISITOR_INFO1_LIVE\u201d no YouTube.&nbsp;<\/p>\n\n\n\n<p>&nbsp;<br>IV. Publicidade&nbsp;<\/p>\n\n\n\n<p>&nbsp;<br>O Google usa cookies para publicidade, incluindo a personaliza\u00e7\u00e3o de an\u00fancios (dependendo das suas configura\u00e7\u00f5es em g.co\/adsettings), a veicula\u00e7\u00e3o e a renderiza\u00e7\u00e3o deles, a limita\u00e7\u00e3o de quantas vezes um an\u00fancio \u00e9 exibido para um usu\u00e1rio, a desativa\u00e7\u00e3o de an\u00fancios que o usu\u00e1rio escolheu deixar de ver e a medi\u00e7\u00e3o da efic\u00e1cia dos an\u00fancios.&nbsp;<\/p>\n\n\n\n<p>&nbsp;<br>O \u201cNID\u201d \u00e9 usado pelo Google para exibir os pr\u00f3prios an\u00fancios nos Servi\u00e7os do Google para usu\u00e1rios n\u00e3o conectados.&nbsp;<br>Os cookies \u201cIDE\u201d e \u201cANID\u201d s\u00e3o usados para exibir an\u00fancios do Google em sites de terceiros.&nbsp;<\/p>\n\n\n\n<p>&nbsp;<br>Outros Servi\u00e7os do Google, como o YouTube, tamb\u00e9m podem usar esses cookies e outros, como o \u201cVISITOR_INFO1_LIVE\u201d, para exibir an\u00fancios mais relevantes.&nbsp;<br>Se voc\u00ea ativou os an\u00fancios personalizados, o cookie \u201cANID\u201d \u00e9 usado para lembrar essa configura\u00e7\u00e3o e \u00e9 v\u00e1lido por 13 meses no Espa\u00e7o Econ\u00f4mico Europeu (EEE), na Su\u00ed\u00e7a e no Reino Unido e por 24 meses em outros lugares. Se voc\u00ea desativou os an\u00fancios personalizados, o \u201cANID\u201d \u00e9 usado para armazenar essa configura\u00e7\u00e3o at\u00e9 2030. O cookie \u201cNID\u201d expira 6 meses ap\u00f3s ser usado por um usu\u00e1rio. O cookie \u201cIDE\u201d tem validade de 13 meses no Espa\u00e7o Econ\u00f4mico Europeu (EEE), na Su\u00ed\u00e7a e no Reino Unido e de 24 meses em outros lugares.&nbsp;<\/p>\n\n\n\n<p>&nbsp;<br>Alguns cookies usados para publicidade s\u00e3o destinados a usu\u00e1rios que fazem login para usar os Servi\u00e7os do Google. Por exemplo, o cookie \u201cDSID\u201d \u00e9 usado para identificar um usu\u00e1rio conectado em sites de terceiros e lembrar se ele aceitou usar a personaliza\u00e7\u00e3o de an\u00fancios. Ele tem validade de duas semanas.&nbsp;<br>As empresas podem anunciar nos Servi\u00e7os do Google usando nossa pr\u00f3pria plataforma de publicidade. Com ela, tamb\u00e9m \u00e9 poss\u00edvel anunciar em sites de terceiros que sejam empresas parceiras.&nbsp;<\/p>\n\n\n\n<p>&nbsp;<br>Alguns cookies s\u00e3o compat\u00edveis com a exibi\u00e7\u00e3o de an\u00fancios pelo Google em sites de terceiros. Eles s\u00e3o definidos no dom\u00ednio do site que voc\u00ea acessa. Por exemplo, o cookie \u201c_gads\u201d permite que sites mostrem an\u00fancios do Google, incluindo an\u00fancios personalizados. Os cookies que come\u00e7am com \u201c_gac_\u201d s\u00e3o do Google Analytics e s\u00e3o usados por anunciantes para medir a atividade do usu\u00e1rio e o desempenho das campanhas publicit\u00e1rias. O cookie \u201c_gads\u201d \u00e9 v\u00e1lido por 13 meses, e os \u201c_gac_\u201d por 90 dias.&nbsp;<\/p>\n\n\n\n<p>&nbsp;<br>Alguns cookies s\u00e3o usados para medir o desempenho de an\u00fancios e campanhas publicit\u00e1rias e de taxas de convers\u00e3o de an\u00fancios do Google nos sites que voc\u00ea acessa. Por exemplo, cookies que come\u00e7am com \u201c_gcl_\u201d s\u00e3o do Google Analytics e s\u00e3o usados principalmente para ajudar anunciantes a determinar quantas vezes os usu\u00e1rios que clicam em um an\u00fancio realizam uma a\u00e7\u00e3o no site, como uma compra. Cookies usados para medir taxas de convers\u00e3o n\u00e3o s\u00e3o usados para personalizar an\u00fancios. Os cookies \u201c_gcl_\u201d t\u00eam validade de 90 dias.&nbsp;<\/p>\n\n\n\n<p>&nbsp;<br>V. Personaliza\u00e7\u00e3o&nbsp;<\/p>\n\n\n\n<p>&nbsp;<br>Os cookies usados para personaliza\u00e7\u00e3o melhoram a experi\u00eancia do usu\u00e1rio fornecendo conte\u00fado e recursos personalizados.&nbsp;<\/p>\n\n\n\n<p>&nbsp;<br>Dependendo das suas configura\u00e7\u00f5es em g.co\/privacytools, alguns cookies podem permitir recomenda\u00e7\u00f5es melhores em um servi\u00e7o. Por exemplo, o cookie \u201cVISITOR_INFO1_LIVE\u201d ativa recomenda\u00e7\u00f5es personalizadas no YouTube baseadas nos v\u00eddeos assistidos e nas pesquisas anteriores. E o cookie \u201cNID\u201d ativa recursos de preenchimento autom\u00e1tico personalizado na Pesquisa enquanto os usu\u00e1rios digitam termos de pesquisa. Esses cookies expiram seis meses ap\u00f3s serem usados por um usu\u00e1rio.&nbsp;<br>&nbsp;<br>A presente vers\u00e3o desta Pol\u00edtica de Cookies foi atualizada pela \u00faltima vez em: 11\/01\/2024&nbsp;<\/p>\n","protected":false},"excerpt":{"rendered":"<p>Pol\u00edtica de Cookies ESTILO DECORA\u00c7\u00d5ES Vers\u00e3o 1.0 de 11 de janeiro de 2024\u00a0 1. INFORMA\u00c7\u00d5ES INICIAIS&nbsp; &nbsp;Cookies s\u00e3o pequenos arquivos de texto enviados pelo navegador ao dispositivo do usu\u00e1rio, onde ficam armazenados. Esses arquivos cont\u00eam informa\u00e7\u00f5es relacionadas \u00e0 navega\u00e7\u00e3o do site.&nbsp; &nbsp;Por meio dos cookies, pequenas quantidades de informa\u00e7\u00e3o s\u00e3o armazenadas pelo navegador do usu\u00e1rio [&hellip;]<\/p>\n","protected":false},"author":1,"featured_media":0,"parent":0,"menu_order":0,"comment_status":"closed","ping_status":"closed","template":"","meta":{"footnotes":""},"class_list":["post-121","page","type-page","status-publish","hentry"],"acf":[],"_links":{"self":[{"href":"https:\/\/wordpress.plataformadeteste.com.br\/estilodecoracoes\/wp-json\/wp\/v2\/pages\/121","targetHints":{"allow":["GET"]}}],"collection":[{"href":"https:\/\/wordpress.plataformadeteste.com.br\/estilodecoracoes\/wp-json\/wp\/v2\/pages"}],"about":[{"href":"https:\/\/wordpress.plataformadeteste.com.br\/estilodecoracoes\/wp-json\/wp\/v2\/types\/page"}],"author":[{"embeddable":true,"href":"https:\/\/wordpress.plataformadeteste.com.br\/estilodecoracoes\/wp-json\/wp\/v2\/users\/1"}],"replies":[{"embeddable":true,"href":"https:\/\/wordpress.plataformadeteste.com.br\/estilodecoracoes\/wp-json\/wp\/v2\/comments?post=121"}],"version-history":[{"count":2,"href":"https:\/\/wordpress.plataformadeteste.com.br\/estilodecoracoes\/wp-json\/wp\/v2\/pages\/121\/revisions"}],"predecessor-version":[{"id":126,"href":"https:\/\/wordpress.plataformadeteste.com.br\/estilodecoracoes\/wp-json\/wp\/v2\/pages\/121\/revisions\/126"}],"wp:attachment":[{"href":"https:\/\/wordpress.plataformadeteste.com.br\/estilodecoracoes\/wp-json\/wp\/v2\/media?parent=121"}],"curies":[{"name":"wp","href":"https:\/\/api.w.org\/{rel}","templated":true}]}}