{"id":784,"date":"2022-02-10T10:56:59","date_gmt":"2022-02-10T13:56:59","guid":{"rendered":"https:\/\/centralpaulista.com.br\/?post_type=product&#038;p=784"},"modified":"2022-02-15T11:03:12","modified_gmt":"2022-02-15T14:03:12","slug":"registro-geral-do-animal-rga","status":"publish","type":"product","link":"https:\/\/wordpress.plataformadeteste.com.br\/centralpaulista\/produto\/registro-geral-do-animal-rga\/","title":{"rendered":"Registro Geral do Animal (RGA)"},"content":{"rendered":"<p>O Registro Geral do Animal (RGA) consiste em um documento digital emitido a partir de um sistema de cadastramento de animais de estima\u00e7\u00e3o. A carteira de identidade para pets possui um n\u00famero de identifica\u00e7\u00e3o exclusivo e intransfer\u00edvel para cada animal registrado.<\/p>\n<p><strong><br \/>\nO que o Registro Geral do Animal (RGA) fornece?<\/strong><\/p>\n<ul>\n<li>Documento timbrado com n\u00famero de identifica\u00e7\u00e3o \u00fanico;<\/li>\n<li>Registro de dados sobre o pet;<\/li>\n<li>Informa\u00e7\u00f5es gerais da pessoa respons\u00e1vel pelo animal;<\/li>\n<li>Plaqueta de identifica\u00e7\u00e3o para coleira.<\/li>\n<\/ul>\n<p>A plaqueta de identifica\u00e7\u00e3o cont\u00e9m o mesmo n\u00famero de identifica\u00e7\u00e3o do RGA emitido para o pet e deve ser fixada na coleira do animal. Dessa maneira, em caso de animais perdidos, \u00e9 poss\u00edvel localizar e entrar em contato com os respons\u00e1veis com muito mais facilidade, uma vez que o RGA vincula as informa\u00e7\u00f5es cadastrais do tutor e seu animal.<\/p>\n<p><em><strong>A empresa CENTRAL PAULISTA, al\u00e9m do documento digital e da plaqueta de identifica\u00e7\u00e3o, disponibiliza ao propriet\u00e1rio do animal, o documento em formato impresso (Cart\u00e3o PVC).<\/strong><\/em><\/p>\n<p><strong><br \/>\nO Registro Geral do Animal (RGA) \u00e9 obrigat\u00f3rio?<\/strong><\/p>\n<p>Sim, o RGA \u00e9 obrigat\u00f3rio para todos os c\u00e3es e gatos com idade superior a tr\u00eas meses na cidade de S\u00e3o Paulo. O registro para pets foi estabelecido pela Lei Municipal 13.131\/2001.<\/p>\n<p>&nbsp;<\/p>\n<p><strong>Quais os documentos necess\u00e1rios para emitir o Registro Geral do Animal (RGA)?<\/strong><\/p>\n<ul>\n<li>Foto do animal para a carteira de identidade;<\/li>\n<li>Atestado de vacina\u00e7\u00e3o contra raiva com assinatura de m\u00e9dico veterin\u00e1rio particular ou comprovante de vacina\u00e7\u00e3o emitido pela Prefeitura;<\/li>\n<li>Documento de identifica\u00e7\u00e3o oficial da pessoa respons\u00e1vel pelo pet (RG\/CNH);<\/li>\n<li>Comprovante de endere\u00e7o emitido em at\u00e9 90 dias e no pr\u00f3prio nome do respons\u00e1vel pelo animal.<\/li>\n<\/ul>\n<p>&nbsp;<\/p>\n<p><strong>Como obter o Registro Geral do Animal (RGA)?<\/strong><\/p>\n<p><a href=\"https:\/\/api.whatsapp.com\/send?phone=55113231-2377\">Clique aqui<\/a> entre em contato com a Central Paulista.<\/p>\n<p>Vamos te auxiliar em todo o processo para a emiss\u00e3o da carteira de identidade para o seu pet.<\/p>\n<p>&nbsp;<\/p>\n<p><strong>Central Paulista<\/strong><\/p>\n<ul>\n<li>Desde 1977, sendo um facilitador para a obten\u00e7\u00e3o de documentos, certid\u00f5es e pesquisas;<\/li>\n<li>Atendimento r\u00e1pido e garantido;<\/li>\n<li>Agilidade no prazo de entrega;<\/li>\n<li>Avalia\u00e7\u00f5es 100% positivas no Google.<\/li>\n<\/ul>\n","protected":false},"excerpt":{"rendered":"<p>O Registro Geral do Animal (RGA) consiste em um documento digital emitido a partir de um sistema de cadastramento de animais de estima\u00e7\u00e3o. A carteira de identidade para pets possui um n\u00famero de identifica\u00e7\u00e3o exclusivo e intransfer\u00edvel para cada animal registrado. O que o Registro Geral do Animal (RGA) fornece? Documento timbrado com n\u00famero de [&hellip;]<\/p>\n","protected":false},"featured_media":805,"comment_status":"open","ping_status":"closed","template":"","meta":[],"product_cat":[125],"product_tag":[131,129,130,127,128,126],"class_list":["post-784","product","type-product","status-publish","has-post-thumbnail","hentry","product_cat-pet","product_tag-documento-de-animais","product_tag-registro-geral-de-animais","product_tag-registro-geral-de-animais-rga","product_tag-rg-de-cachorro","product_tag-rg-de-gato","product_tag-rga"],"yoast_head":"<!-- This site is optimized with the Yoast SEO plugin v20.4 - https:\/\/yoast.com\/wordpress\/plugins\/seo\/ -->\n<title>Registro Geral do Animal (RGA) - Central Paulista - Certid\u00f5es, Pesquisas Forenses e Cartor\u00e1rias<\/title>\n<meta name=\"description\" content=\"O Registro Geral do Animal (RGA) informa os dados sobre o animal de estima\u00e7\u00e3o e informa\u00e7\u00f5es gerais do tutor respons\u00e1vel pelo pet. E obrigat\u00f3rio para todos os c\u00e3es e gatos com idade superior a tr\u00eas meses na cidade de S\u00e3o Paulo. O registro para pets foi estabelecido pela Lei Municipal 13.131\/2001.\" \/>\n<meta name=\"robots\" content=\"noindex, follow, max-snippet:-1, max-image-preview:large, max-video-preview:-1\" \/>\n<meta property=\"og:locale\" content=\"pt_BR\" \/>\n<meta property=\"og:type\" content=\"article\" \/>\n<meta property=\"og:title\" content=\"Registro Geral do Animal (RGA) - Central Paulista - Certid\u00f5es, Pesquisas Forenses e Cartor\u00e1rias\" \/>\n<meta property=\"og:description\" content=\"O Registro Geral do Animal (RGA) informa os dados sobre o animal de estima\u00e7\u00e3o e informa\u00e7\u00f5es gerais do tutor respons\u00e1vel pelo pet. E obrigat\u00f3rio para todos os c\u00e3es e gatos com idade superior a tr\u00eas meses na cidade de S\u00e3o Paulo. O registro para pets foi estabelecido pela Lei Municipal 13.131\/2001.\" \/>\n<meta property=\"og:url\" content=\"https:\/\/wordpress.plataformadeteste.com.br\/centralpaulista\/produto\/registro-geral-do-animal-rga\/\" \/>\n<meta property=\"og:site_name\" content=\"Central Paulista - Certid\u00f5es, Pesquisas Forenses e Cartor\u00e1rias\" \/>\n<meta property=\"article:modified_time\" content=\"2022-02-15T14:03:12+00:00\" \/>\n<meta property=\"og:image\" content=\"https:\/\/wordpress.plataformadeteste.com.br\/centralpaulista\/wp-content\/uploads\/2022\/02\/rga.jpg\" \/>\n\t<meta property=\"og:image:width\" content=\"793\" \/>\n\t<meta property=\"og:image:height\" content=\"532\" \/>\n\t<meta property=\"og:image:type\" content=\"image\/jpeg\" \/>\n<meta name=\"twitter:card\" content=\"summary_large_image\" \/>\n<script type=\"application\/ld+json\" class=\"yoast-schema-graph\">{\"@context\":\"https:\/\/schema.org\",\"@graph\":[{\"@type\":\"WebPage\",\"@id\":\"https:\/\/wordpress.plataformadeteste.com.br\/centralpaulista\/produto\/registro-geral-do-animal-rga\/\",\"url\":\"https:\/\/wordpress.plataformadeteste.com.br\/centralpaulista\/produto\/registro-geral-do-animal-rga\/\",\"name\":\"Registro Geral do Animal (RGA) - Central Paulista - Certid\u00f5es, Pesquisas Forenses e Cartor\u00e1rias\",\"isPartOf\":{\"@id\":\"https:\/\/wordpress.plataformadeteste.com.br\/centralpaulista\/#website\"},\"datePublished\":\"2022-02-10T13:56:59+00:00\",\"dateModified\":\"2022-02-15T14:03:12+00:00\",\"description\":\"O Registro Geral do Animal (RGA) informa os dados sobre o animal de estima\u00e7\u00e3o e informa\u00e7\u00f5es gerais do tutor respons\u00e1vel pelo pet. E obrigat\u00f3rio para todos os c\u00e3es e gatos com idade superior a tr\u00eas meses na cidade de S\u00e3o Paulo. O registro para pets foi estabelecido pela Lei Municipal 13.131\/2001.\",\"breadcrumb\":{\"@id\":\"https:\/\/wordpress.plataformadeteste.com.br\/centralpaulista\/produto\/registro-geral-do-animal-rga\/#breadcrumb\"},\"inLanguage\":\"pt-BR\",\"potentialAction\":[{\"@type\":\"ReadAction\",\"target\":[\"https:\/\/wordpress.plataformadeteste.com.br\/centralpaulista\/produto\/registro-geral-do-animal-rga\/\"]}]},{\"@type\":\"BreadcrumbList\",\"@id\":\"https:\/\/wordpress.plataformadeteste.com.br\/centralpaulista\/produto\/registro-geral-do-animal-rga\/#breadcrumb\",\"itemListElement\":[{\"@type\":\"ListItem\",\"position\":1,\"name\":\"In\u00edcio\",\"item\":\"https:\/\/wordpress.plataformadeteste.com.br\/centralpaulista\/\"},{\"@type\":\"ListItem\",\"position\":2,\"name\":\"Servi\u00e7os\",\"item\":\"https:\/\/wordpress.plataformadeteste.com.br\/centralpaulista\/servicos\/\"},{\"@type\":\"ListItem\",\"position\":3,\"name\":\"Registro Geral do Animal (RGA)\"}]},{\"@type\":\"WebSite\",\"@id\":\"https:\/\/wordpress.plataformadeteste.com.br\/centralpaulista\/#website\",\"url\":\"https:\/\/wordpress.plataformadeteste.com.br\/centralpaulista\/\",\"name\":\"Central Paulista - Certid\u00f5es, Pesquisas Forenses e Cartor\u00e1rias\",\"description\":\"Somos uma empresa prestadora de servi\u00e7os no setor de informa\u00e7\u00f5es e cadastro de pessoas f\u00edsicas, pessoas jur\u00eddicas e im\u00f3veis. Nosso trabalho \u00e9 simplificar e garantir a seguran\u00e7a em diferentes tipos de transa\u00e7\u00f5es comerciais. Atuamos nesse mercado desde 1977, fornecendo certid\u00f5es e realizando consultas completas no \u00e2mbito federal, estadual e municipal para todo o Brasil.\",\"potentialAction\":[{\"@type\":\"SearchAction\",\"target\":{\"@type\":\"EntryPoint\",\"urlTemplate\":\"https:\/\/wordpress.plataformadeteste.com.br\/centralpaulista\/?s={search_term_string}\"},\"query-input\":\"required name=search_term_string\"}],\"inLanguage\":\"pt-BR\"}]}<\/script>\n<!-- \/ Yoast SEO plugin. -->","yoast_head_json":{"title":"Registro Geral do Animal (RGA) - Central Paulista - Certid\u00f5es, Pesquisas Forenses e Cartor\u00e1rias","description":"O Registro Geral do Animal (RGA) informa os dados sobre o animal de estima\u00e7\u00e3o e informa\u00e7\u00f5es gerais do tutor respons\u00e1vel pelo pet. E obrigat\u00f3rio para todos os c\u00e3es e gatos com idade superior a tr\u00eas meses na cidade de S\u00e3o Paulo. O registro para pets foi estabelecido pela Lei Municipal 13.131\/2001.","robots":{"index":"noindex","follow":"follow","max-snippet":"max-snippet:-1","max-image-preview":"max-image-preview:large","max-video-preview":"max-video-preview:-1"},"og_locale":"pt_BR","og_type":"article","og_title":"Registro Geral do Animal (RGA) - Central Paulista - Certid\u00f5es, Pesquisas Forenses e Cartor\u00e1rias","og_description":"O Registro Geral do Animal (RGA) informa os dados sobre o animal de estima\u00e7\u00e3o e informa\u00e7\u00f5es gerais do tutor respons\u00e1vel pelo pet. E obrigat\u00f3rio para todos os c\u00e3es e gatos com idade superior a tr\u00eas meses na cidade de S\u00e3o Paulo. O registro para pets foi estabelecido pela Lei Municipal 13.131\/2001.","og_url":"https:\/\/wordpress.plataformadeteste.com.br\/centralpaulista\/produto\/registro-geral-do-animal-rga\/","og_site_name":"Central Paulista - Certid\u00f5es, Pesquisas Forenses e Cartor\u00e1rias","article_modified_time":"2022-02-15T14:03:12+00:00","og_image":[{"width":793,"height":532,"url":"https:\/\/wordpress.plataformadeteste.com.br\/centralpaulista\/wp-content\/uploads\/2022\/02\/rga.jpg","type":"image\/jpeg"}],"twitter_card":"summary_large_image","schema":{"@context":"https:\/\/schema.org","@graph":[{"@type":"WebPage","@id":"https:\/\/wordpress.plataformadeteste.com.br\/centralpaulista\/produto\/registro-geral-do-animal-rga\/","url":"https:\/\/wordpress.plataformadeteste.com.br\/centralpaulista\/produto\/registro-geral-do-animal-rga\/","name":"Registro Geral do Animal (RGA) - Central Paulista - Certid\u00f5es, Pesquisas Forenses e Cartor\u00e1rias","isPartOf":{"@id":"https:\/\/wordpress.plataformadeteste.com.br\/centralpaulista\/#website"},"datePublished":"2022-02-10T13:56:59+00:00","dateModified":"2022-02-15T14:03:12+00:00","description":"O Registro Geral do Animal (RGA) informa os dados sobre o animal de estima\u00e7\u00e3o e informa\u00e7\u00f5es gerais do tutor respons\u00e1vel pelo pet. E obrigat\u00f3rio para todos os c\u00e3es e gatos com idade superior a tr\u00eas meses na cidade de S\u00e3o Paulo. O registro para pets foi estabelecido pela Lei Municipal 13.131\/2001.","breadcrumb":{"@id":"https:\/\/wordpress.plataformadeteste.com.br\/centralpaulista\/produto\/registro-geral-do-animal-rga\/#breadcrumb"},"inLanguage":"pt-BR","potentialAction":[{"@type":"ReadAction","target":["https:\/\/wordpress.plataformadeteste.com.br\/centralpaulista\/produto\/registro-geral-do-animal-rga\/"]}]},{"@type":"BreadcrumbList","@id":"https:\/\/wordpress.plataformadeteste.com.br\/centralpaulista\/produto\/registro-geral-do-animal-rga\/#breadcrumb","itemListElement":[{"@type":"ListItem","position":1,"name":"In\u00edcio","item":"https:\/\/wordpress.plataformadeteste.com.br\/centralpaulista\/"},{"@type":"ListItem","position":2,"name":"Servi\u00e7os","item":"https:\/\/wordpress.plataformadeteste.com.br\/centralpaulista\/servicos\/"},{"@type":"ListItem","position":3,"name":"Registro Geral do Animal (RGA)"}]},{"@type":"WebSite","@id":"https:\/\/wordpress.plataformadeteste.com.br\/centralpaulista\/#website","url":"https:\/\/wordpress.plataformadeteste.com.br\/centralpaulista\/","name":"Central Paulista - Certid\u00f5es, Pesquisas Forenses e Cartor\u00e1rias","description":"Somos uma empresa prestadora de servi\u00e7os no setor de informa\u00e7\u00f5es e cadastro de pessoas f\u00edsicas, pessoas jur\u00eddicas e im\u00f3veis. Nosso trabalho \u00e9 simplificar e garantir a seguran\u00e7a em diferentes tipos de transa\u00e7\u00f5es comerciais. Atuamos nesse mercado desde 1977, fornecendo certid\u00f5es e realizando consultas completas no \u00e2mbito federal, estadual e municipal para todo o Brasil.","potentialAction":[{"@type":"SearchAction","target":{"@type":"EntryPoint","urlTemplate":"https:\/\/wordpress.plataformadeteste.com.br\/centralpaulista\/?s={search_term_string}"},"query-input":"required name=search_term_string"}],"inLanguage":"pt-BR"}]}},"_links":{"self":[{"href":"https:\/\/wordpress.plataformadeteste.com.br\/centralpaulista\/wp-json\/wp\/v2\/product\/784","targetHints":{"allow":["GET"]}}],"collection":[{"href":"https:\/\/wordpress.plataformadeteste.com.br\/centralpaulista\/wp-json\/wp\/v2\/product"}],"about":[{"href":"https:\/\/wordpress.plataformadeteste.com.br\/centralpaulista\/wp-json\/wp\/v2\/types\/product"}],"replies":[{"embeddable":true,"href":"https:\/\/wordpress.plataformadeteste.com.br\/centralpaulista\/wp-json\/wp\/v2\/comments?post=784"}],"wp:featuredmedia":[{"embeddable":true,"href":"https:\/\/wordpress.plataformadeteste.com.br\/centralpaulista\/wp-json\/wp\/v2\/media\/805"}],"wp:attachment":[{"href":"https:\/\/wordpress.plataformadeteste.com.br\/centralpaulista\/wp-json\/wp\/v2\/media?parent=784"}],"wp:term":[{"taxonomy":"product_cat","embeddable":true,"href":"https:\/\/wordpress.plataformadeteste.com.br\/centralpaulista\/wp-json\/wp\/v2\/product_cat?post=784"},{"taxonomy":"product_tag","embeddable":true,"href":"https:\/\/wordpress.plataformadeteste.com.br\/centralpaulista\/wp-json\/wp\/v2\/product_tag?post=784"}],"curies":[{"name":"wp","href":"https:\/\/api.w.org\/{rel}","templated":true}]}}