{"id":774,"date":"2022-02-04T10:37:43","date_gmt":"2022-02-04T13:37:43","guid":{"rendered":"https:\/\/centralpaulista.com.br\/?post_type=product&#038;p=774"},"modified":"2023-09-27T15:28:16","modified_gmt":"2023-09-27T18:28:16","slug":"abertura-de-inventario-e-arrolamento-de-bens","status":"publish","type":"product","link":"https:\/\/wordpress.plataformadeteste.com.br\/centralpaulista\/produto\/abertura-de-inventario-e-arrolamento-de-bens\/","title":{"rendered":"Abertura de Invent\u00e1rio e Arrolamento de Bens"},"content":{"rendered":"<p>Ap\u00f3s o \u00f3bito da pessoa, ocorre a abertura da sucess\u00e3o. Ou seja, a divis\u00e3o do patrim\u00f4nio do indiv\u00edduo e a sua transmiss\u00e3o aos respectivos sucessores legais ou aqueles que estejam em testamento.<\/p>\n<p>Ao final do invent\u00e1rio ou Arrolamento, \u00e9 feita a partilha formal de bens aos sucessores leg\u00edtimos. Ent\u00e3o, eles devem fazer o pagamento das d\u00edvidas e impostos devidos.<\/p>\n<p>O processo de invent\u00e1rio ou Arrolamento e partilha deve ser aberto dentro de um prazo m\u00e1ximo de 60 (sessenta) dias a contar do \u00d3bito.<\/p>\n<p>Para isso \u00e9 necess\u00e1ria a contrata\u00e7\u00e3o e assessoria jur\u00eddica de um bom advogado:<\/p>\n<ul>\n<li>Honor\u00e1rios;<\/li>\n<li>ITCMD;<\/li>\n<li>Escritura;<\/li>\n<li>Certid\u00f5es;<\/li>\n<li>Registro do Im\u00f3vel.<\/li>\n<\/ul>\n<p><strong>Central Paulista<\/strong><\/p>\n<ul>\n<li>Desde 1977, sendo um facilitador para a obten\u00e7\u00e3o de documentos, certid\u00f5es e pesquisas;<\/li>\n<li>Atendimento r\u00e1pido e garantido;<\/li>\n<li>Agilidade no prazo de entrega;<\/li>\n<li>Avalia\u00e7\u00f5es 100% positivas no Google.<\/li>\n<\/ul>\n","protected":false},"excerpt":{"rendered":"<p>Ap\u00f3s o \u00f3bito da pessoa, ocorre a abertura da sucess\u00e3o. Ou seja, a divis\u00e3o do patrim\u00f4nio do indiv\u00edduo e a sua transmiss\u00e3o aos respectivos sucessores legais ou aqueles que estejam em testamento. Ao final do invent\u00e1rio ou Arrolamento, \u00e9 feita a partilha formal de bens aos sucessores leg\u00edtimos. Ent\u00e3o, eles devem fazer o pagamento das [&hellip;]<\/p>\n","protected":false},"featured_media":0,"comment_status":"open","ping_status":"closed","template":"","meta":[],"product_cat":[124],"product_tag":[],"class_list":["post-774","product","type-product","status-publish","hentry","product_cat-abertura-de-inventario-e-arrolamento-de-bens"],"yoast_head":"<!-- This site is optimized with the Yoast SEO plugin v20.4 - https:\/\/yoast.com\/wordpress\/plugins\/seo\/ -->\n<title>Abertura de Invent\u00e1rio e Arrolamento de Bens<\/title>\n<meta name=\"description\" content=\"A abertura de um Invent\u00e1rio ou Arrolamento de bens, deve ser feita com o \u00f3bito do autor da heran\u00e7a (Casa, Carro, S\u00edtios e outros), sendo transmitido aos herdeiros, leg\u00edtimos e testament\u00e1rios.\" \/>\n<meta name=\"robots\" content=\"noindex, follow, max-snippet:-1, max-image-preview:large, max-video-preview:-1\" \/>\n<meta property=\"og:locale\" content=\"pt_BR\" \/>\n<meta property=\"og:type\" content=\"article\" \/>\n<meta property=\"og:title\" content=\"Abertura de Invent\u00e1rio e Arrolamento de Bens\" \/>\n<meta property=\"og:description\" content=\"A abertura de um Invent\u00e1rio ou Arrolamento de bens, deve ser feita com o \u00f3bito do autor da heran\u00e7a (Casa, Carro, S\u00edtios e outros), sendo transmitido aos herdeiros, leg\u00edtimos e testament\u00e1rios.\" \/>\n<meta property=\"og:url\" content=\"https:\/\/wordpress.plataformadeteste.com.br\/centralpaulista\/produto\/abertura-de-inventario-e-arrolamento-de-bens\/\" \/>\n<meta property=\"og:site_name\" content=\"Central Paulista - Certid\u00f5es, Pesquisas Forenses e Cartor\u00e1rias\" \/>\n<meta property=\"article:modified_time\" content=\"2023-09-27T18:28:16+00:00\" \/>\n<meta name=\"twitter:card\" content=\"summary_large_image\" \/>\n<script type=\"application\/ld+json\" class=\"yoast-schema-graph\">{\"@context\":\"https:\/\/schema.org\",\"@graph\":[{\"@type\":\"WebPage\",\"@id\":\"https:\/\/wordpress.plataformadeteste.com.br\/centralpaulista\/produto\/abertura-de-inventario-e-arrolamento-de-bens\/\",\"url\":\"https:\/\/wordpress.plataformadeteste.com.br\/centralpaulista\/produto\/abertura-de-inventario-e-arrolamento-de-bens\/\",\"name\":\"Abertura de Invent\u00e1rio e Arrolamento de Bens\",\"isPartOf\":{\"@id\":\"https:\/\/wordpress.plataformadeteste.com.br\/centralpaulista\/#website\"},\"datePublished\":\"2022-02-04T13:37:43+00:00\",\"dateModified\":\"2023-09-27T18:28:16+00:00\",\"description\":\"A abertura de um Invent\u00e1rio ou Arrolamento de bens, deve ser feita com o \u00f3bito do autor da heran\u00e7a (Casa, Carro, S\u00edtios e outros), sendo transmitido aos herdeiros, leg\u00edtimos e testament\u00e1rios.\",\"breadcrumb\":{\"@id\":\"https:\/\/wordpress.plataformadeteste.com.br\/centralpaulista\/produto\/abertura-de-inventario-e-arrolamento-de-bens\/#breadcrumb\"},\"inLanguage\":\"pt-BR\",\"potentialAction\":[{\"@type\":\"ReadAction\",\"target\":[\"https:\/\/wordpress.plataformadeteste.com.br\/centralpaulista\/produto\/abertura-de-inventario-e-arrolamento-de-bens\/\"]}]},{\"@type\":\"BreadcrumbList\",\"@id\":\"https:\/\/wordpress.plataformadeteste.com.br\/centralpaulista\/produto\/abertura-de-inventario-e-arrolamento-de-bens\/#breadcrumb\",\"itemListElement\":[{\"@type\":\"ListItem\",\"position\":1,\"name\":\"In\u00edcio\",\"item\":\"https:\/\/wordpress.plataformadeteste.com.br\/centralpaulista\/\"},{\"@type\":\"ListItem\",\"position\":2,\"name\":\"Servi\u00e7os\",\"item\":\"https:\/\/wordpress.plataformadeteste.com.br\/centralpaulista\/servicos\/\"},{\"@type\":\"ListItem\",\"position\":3,\"name\":\"Abertura de Invent\u00e1rio e Arrolamento de Bens\"}]},{\"@type\":\"WebSite\",\"@id\":\"https:\/\/wordpress.plataformadeteste.com.br\/centralpaulista\/#website\",\"url\":\"https:\/\/wordpress.plataformadeteste.com.br\/centralpaulista\/\",\"name\":\"Central Paulista - Certid\u00f5es, Pesquisas Forenses e Cartor\u00e1rias\",\"description\":\"Somos uma empresa prestadora de servi\u00e7os no setor de informa\u00e7\u00f5es e cadastro de pessoas f\u00edsicas, pessoas jur\u00eddicas e im\u00f3veis. Nosso trabalho \u00e9 simplificar e garantir a seguran\u00e7a em diferentes tipos de transa\u00e7\u00f5es comerciais. Atuamos nesse mercado desde 1977, fornecendo certid\u00f5es e realizando consultas completas no \u00e2mbito federal, estadual e municipal para todo o Brasil.\",\"potentialAction\":[{\"@type\":\"SearchAction\",\"target\":{\"@type\":\"EntryPoint\",\"urlTemplate\":\"https:\/\/wordpress.plataformadeteste.com.br\/centralpaulista\/?s={search_term_string}\"},\"query-input\":\"required name=search_term_string\"}],\"inLanguage\":\"pt-BR\"}]}<\/script>\n<!-- \/ Yoast SEO plugin. -->","yoast_head_json":{"title":"Abertura de Invent\u00e1rio e Arrolamento de Bens","description":"A abertura de um Invent\u00e1rio ou Arrolamento de bens, deve ser feita com o \u00f3bito do autor da heran\u00e7a (Casa, Carro, S\u00edtios e outros), sendo transmitido aos herdeiros, leg\u00edtimos e testament\u00e1rios.","robots":{"index":"noindex","follow":"follow","max-snippet":"max-snippet:-1","max-image-preview":"max-image-preview:large","max-video-preview":"max-video-preview:-1"},"og_locale":"pt_BR","og_type":"article","og_title":"Abertura de Invent\u00e1rio e Arrolamento de Bens","og_description":"A abertura de um Invent\u00e1rio ou Arrolamento de bens, deve ser feita com o \u00f3bito do autor da heran\u00e7a (Casa, Carro, S\u00edtios e outros), sendo transmitido aos herdeiros, leg\u00edtimos e testament\u00e1rios.","og_url":"https:\/\/wordpress.plataformadeteste.com.br\/centralpaulista\/produto\/abertura-de-inventario-e-arrolamento-de-bens\/","og_site_name":"Central Paulista - Certid\u00f5es, Pesquisas Forenses e Cartor\u00e1rias","article_modified_time":"2023-09-27T18:28:16+00:00","twitter_card":"summary_large_image","schema":{"@context":"https:\/\/schema.org","@graph":[{"@type":"WebPage","@id":"https:\/\/wordpress.plataformadeteste.com.br\/centralpaulista\/produto\/abertura-de-inventario-e-arrolamento-de-bens\/","url":"https:\/\/wordpress.plataformadeteste.com.br\/centralpaulista\/produto\/abertura-de-inventario-e-arrolamento-de-bens\/","name":"Abertura de Invent\u00e1rio e Arrolamento de Bens","isPartOf":{"@id":"https:\/\/wordpress.plataformadeteste.com.br\/centralpaulista\/#website"},"datePublished":"2022-02-04T13:37:43+00:00","dateModified":"2023-09-27T18:28:16+00:00","description":"A abertura de um Invent\u00e1rio ou Arrolamento de bens, deve ser feita com o \u00f3bito do autor da heran\u00e7a (Casa, Carro, S\u00edtios e outros), sendo transmitido aos herdeiros, leg\u00edtimos e testament\u00e1rios.","breadcrumb":{"@id":"https:\/\/wordpress.plataformadeteste.com.br\/centralpaulista\/produto\/abertura-de-inventario-e-arrolamento-de-bens\/#breadcrumb"},"inLanguage":"pt-BR","potentialAction":[{"@type":"ReadAction","target":["https:\/\/wordpress.plataformadeteste.com.br\/centralpaulista\/produto\/abertura-de-inventario-e-arrolamento-de-bens\/"]}]},{"@type":"BreadcrumbList","@id":"https:\/\/wordpress.plataformadeteste.com.br\/centralpaulista\/produto\/abertura-de-inventario-e-arrolamento-de-bens\/#breadcrumb","itemListElement":[{"@type":"ListItem","position":1,"name":"In\u00edcio","item":"https:\/\/wordpress.plataformadeteste.com.br\/centralpaulista\/"},{"@type":"ListItem","position":2,"name":"Servi\u00e7os","item":"https:\/\/wordpress.plataformadeteste.com.br\/centralpaulista\/servicos\/"},{"@type":"ListItem","position":3,"name":"Abertura de Invent\u00e1rio e Arrolamento de Bens"}]},{"@type":"WebSite","@id":"https:\/\/wordpress.plataformadeteste.com.br\/centralpaulista\/#website","url":"https:\/\/wordpress.plataformadeteste.com.br\/centralpaulista\/","name":"Central Paulista - Certid\u00f5es, Pesquisas Forenses e Cartor\u00e1rias","description":"Somos uma empresa prestadora de servi\u00e7os no setor de informa\u00e7\u00f5es e cadastro de pessoas f\u00edsicas, pessoas jur\u00eddicas e im\u00f3veis. Nosso trabalho \u00e9 simplificar e garantir a seguran\u00e7a em diferentes tipos de transa\u00e7\u00f5es comerciais. Atuamos nesse mercado desde 1977, fornecendo certid\u00f5es e realizando consultas completas no \u00e2mbito federal, estadual e municipal para todo o Brasil.","potentialAction":[{"@type":"SearchAction","target":{"@type":"EntryPoint","urlTemplate":"https:\/\/wordpress.plataformadeteste.com.br\/centralpaulista\/?s={search_term_string}"},"query-input":"required name=search_term_string"}],"inLanguage":"pt-BR"}]}},"_links":{"self":[{"href":"https:\/\/wordpress.plataformadeteste.com.br\/centralpaulista\/wp-json\/wp\/v2\/product\/774","targetHints":{"allow":["GET"]}}],"collection":[{"href":"https:\/\/wordpress.plataformadeteste.com.br\/centralpaulista\/wp-json\/wp\/v2\/product"}],"about":[{"href":"https:\/\/wordpress.plataformadeteste.com.br\/centralpaulista\/wp-json\/wp\/v2\/types\/product"}],"replies":[{"embeddable":true,"href":"https:\/\/wordpress.plataformadeteste.com.br\/centralpaulista\/wp-json\/wp\/v2\/comments?post=774"}],"wp:attachment":[{"href":"https:\/\/wordpress.plataformadeteste.com.br\/centralpaulista\/wp-json\/wp\/v2\/media?parent=774"}],"wp:term":[{"taxonomy":"product_cat","embeddable":true,"href":"https:\/\/wordpress.plataformadeteste.com.br\/centralpaulista\/wp-json\/wp\/v2\/product_cat?post=774"},{"taxonomy":"product_tag","embeddable":true,"href":"https:\/\/wordpress.plataformadeteste.com.br\/centralpaulista\/wp-json\/wp\/v2\/product_tag?post=774"}],"curies":[{"name":"wp","href":"https:\/\/api.w.org\/{rel}","templated":true}]}}