{"id":768,"date":"2022-02-04T10:20:33","date_gmt":"2022-02-04T13:20:33","guid":{"rendered":"https:\/\/centralpaulista.com.br\/?post_type=product&#038;p=768"},"modified":"2022-02-04T10:20:33","modified_gmt":"2022-02-04T13:20:33","slug":"certidao-de-transcricao","status":"publish","type":"product","link":"https:\/\/wordpress.plataformadeteste.com.br\/centralpaulista\/produto\/certidao-de-transcricao\/","title":{"rendered":"Certid\u00e3o de Transcri\u00e7\u00e3o"},"content":{"rendered":"<p><strong>Outras finalidades para a solicita\u00e7\u00e3o da Certid\u00e3o de Transcri\u00e7\u00e3o?<\/strong><\/p>\n<ul>\n<li>Compor processo(s) de compra e venda de im\u00f3vel(is);<\/li>\n<li>Compor processo(s) de financiamento(s);<\/li>\n<li>Compor processo(s) de Invent\u00e1rio;<\/li>\n<li>E outros.<\/li>\n<\/ul>\n<p>&nbsp;<\/p>\n<p><strong>Como solicitar a Certid\u00e3o de Certid\u00e3o de Transcri\u00e7\u00e3o?<\/strong><\/p>\n<p>Para solicitar a Certid\u00e3o de Transcri\u00e7\u00e3o, adicione este servi\u00e7o ao seu carrinho.<\/p>\n<p>&nbsp;<\/p>\n<p><strong>Qual(is) o(s) dado(s) necess\u00e1rio(s) para solicitar a Certid\u00e3o de Transcri\u00e7\u00e3o?<\/strong><\/p>\n<ul>\n<li>\n<p dir=\"ltr\">N\u00famero da Transcri\u00e7\u00e3o do Im\u00f3vel;<\/p>\n<\/li>\n<li>\n<p dir=\"ltr\">Cart\u00f3rio de Registro de Im\u00f3veis que est\u00e1 registrado;<\/p>\n<\/li>\n<li>\n<p dir=\"ltr\">Endere\u00e7o completo do im\u00f3vel;<\/p>\n<\/li>\n<li>\n<p dir=\"ltr\">Quadra;<\/p>\n<\/li>\n<li>\n<p dir=\"ltr\">Lote;<\/p>\n<\/li>\n<li>Data.<\/li>\n<\/ul>\n<p>&nbsp;<\/p>\n<p><strong>Central Paulista<\/strong><\/p>\n<ul>\n<li>Desde 1977, sendo um facilitador para a obten\u00e7\u00e3o de documentos, certid\u00f5es e pesquisas;<\/li>\n<li>Atendimento r\u00e1pido e garantido;<\/li>\n<li>Agilidade no prazo de entrega;<\/li>\n<li>Avalia\u00e7\u00f5es 100% positivas no Google.<\/li>\n<\/ul>\n","protected":false},"excerpt":{"rendered":"<p>Outras finalidades para a solicita\u00e7\u00e3o da Certid\u00e3o de Transcri\u00e7\u00e3o? Compor processo(s) de compra e venda de im\u00f3vel(is); Compor processo(s) de financiamento(s); Compor processo(s) de Invent\u00e1rio; E outros. &nbsp; Como solicitar a Certid\u00e3o de Certid\u00e3o de Transcri\u00e7\u00e3o? Para solicitar a Certid\u00e3o de Transcri\u00e7\u00e3o, adicione este servi\u00e7o ao seu carrinho. &nbsp; Qual(is) o(s) dado(s) necess\u00e1rio(s) para solicitar [&hellip;]<\/p>\n","protected":false},"featured_media":0,"comment_status":"open","ping_status":"closed","template":"","meta":[],"product_cat":[20],"product_tag":[104,105,106],"class_list":["post-768","product","type-product","status-publish","hentry","product_cat-cartorio-de-registro-de-imoveis","product_tag-certidao-de-propriedade","product_tag-certidao-de-transcricao","product_tag-certidao-de-transcricao-imobiliaria"],"yoast_head":"<!-- This site is optimized with the Yoast SEO plugin v20.4 - https:\/\/yoast.com\/wordpress\/plugins\/seo\/ -->\n<title>Certid\u00e3o de Transcri\u00e7\u00e3o - Central Paulista - Certid\u00f5es, Pesquisas Forenses e Cartor\u00e1rias<\/title>\n<meta name=\"robots\" content=\"noindex, follow, max-snippet:-1, max-image-preview:large, max-video-preview:-1\" \/>\n<meta property=\"og:locale\" content=\"pt_BR\" \/>\n<meta property=\"og:type\" content=\"article\" \/>\n<meta property=\"og:title\" content=\"Certid\u00e3o de Transcri\u00e7\u00e3o - Central Paulista - Certid\u00f5es, Pesquisas Forenses e Cartor\u00e1rias\" \/>\n<meta property=\"og:description\" content=\"Outras finalidades para a solicita\u00e7\u00e3o da Certid\u00e3o de Transcri\u00e7\u00e3o? Compor processo(s) de compra e venda de im\u00f3vel(is); Compor processo(s) de financiamento(s); Compor processo(s) de Invent\u00e1rio; E outros. &nbsp; Como solicitar a Certid\u00e3o de Certid\u00e3o de Transcri\u00e7\u00e3o? Para solicitar a Certid\u00e3o de Transcri\u00e7\u00e3o, adicione este servi\u00e7o ao seu carrinho. &nbsp; Qual(is) o(s) dado(s) necess\u00e1rio(s) para solicitar [&hellip;]\" \/>\n<meta property=\"og:url\" content=\"https:\/\/wordpress.plataformadeteste.com.br\/centralpaulista\/produto\/certidao-de-transcricao\/\" \/>\n<meta property=\"og:site_name\" content=\"Central Paulista - Certid\u00f5es, Pesquisas Forenses e Cartor\u00e1rias\" \/>\n<meta name=\"twitter:card\" content=\"summary_large_image\" \/>\n<script type=\"application\/ld+json\" class=\"yoast-schema-graph\">{\"@context\":\"https:\/\/schema.org\",\"@graph\":[{\"@type\":\"WebPage\",\"@id\":\"https:\/\/wordpress.plataformadeteste.com.br\/centralpaulista\/produto\/certidao-de-transcricao\/\",\"url\":\"https:\/\/wordpress.plataformadeteste.com.br\/centralpaulista\/produto\/certidao-de-transcricao\/\",\"name\":\"Certid\u00e3o de Transcri\u00e7\u00e3o - Central Paulista - Certid\u00f5es, Pesquisas Forenses e Cartor\u00e1rias\",\"isPartOf\":{\"@id\":\"https:\/\/wordpress.plataformadeteste.com.br\/centralpaulista\/#website\"},\"datePublished\":\"2022-02-04T13:20:33+00:00\",\"dateModified\":\"2022-02-04T13:20:33+00:00\",\"breadcrumb\":{\"@id\":\"https:\/\/wordpress.plataformadeteste.com.br\/centralpaulista\/produto\/certidao-de-transcricao\/#breadcrumb\"},\"inLanguage\":\"pt-BR\",\"potentialAction\":[{\"@type\":\"ReadAction\",\"target\":[\"https:\/\/wordpress.plataformadeteste.com.br\/centralpaulista\/produto\/certidao-de-transcricao\/\"]}]},{\"@type\":\"BreadcrumbList\",\"@id\":\"https:\/\/wordpress.plataformadeteste.com.br\/centralpaulista\/produto\/certidao-de-transcricao\/#breadcrumb\",\"itemListElement\":[{\"@type\":\"ListItem\",\"position\":1,\"name\":\"In\u00edcio\",\"item\":\"https:\/\/wordpress.plataformadeteste.com.br\/centralpaulista\/\"},{\"@type\":\"ListItem\",\"position\":2,\"name\":\"Servi\u00e7os\",\"item\":\"https:\/\/wordpress.plataformadeteste.com.br\/centralpaulista\/servicos\/\"},{\"@type\":\"ListItem\",\"position\":3,\"name\":\"Certid\u00e3o de Transcri\u00e7\u00e3o\"}]},{\"@type\":\"WebSite\",\"@id\":\"https:\/\/wordpress.plataformadeteste.com.br\/centralpaulista\/#website\",\"url\":\"https:\/\/wordpress.plataformadeteste.com.br\/centralpaulista\/\",\"name\":\"Central Paulista - Certid\u00f5es, Pesquisas Forenses e Cartor\u00e1rias\",\"description\":\"Somos uma empresa prestadora de servi\u00e7os no setor de informa\u00e7\u00f5es e cadastro de pessoas f\u00edsicas, pessoas jur\u00eddicas e im\u00f3veis. Nosso trabalho \u00e9 simplificar e garantir a seguran\u00e7a em diferentes tipos de transa\u00e7\u00f5es comerciais. Atuamos nesse mercado desde 1977, fornecendo certid\u00f5es e realizando consultas completas no \u00e2mbito federal, estadual e municipal para todo o Brasil.\",\"potentialAction\":[{\"@type\":\"SearchAction\",\"target\":{\"@type\":\"EntryPoint\",\"urlTemplate\":\"https:\/\/wordpress.plataformadeteste.com.br\/centralpaulista\/?s={search_term_string}\"},\"query-input\":\"required name=search_term_string\"}],\"inLanguage\":\"pt-BR\"}]}<\/script>\n<!-- \/ Yoast SEO plugin. -->","yoast_head_json":{"title":"Certid\u00e3o de Transcri\u00e7\u00e3o - Central Paulista - Certid\u00f5es, Pesquisas Forenses e Cartor\u00e1rias","robots":{"index":"noindex","follow":"follow","max-snippet":"max-snippet:-1","max-image-preview":"max-image-preview:large","max-video-preview":"max-video-preview:-1"},"og_locale":"pt_BR","og_type":"article","og_title":"Certid\u00e3o de Transcri\u00e7\u00e3o - Central Paulista - Certid\u00f5es, Pesquisas Forenses e Cartor\u00e1rias","og_description":"Outras finalidades para a solicita\u00e7\u00e3o da Certid\u00e3o de Transcri\u00e7\u00e3o? Compor processo(s) de compra e venda de im\u00f3vel(is); Compor processo(s) de financiamento(s); Compor processo(s) de Invent\u00e1rio; E outros. &nbsp; Como solicitar a Certid\u00e3o de Certid\u00e3o de Transcri\u00e7\u00e3o? Para solicitar a Certid\u00e3o de Transcri\u00e7\u00e3o, adicione este servi\u00e7o ao seu carrinho. &nbsp; Qual(is) o(s) dado(s) necess\u00e1rio(s) para solicitar [&hellip;]","og_url":"https:\/\/wordpress.plataformadeteste.com.br\/centralpaulista\/produto\/certidao-de-transcricao\/","og_site_name":"Central Paulista - Certid\u00f5es, Pesquisas Forenses e Cartor\u00e1rias","twitter_card":"summary_large_image","schema":{"@context":"https:\/\/schema.org","@graph":[{"@type":"WebPage","@id":"https:\/\/wordpress.plataformadeteste.com.br\/centralpaulista\/produto\/certidao-de-transcricao\/","url":"https:\/\/wordpress.plataformadeteste.com.br\/centralpaulista\/produto\/certidao-de-transcricao\/","name":"Certid\u00e3o de Transcri\u00e7\u00e3o - Central Paulista - Certid\u00f5es, Pesquisas Forenses e Cartor\u00e1rias","isPartOf":{"@id":"https:\/\/wordpress.plataformadeteste.com.br\/centralpaulista\/#website"},"datePublished":"2022-02-04T13:20:33+00:00","dateModified":"2022-02-04T13:20:33+00:00","breadcrumb":{"@id":"https:\/\/wordpress.plataformadeteste.com.br\/centralpaulista\/produto\/certidao-de-transcricao\/#breadcrumb"},"inLanguage":"pt-BR","potentialAction":[{"@type":"ReadAction","target":["https:\/\/wordpress.plataformadeteste.com.br\/centralpaulista\/produto\/certidao-de-transcricao\/"]}]},{"@type":"BreadcrumbList","@id":"https:\/\/wordpress.plataformadeteste.com.br\/centralpaulista\/produto\/certidao-de-transcricao\/#breadcrumb","itemListElement":[{"@type":"ListItem","position":1,"name":"In\u00edcio","item":"https:\/\/wordpress.plataformadeteste.com.br\/centralpaulista\/"},{"@type":"ListItem","position":2,"name":"Servi\u00e7os","item":"https:\/\/wordpress.plataformadeteste.com.br\/centralpaulista\/servicos\/"},{"@type":"ListItem","position":3,"name":"Certid\u00e3o de Transcri\u00e7\u00e3o"}]},{"@type":"WebSite","@id":"https:\/\/wordpress.plataformadeteste.com.br\/centralpaulista\/#website","url":"https:\/\/wordpress.plataformadeteste.com.br\/centralpaulista\/","name":"Central Paulista - Certid\u00f5es, Pesquisas Forenses e Cartor\u00e1rias","description":"Somos uma empresa prestadora de servi\u00e7os no setor de informa\u00e7\u00f5es e cadastro de pessoas f\u00edsicas, pessoas jur\u00eddicas e im\u00f3veis. Nosso trabalho \u00e9 simplificar e garantir a seguran\u00e7a em diferentes tipos de transa\u00e7\u00f5es comerciais. Atuamos nesse mercado desde 1977, fornecendo certid\u00f5es e realizando consultas completas no \u00e2mbito federal, estadual e municipal para todo o Brasil.","potentialAction":[{"@type":"SearchAction","target":{"@type":"EntryPoint","urlTemplate":"https:\/\/wordpress.plataformadeteste.com.br\/centralpaulista\/?s={search_term_string}"},"query-input":"required name=search_term_string"}],"inLanguage":"pt-BR"}]}},"_links":{"self":[{"href":"https:\/\/wordpress.plataformadeteste.com.br\/centralpaulista\/wp-json\/wp\/v2\/product\/768","targetHints":{"allow":["GET"]}}],"collection":[{"href":"https:\/\/wordpress.plataformadeteste.com.br\/centralpaulista\/wp-json\/wp\/v2\/product"}],"about":[{"href":"https:\/\/wordpress.plataformadeteste.com.br\/centralpaulista\/wp-json\/wp\/v2\/types\/product"}],"replies":[{"embeddable":true,"href":"https:\/\/wordpress.plataformadeteste.com.br\/centralpaulista\/wp-json\/wp\/v2\/comments?post=768"}],"wp:attachment":[{"href":"https:\/\/wordpress.plataformadeteste.com.br\/centralpaulista\/wp-json\/wp\/v2\/media?parent=768"}],"wp:term":[{"taxonomy":"product_cat","embeddable":true,"href":"https:\/\/wordpress.plataformadeteste.com.br\/centralpaulista\/wp-json\/wp\/v2\/product_cat?post=768"},{"taxonomy":"product_tag","embeddable":true,"href":"https:\/\/wordpress.plataformadeteste.com.br\/centralpaulista\/wp-json\/wp\/v2\/product_tag?post=768"}],"curies":[{"name":"wp","href":"https:\/\/api.w.org\/{rel}","templated":true}]}}