{"id":764,"date":"2022-02-04T09:51:01","date_gmt":"2022-02-04T12:51:01","guid":{"rendered":"https:\/\/centralpaulista.com.br\/?post_type=product&#038;p=764"},"modified":"2022-02-04T16:01:32","modified_gmt":"2022-02-04T19:01:32","slug":"certidao-de-valor-venal-dados-cadastrais","status":"publish","type":"product","link":"https:\/\/wordpress.plataformadeteste.com.br\/centralpaulista\/produto\/certidao-de-valor-venal-dados-cadastrais\/","title":{"rendered":"Certid\u00e3o de Valor Venal (Dados Cadastrais)"},"content":{"rendered":"<p><strong>Outras finalidades para a solicita\u00e7\u00e3o da Certid\u00e3o de Valor Venal?<\/strong><\/p>\n<ul>\n<li>Compor processo(s) de compra e venda de im\u00f3vel(is);<\/li>\n<li>Compor processo(s) de financiamento(s);<\/li>\n<li>Compor processo(s) de Invent\u00e1rio(s);<\/li>\n<li>E outros.<\/li>\n<\/ul>\n<p>&nbsp;<\/p>\n<p><strong>Como solicitar a Certid\u00e3o de Valor Venal?<\/strong><\/p>\n<p>Para solicitar <strong>a Certid\u00e3o de Valor Venal<\/strong>, adicione este servi\u00e7o ao seu carrinho.<\/p>\n<p>&nbsp;<\/p>\n<p><strong>Qual(is) o(s) dado(s) necess\u00e1rio(s) para solicitar a Certid\u00e3o de Valor Venal?<\/strong><\/p>\n<ul>\n<li>\n<p dir=\"ltr\">N\u00famero do Contribuinte Municipal (IPTU\/SQL)<\/p>\n<\/li>\n<\/ul>\n<p>&nbsp;<\/p>\n<p><strong>Central Paulista<\/strong><\/p>\n<ul>\n<li>Desde 1977, sendo um facilitador para a obten\u00e7\u00e3o de documentos, certid\u00f5es e pesquisas;<\/li>\n<li>Atendimento r\u00e1pido e garantido;<\/li>\n<li>Agilidade no prazo de entrega;<\/li>\n<li>Avalia\u00e7\u00f5es 100% positivas no Google.<\/li>\n<\/ul>\n","protected":false},"excerpt":{"rendered":"<p>Outras finalidades para a solicita\u00e7\u00e3o da Certid\u00e3o de Valor Venal? Compor processo(s) de compra e venda de im\u00f3vel(is); Compor processo(s) de financiamento(s); Compor processo(s) de Invent\u00e1rio(s); E outros. &nbsp; Como solicitar a Certid\u00e3o de Valor Venal? Para solicitar a Certid\u00e3o de Valor Venal, adicione este servi\u00e7o ao seu carrinho. &nbsp; Qual(is) o(s) dado(s) necess\u00e1rio(s) para [&hellip;]<\/p>\n","protected":false},"featured_media":776,"comment_status":"open","ping_status":"closed","template":"","meta":[],"product_cat":[18],"product_tag":[97,96],"class_list":["post-764","product","type-product","status-publish","has-post-thumbnail","hentry","product_cat-prefeitura","product_tag-certidao-de-dados-cadastrais","product_tag-certidao-de-valor-venal"],"yoast_head":"<!-- This site is optimized with the Yoast SEO plugin v20.4 - https:\/\/yoast.com\/wordpress\/plugins\/seo\/ -->\n<title>Certid\u00e3o de Valor Venal (Dados Cadastrais) - Central Paulista - Certid\u00f5es, Pesquisas Forenses e Cartor\u00e1rias<\/title>\n<meta name=\"description\" content=\"Emitido pela Prefeitura do Munic\u00edpio, trata-se do documento que informa o Valor Venal do im\u00f3vel em determinado ano.\" \/>\n<meta name=\"robots\" content=\"noindex, follow, max-snippet:-1, max-image-preview:large, max-video-preview:-1\" \/>\n<meta property=\"og:locale\" content=\"pt_BR\" \/>\n<meta property=\"og:type\" content=\"article\" \/>\n<meta property=\"og:title\" content=\"Certid\u00e3o de Valor Venal (Dados Cadastrais) - Central Paulista - Certid\u00f5es, Pesquisas Forenses e Cartor\u00e1rias\" \/>\n<meta property=\"og:description\" content=\"Emitido pela Prefeitura do Munic\u00edpio, trata-se do documento que informa o Valor Venal do im\u00f3vel em determinado ano.\" \/>\n<meta property=\"og:url\" content=\"https:\/\/wordpress.plataformadeteste.com.br\/centralpaulista\/produto\/certidao-de-valor-venal-dados-cadastrais\/\" \/>\n<meta property=\"og:site_name\" content=\"Central Paulista - Certid\u00f5es, Pesquisas Forenses e Cartor\u00e1rias\" \/>\n<meta property=\"article:modified_time\" content=\"2022-02-04T19:01:32+00:00\" \/>\n<meta property=\"og:image\" content=\"https:\/\/wordpress.plataformadeteste.com.br\/centralpaulista\/wp-content\/uploads\/2022\/02\/002.jpg\" \/>\n\t<meta property=\"og:image:width\" content=\"1379\" \/>\n\t<meta property=\"og:image:height\" content=\"1920\" \/>\n\t<meta property=\"og:image:type\" content=\"image\/jpeg\" \/>\n<meta name=\"twitter:card\" content=\"summary_large_image\" \/>\n<script type=\"application\/ld+json\" class=\"yoast-schema-graph\">{\"@context\":\"https:\/\/schema.org\",\"@graph\":[{\"@type\":\"WebPage\",\"@id\":\"https:\/\/wordpress.plataformadeteste.com.br\/centralpaulista\/produto\/certidao-de-valor-venal-dados-cadastrais\/\",\"url\":\"https:\/\/wordpress.plataformadeteste.com.br\/centralpaulista\/produto\/certidao-de-valor-venal-dados-cadastrais\/\",\"name\":\"Certid\u00e3o de Valor Venal (Dados Cadastrais) - Central Paulista - Certid\u00f5es, Pesquisas Forenses e Cartor\u00e1rias\",\"isPartOf\":{\"@id\":\"https:\/\/wordpress.plataformadeteste.com.br\/centralpaulista\/#website\"},\"datePublished\":\"2022-02-04T12:51:01+00:00\",\"dateModified\":\"2022-02-04T19:01:32+00:00\",\"description\":\"Emitido pela Prefeitura do Munic\u00edpio, trata-se do documento que informa o Valor Venal do im\u00f3vel em determinado ano.\",\"breadcrumb\":{\"@id\":\"https:\/\/wordpress.plataformadeteste.com.br\/centralpaulista\/produto\/certidao-de-valor-venal-dados-cadastrais\/#breadcrumb\"},\"inLanguage\":\"pt-BR\",\"potentialAction\":[{\"@type\":\"ReadAction\",\"target\":[\"https:\/\/wordpress.plataformadeteste.com.br\/centralpaulista\/produto\/certidao-de-valor-venal-dados-cadastrais\/\"]}]},{\"@type\":\"BreadcrumbList\",\"@id\":\"https:\/\/wordpress.plataformadeteste.com.br\/centralpaulista\/produto\/certidao-de-valor-venal-dados-cadastrais\/#breadcrumb\",\"itemListElement\":[{\"@type\":\"ListItem\",\"position\":1,\"name\":\"In\u00edcio\",\"item\":\"https:\/\/wordpress.plataformadeteste.com.br\/centralpaulista\/\"},{\"@type\":\"ListItem\",\"position\":2,\"name\":\"Servi\u00e7os\",\"item\":\"https:\/\/wordpress.plataformadeteste.com.br\/centralpaulista\/servicos\/\"},{\"@type\":\"ListItem\",\"position\":3,\"name\":\"Certid\u00e3o de Valor Venal (Dados Cadastrais)\"}]},{\"@type\":\"WebSite\",\"@id\":\"https:\/\/wordpress.plataformadeteste.com.br\/centralpaulista\/#website\",\"url\":\"https:\/\/wordpress.plataformadeteste.com.br\/centralpaulista\/\",\"name\":\"Central Paulista - Certid\u00f5es, Pesquisas Forenses e Cartor\u00e1rias\",\"description\":\"Somos uma empresa prestadora de servi\u00e7os no setor de informa\u00e7\u00f5es e cadastro de pessoas f\u00edsicas, pessoas jur\u00eddicas e im\u00f3veis. Nosso trabalho \u00e9 simplificar e garantir a seguran\u00e7a em diferentes tipos de transa\u00e7\u00f5es comerciais. Atuamos nesse mercado desde 1977, fornecendo certid\u00f5es e realizando consultas completas no \u00e2mbito federal, estadual e municipal para todo o Brasil.\",\"potentialAction\":[{\"@type\":\"SearchAction\",\"target\":{\"@type\":\"EntryPoint\",\"urlTemplate\":\"https:\/\/wordpress.plataformadeteste.com.br\/centralpaulista\/?s={search_term_string}\"},\"query-input\":\"required name=search_term_string\"}],\"inLanguage\":\"pt-BR\"}]}<\/script>\n<!-- \/ Yoast SEO plugin. -->","yoast_head_json":{"title":"Certid\u00e3o de Valor Venal (Dados Cadastrais) - Central Paulista - Certid\u00f5es, Pesquisas Forenses e Cartor\u00e1rias","description":"Emitido pela Prefeitura do Munic\u00edpio, trata-se do documento que informa o Valor Venal do im\u00f3vel em determinado ano.","robots":{"index":"noindex","follow":"follow","max-snippet":"max-snippet:-1","max-image-preview":"max-image-preview:large","max-video-preview":"max-video-preview:-1"},"og_locale":"pt_BR","og_type":"article","og_title":"Certid\u00e3o de Valor Venal (Dados Cadastrais) - Central Paulista - Certid\u00f5es, Pesquisas Forenses e Cartor\u00e1rias","og_description":"Emitido pela Prefeitura do Munic\u00edpio, trata-se do documento que informa o Valor Venal do im\u00f3vel em determinado ano.","og_url":"https:\/\/wordpress.plataformadeteste.com.br\/centralpaulista\/produto\/certidao-de-valor-venal-dados-cadastrais\/","og_site_name":"Central Paulista - Certid\u00f5es, Pesquisas Forenses e Cartor\u00e1rias","article_modified_time":"2022-02-04T19:01:32+00:00","og_image":[{"width":1379,"height":1920,"url":"https:\/\/wordpress.plataformadeteste.com.br\/centralpaulista\/wp-content\/uploads\/2022\/02\/002.jpg","type":"image\/jpeg"}],"twitter_card":"summary_large_image","schema":{"@context":"https:\/\/schema.org","@graph":[{"@type":"WebPage","@id":"https:\/\/wordpress.plataformadeteste.com.br\/centralpaulista\/produto\/certidao-de-valor-venal-dados-cadastrais\/","url":"https:\/\/wordpress.plataformadeteste.com.br\/centralpaulista\/produto\/certidao-de-valor-venal-dados-cadastrais\/","name":"Certid\u00e3o de Valor Venal (Dados Cadastrais) - Central Paulista - Certid\u00f5es, Pesquisas Forenses e Cartor\u00e1rias","isPartOf":{"@id":"https:\/\/wordpress.plataformadeteste.com.br\/centralpaulista\/#website"},"datePublished":"2022-02-04T12:51:01+00:00","dateModified":"2022-02-04T19:01:32+00:00","description":"Emitido pela Prefeitura do Munic\u00edpio, trata-se do documento que informa o Valor Venal do im\u00f3vel em determinado ano.","breadcrumb":{"@id":"https:\/\/wordpress.plataformadeteste.com.br\/centralpaulista\/produto\/certidao-de-valor-venal-dados-cadastrais\/#breadcrumb"},"inLanguage":"pt-BR","potentialAction":[{"@type":"ReadAction","target":["https:\/\/wordpress.plataformadeteste.com.br\/centralpaulista\/produto\/certidao-de-valor-venal-dados-cadastrais\/"]}]},{"@type":"BreadcrumbList","@id":"https:\/\/wordpress.plataformadeteste.com.br\/centralpaulista\/produto\/certidao-de-valor-venal-dados-cadastrais\/#breadcrumb","itemListElement":[{"@type":"ListItem","position":1,"name":"In\u00edcio","item":"https:\/\/wordpress.plataformadeteste.com.br\/centralpaulista\/"},{"@type":"ListItem","position":2,"name":"Servi\u00e7os","item":"https:\/\/wordpress.plataformadeteste.com.br\/centralpaulista\/servicos\/"},{"@type":"ListItem","position":3,"name":"Certid\u00e3o de Valor Venal (Dados Cadastrais)"}]},{"@type":"WebSite","@id":"https:\/\/wordpress.plataformadeteste.com.br\/centralpaulista\/#website","url":"https:\/\/wordpress.plataformadeteste.com.br\/centralpaulista\/","name":"Central Paulista - Certid\u00f5es, Pesquisas Forenses e Cartor\u00e1rias","description":"Somos uma empresa prestadora de servi\u00e7os no setor de informa\u00e7\u00f5es e cadastro de pessoas f\u00edsicas, pessoas jur\u00eddicas e im\u00f3veis. Nosso trabalho \u00e9 simplificar e garantir a seguran\u00e7a em diferentes tipos de transa\u00e7\u00f5es comerciais. Atuamos nesse mercado desde 1977, fornecendo certid\u00f5es e realizando consultas completas no \u00e2mbito federal, estadual e municipal para todo o Brasil.","potentialAction":[{"@type":"SearchAction","target":{"@type":"EntryPoint","urlTemplate":"https:\/\/wordpress.plataformadeteste.com.br\/centralpaulista\/?s={search_term_string}"},"query-input":"required name=search_term_string"}],"inLanguage":"pt-BR"}]}},"_links":{"self":[{"href":"https:\/\/wordpress.plataformadeteste.com.br\/centralpaulista\/wp-json\/wp\/v2\/product\/764","targetHints":{"allow":["GET"]}}],"collection":[{"href":"https:\/\/wordpress.plataformadeteste.com.br\/centralpaulista\/wp-json\/wp\/v2\/product"}],"about":[{"href":"https:\/\/wordpress.plataformadeteste.com.br\/centralpaulista\/wp-json\/wp\/v2\/types\/product"}],"replies":[{"embeddable":true,"href":"https:\/\/wordpress.plataformadeteste.com.br\/centralpaulista\/wp-json\/wp\/v2\/comments?post=764"}],"wp:featuredmedia":[{"embeddable":true,"href":"https:\/\/wordpress.plataformadeteste.com.br\/centralpaulista\/wp-json\/wp\/v2\/media\/776"}],"wp:attachment":[{"href":"https:\/\/wordpress.plataformadeteste.com.br\/centralpaulista\/wp-json\/wp\/v2\/media?parent=764"}],"wp:term":[{"taxonomy":"product_cat","embeddable":true,"href":"https:\/\/wordpress.plataformadeteste.com.br\/centralpaulista\/wp-json\/wp\/v2\/product_cat?post=764"},{"taxonomy":"product_tag","embeddable":true,"href":"https:\/\/wordpress.plataformadeteste.com.br\/centralpaulista\/wp-json\/wp\/v2\/product_tag?post=764"}],"curies":[{"name":"wp","href":"https:\/\/api.w.org\/{rel}","templated":true}]}}