{"id":763,"date":"2022-02-04T09:47:28","date_gmt":"2022-02-04T12:47:28","guid":{"rendered":"https:\/\/centralpaulista.com.br\/?post_type=product&#038;p=763"},"modified":"2022-02-04T09:48:44","modified_gmt":"2022-02-04T12:48:44","slug":"certidao-de-objeto-e-pe-pessoa-fisica","status":"publish","type":"product","link":"https:\/\/wordpress.plataformadeteste.com.br\/centralpaulista\/produto\/certidao-de-objeto-e-pe-pessoa-fisica\/","title":{"rendered":"Certid\u00e3o de Objeto e P\u00e9 &#8211; Pessoa F\u00edsica"},"content":{"rendered":"<p><strong>Outras finalidades para a solicita\u00e7\u00e3o da Certid\u00e3o de Objeto e P\u00e9?<\/strong><\/p>\n<ul>\n<li>Compor processo(s) de compra e venda de im\u00f3vel(is);<\/li>\n<li>Compor processo(s) de financiamento(s);<\/li>\n<li>Compor processo(s) de auditoria;<\/li>\n<li>Para fins de cumprimento de exig\u00eancia cartor\u00e1ria;<\/li>\n<li>E outros.<\/li>\n<\/ul>\n<p>&nbsp;<\/p>\n<p><strong>Como solicitar a Certid\u00e3o de Objeto e P\u00e9?<\/strong><\/p>\n<p>Para solicitar a Certid\u00e3o de Objeto e P\u00e9, adicione este servi\u00e7o ao seu carrinho.<\/p>\n<p>&nbsp;<\/p>\n<p><strong>Qual(is) o(s) dado(s) necess\u00e1rio(s) para solicitar a Certid\u00e3o de Objeto e P\u00e9?<\/strong><\/p>\n<ul>\n<li dir=\"ltr\">Nome;<\/li>\n<li dir=\"ltr\">CPF;<\/li>\n<li dir=\"ltr\">RG;<\/li>\n<li dir=\"ltr\">N\u00famero do processo.<\/li>\n<li style=\"list-style-type: none;\"><\/li>\n<\/ul>\n<p><strong>Central Paulista<\/strong><\/p>\n<ul>\n<li>Desde 1977, sendo um facilitador para a obten\u00e7\u00e3o de documentos, certid\u00f5es e pesquisas;<\/li>\n<li>Atendimento r\u00e1pido e garantido;<\/li>\n<li>Agilidade no prazo de entrega;<\/li>\n<li>Avalia\u00e7\u00f5es 100% positivas no Google.<\/li>\n<\/ul>\n","protected":false},"excerpt":{"rendered":"<p>Outras finalidades para a solicita\u00e7\u00e3o da Certid\u00e3o de Objeto e P\u00e9? Compor processo(s) de compra e venda de im\u00f3vel(is); Compor processo(s) de financiamento(s); Compor processo(s) de auditoria; Para fins de cumprimento de exig\u00eancia cartor\u00e1ria; E outros. &nbsp; Como solicitar a Certid\u00e3o de Objeto e P\u00e9? Para solicitar a Certid\u00e3o de Objeto e P\u00e9, adicione este [&hellip;]<\/p>\n","protected":false},"featured_media":0,"comment_status":"open","ping_status":"closed","template":"","meta":[],"product_cat":[28,48,19],"product_tag":[93,94,95],"class_list":["post-763","product","type-product","status-publish","hentry","product_cat-justica-do-trabalho","product_cat-justica-federal","product_cat-tribunal-de-justica","product_tag-certidao-de-objeto-e-pe","product_tag-certidao-esclarecedora","product_tag-certidao-explicativa"],"yoast_head":"<!-- This site is optimized with the Yoast SEO plugin v20.4 - https:\/\/yoast.com\/wordpress\/plugins\/seo\/ -->\n<title>Certid\u00e3o de Objeto e P\u00e9 - Pessoa F\u00edsica - Central Paulista - Certid\u00f5es, Pesquisas Forenses e Cartor\u00e1rias<\/title>\n<meta name=\"robots\" content=\"noindex, follow, max-snippet:-1, max-image-preview:large, max-video-preview:-1\" \/>\n<meta property=\"og:locale\" content=\"pt_BR\" \/>\n<meta property=\"og:type\" content=\"article\" \/>\n<meta property=\"og:title\" content=\"Certid\u00e3o de Objeto e P\u00e9 - Pessoa F\u00edsica - Central Paulista - Certid\u00f5es, Pesquisas Forenses e Cartor\u00e1rias\" \/>\n<meta property=\"og:description\" content=\"Outras finalidades para a solicita\u00e7\u00e3o da Certid\u00e3o de Objeto e P\u00e9? Compor processo(s) de compra e venda de im\u00f3vel(is); Compor processo(s) de financiamento(s); Compor processo(s) de auditoria; Para fins de cumprimento de exig\u00eancia cartor\u00e1ria; E outros. &nbsp; Como solicitar a Certid\u00e3o de Objeto e P\u00e9? Para solicitar a Certid\u00e3o de Objeto e P\u00e9, adicione este [&hellip;]\" \/>\n<meta property=\"og:url\" content=\"https:\/\/wordpress.plataformadeteste.com.br\/centralpaulista\/produto\/certidao-de-objeto-e-pe-pessoa-fisica\/\" \/>\n<meta property=\"og:site_name\" content=\"Central Paulista - Certid\u00f5es, Pesquisas Forenses e Cartor\u00e1rias\" \/>\n<meta property=\"article:modified_time\" content=\"2022-02-04T12:48:44+00:00\" \/>\n<meta name=\"twitter:card\" content=\"summary_large_image\" \/>\n<script type=\"application\/ld+json\" class=\"yoast-schema-graph\">{\"@context\":\"https:\/\/schema.org\",\"@graph\":[{\"@type\":\"WebPage\",\"@id\":\"https:\/\/wordpress.plataformadeteste.com.br\/centralpaulista\/produto\/certidao-de-objeto-e-pe-pessoa-fisica\/\",\"url\":\"https:\/\/wordpress.plataformadeteste.com.br\/centralpaulista\/produto\/certidao-de-objeto-e-pe-pessoa-fisica\/\",\"name\":\"Certid\u00e3o de Objeto e P\u00e9 - Pessoa F\u00edsica - Central Paulista - Certid\u00f5es, Pesquisas Forenses e Cartor\u00e1rias\",\"isPartOf\":{\"@id\":\"https:\/\/wordpress.plataformadeteste.com.br\/centralpaulista\/#website\"},\"datePublished\":\"2022-02-04T12:47:28+00:00\",\"dateModified\":\"2022-02-04T12:48:44+00:00\",\"breadcrumb\":{\"@id\":\"https:\/\/wordpress.plataformadeteste.com.br\/centralpaulista\/produto\/certidao-de-objeto-e-pe-pessoa-fisica\/#breadcrumb\"},\"inLanguage\":\"pt-BR\",\"potentialAction\":[{\"@type\":\"ReadAction\",\"target\":[\"https:\/\/wordpress.plataformadeteste.com.br\/centralpaulista\/produto\/certidao-de-objeto-e-pe-pessoa-fisica\/\"]}]},{\"@type\":\"BreadcrumbList\",\"@id\":\"https:\/\/wordpress.plataformadeteste.com.br\/centralpaulista\/produto\/certidao-de-objeto-e-pe-pessoa-fisica\/#breadcrumb\",\"itemListElement\":[{\"@type\":\"ListItem\",\"position\":1,\"name\":\"In\u00edcio\",\"item\":\"https:\/\/wordpress.plataformadeteste.com.br\/centralpaulista\/\"},{\"@type\":\"ListItem\",\"position\":2,\"name\":\"Servi\u00e7os\",\"item\":\"https:\/\/wordpress.plataformadeteste.com.br\/centralpaulista\/servicos\/\"},{\"@type\":\"ListItem\",\"position\":3,\"name\":\"Certid\u00e3o de Objeto e P\u00e9 &#8211; Pessoa F\u00edsica\"}]},{\"@type\":\"WebSite\",\"@id\":\"https:\/\/wordpress.plataformadeteste.com.br\/centralpaulista\/#website\",\"url\":\"https:\/\/wordpress.plataformadeteste.com.br\/centralpaulista\/\",\"name\":\"Central Paulista - Certid\u00f5es, Pesquisas Forenses e Cartor\u00e1rias\",\"description\":\"Somos uma empresa prestadora de servi\u00e7os no setor de informa\u00e7\u00f5es e cadastro de pessoas f\u00edsicas, pessoas jur\u00eddicas e im\u00f3veis. Nosso trabalho \u00e9 simplificar e garantir a seguran\u00e7a em diferentes tipos de transa\u00e7\u00f5es comerciais. Atuamos nesse mercado desde 1977, fornecendo certid\u00f5es e realizando consultas completas no \u00e2mbito federal, estadual e municipal para todo o Brasil.\",\"potentialAction\":[{\"@type\":\"SearchAction\",\"target\":{\"@type\":\"EntryPoint\",\"urlTemplate\":\"https:\/\/wordpress.plataformadeteste.com.br\/centralpaulista\/?s={search_term_string}\"},\"query-input\":\"required name=search_term_string\"}],\"inLanguage\":\"pt-BR\"}]}<\/script>\n<!-- \/ Yoast SEO plugin. -->","yoast_head_json":{"title":"Certid\u00e3o de Objeto e P\u00e9 - Pessoa F\u00edsica - Central Paulista - Certid\u00f5es, Pesquisas Forenses e Cartor\u00e1rias","robots":{"index":"noindex","follow":"follow","max-snippet":"max-snippet:-1","max-image-preview":"max-image-preview:large","max-video-preview":"max-video-preview:-1"},"og_locale":"pt_BR","og_type":"article","og_title":"Certid\u00e3o de Objeto e P\u00e9 - Pessoa F\u00edsica - Central Paulista - Certid\u00f5es, Pesquisas Forenses e Cartor\u00e1rias","og_description":"Outras finalidades para a solicita\u00e7\u00e3o da Certid\u00e3o de Objeto e P\u00e9? Compor processo(s) de compra e venda de im\u00f3vel(is); Compor processo(s) de financiamento(s); Compor processo(s) de auditoria; Para fins de cumprimento de exig\u00eancia cartor\u00e1ria; E outros. &nbsp; Como solicitar a Certid\u00e3o de Objeto e P\u00e9? Para solicitar a Certid\u00e3o de Objeto e P\u00e9, adicione este [&hellip;]","og_url":"https:\/\/wordpress.plataformadeteste.com.br\/centralpaulista\/produto\/certidao-de-objeto-e-pe-pessoa-fisica\/","og_site_name":"Central Paulista - Certid\u00f5es, Pesquisas Forenses e Cartor\u00e1rias","article_modified_time":"2022-02-04T12:48:44+00:00","twitter_card":"summary_large_image","schema":{"@context":"https:\/\/schema.org","@graph":[{"@type":"WebPage","@id":"https:\/\/wordpress.plataformadeteste.com.br\/centralpaulista\/produto\/certidao-de-objeto-e-pe-pessoa-fisica\/","url":"https:\/\/wordpress.plataformadeteste.com.br\/centralpaulista\/produto\/certidao-de-objeto-e-pe-pessoa-fisica\/","name":"Certid\u00e3o de Objeto e P\u00e9 - Pessoa F\u00edsica - Central Paulista - Certid\u00f5es, Pesquisas Forenses e Cartor\u00e1rias","isPartOf":{"@id":"https:\/\/wordpress.plataformadeteste.com.br\/centralpaulista\/#website"},"datePublished":"2022-02-04T12:47:28+00:00","dateModified":"2022-02-04T12:48:44+00:00","breadcrumb":{"@id":"https:\/\/wordpress.plataformadeteste.com.br\/centralpaulista\/produto\/certidao-de-objeto-e-pe-pessoa-fisica\/#breadcrumb"},"inLanguage":"pt-BR","potentialAction":[{"@type":"ReadAction","target":["https:\/\/wordpress.plataformadeteste.com.br\/centralpaulista\/produto\/certidao-de-objeto-e-pe-pessoa-fisica\/"]}]},{"@type":"BreadcrumbList","@id":"https:\/\/wordpress.plataformadeteste.com.br\/centralpaulista\/produto\/certidao-de-objeto-e-pe-pessoa-fisica\/#breadcrumb","itemListElement":[{"@type":"ListItem","position":1,"name":"In\u00edcio","item":"https:\/\/wordpress.plataformadeteste.com.br\/centralpaulista\/"},{"@type":"ListItem","position":2,"name":"Servi\u00e7os","item":"https:\/\/wordpress.plataformadeteste.com.br\/centralpaulista\/servicos\/"},{"@type":"ListItem","position":3,"name":"Certid\u00e3o de Objeto e P\u00e9 &#8211; Pessoa F\u00edsica"}]},{"@type":"WebSite","@id":"https:\/\/wordpress.plataformadeteste.com.br\/centralpaulista\/#website","url":"https:\/\/wordpress.plataformadeteste.com.br\/centralpaulista\/","name":"Central Paulista - Certid\u00f5es, Pesquisas Forenses e Cartor\u00e1rias","description":"Somos uma empresa prestadora de servi\u00e7os no setor de informa\u00e7\u00f5es e cadastro de pessoas f\u00edsicas, pessoas jur\u00eddicas e im\u00f3veis. Nosso trabalho \u00e9 simplificar e garantir a seguran\u00e7a em diferentes tipos de transa\u00e7\u00f5es comerciais. Atuamos nesse mercado desde 1977, fornecendo certid\u00f5es e realizando consultas completas no \u00e2mbito federal, estadual e municipal para todo o Brasil.","potentialAction":[{"@type":"SearchAction","target":{"@type":"EntryPoint","urlTemplate":"https:\/\/wordpress.plataformadeteste.com.br\/centralpaulista\/?s={search_term_string}"},"query-input":"required name=search_term_string"}],"inLanguage":"pt-BR"}]}},"_links":{"self":[{"href":"https:\/\/wordpress.plataformadeteste.com.br\/centralpaulista\/wp-json\/wp\/v2\/product\/763","targetHints":{"allow":["GET"]}}],"collection":[{"href":"https:\/\/wordpress.plataformadeteste.com.br\/centralpaulista\/wp-json\/wp\/v2\/product"}],"about":[{"href":"https:\/\/wordpress.plataformadeteste.com.br\/centralpaulista\/wp-json\/wp\/v2\/types\/product"}],"replies":[{"embeddable":true,"href":"https:\/\/wordpress.plataformadeteste.com.br\/centralpaulista\/wp-json\/wp\/v2\/comments?post=763"}],"wp:attachment":[{"href":"https:\/\/wordpress.plataformadeteste.com.br\/centralpaulista\/wp-json\/wp\/v2\/media?parent=763"}],"wp:term":[{"taxonomy":"product_cat","embeddable":true,"href":"https:\/\/wordpress.plataformadeteste.com.br\/centralpaulista\/wp-json\/wp\/v2\/product_cat?post=763"},{"taxonomy":"product_tag","embeddable":true,"href":"https:\/\/wordpress.plataformadeteste.com.br\/centralpaulista\/wp-json\/wp\/v2\/product_tag?post=763"}],"curies":[{"name":"wp","href":"https:\/\/api.w.org\/{rel}","templated":true}]}}