{"id":761,"date":"2022-02-04T09:39:10","date_gmt":"2022-02-04T12:39:10","guid":{"rendered":"https:\/\/centralpaulista.com.br\/?post_type=product&#038;p=761"},"modified":"2022-02-04T09:49:08","modified_gmt":"2022-02-04T12:49:08","slug":"pesquisa-forense-e-cartoraria-pessoa-fisica","status":"publish","type":"product","link":"https:\/\/wordpress.plataformadeteste.com.br\/centralpaulista\/produto\/pesquisa-forense-e-cartoraria-pessoa-fisica\/","title":{"rendered":"Pesquisa Forense e Cartor\u00e1ria &#8211; Pessoa F\u00edsica"},"content":{"rendered":"<p>A <strong>PESQUISA FORENSE CARTOR\u00c1RIA<\/strong> da Central Paulista, \u00e9 um modelo \u00fanico no mercado, muito utilizada para compor processos de loca\u00e7\u00e3o de im\u00f3veis, contrata\u00e7\u00e3o de empresas, funcion\u00e1rios, grandes maquin\u00e1rios, tamb\u00e9m para tomar ci\u00eancia nas pend\u00eancias e restri\u00e7\u00f5es em nome do pesquisado. A <strong>PESQUISA FORENSE CARTOR\u00c1RIA <\/strong>conta com aproximadamente 17 consultas junto aos \u00f3rg\u00e3os municipais, estaduais e federais, resultando em mais seguran\u00e7a na efetiva\u00e7\u00e3o da sua negocia\u00e7\u00e3o.<\/p>\n<p>&nbsp;<\/p>\n<p><strong>O que \u00e9 pesquisado na Pesquisa Forense e Cartor\u00e1ria:<\/strong><\/p>\n<ul>\n<li>T\u00edtulos Protestados;<\/li>\n<li>Pend\u00eancias Financeiras;<\/li>\n<li>Restri\u00e7\u00f5es Financeiras;<\/li>\n<li>Cheques sem Fundos;<\/li>\n<li>Execu\u00e7\u00e3o Fiscal Municipal;<\/li>\n<li>Execu\u00e7\u00e3o Fiscal Estadual;<\/li>\n<li>Distribuidor C\u00edvel na Comarca do Estado de S\u00e3o Paulo;<\/li>\n<li>Distribuidor Criminal;<\/li>\n<li>Distribuidor da Justi\u00e7a Federal;<\/li>\n<li>Distribuidor da Justi\u00e7a do Trabalho Federal;<\/li>\n<li>Secretaria da Fazenda Municipal;<\/li>\n<li>Certid\u00e3o Conjunta de D\u00e9bitos &#8211; Tributos Federais;<\/li>\n<li>Locat\u00e1rio e Fiador Profissional;<\/li>\n<li>Tributos da Secretaria de Finan\u00e7as;<\/li>\n<li>D\u00e9bitos Trabalhistas;<\/li>\n<li>Secretaria da Fazenda do Estado de S\u00e3o Paulo;<\/li>\n<li>Jucesp Participa\u00e7\u00f5es em Empresas<\/li>\n<\/ul>\n<p>&nbsp;<\/p>\n<p><strong>Como solicitar a Pesquisa Forense e Cartor\u00e1ria?<\/strong><\/p>\n<p>Para solicitar a <strong>Pesquisa Forense e Cartor\u00e1ria<\/strong>, adicione este servi\u00e7o ao seu carrinho.<\/p>\n<p>&nbsp;<\/p>\n<p><strong>Qual(is) o(s) dado(s) necess\u00e1rio(s) para solicitar a Pesquisa Forense e Cartor\u00e1ria?<\/strong><\/p>\n<ul>\n<li dir=\"ltr\">Nome;<\/li>\n<li dir=\"ltr\">RG; e<\/li>\n<li dir=\"ltr\">CPF.<\/li>\n<li style=\"list-style-type: none;\"><\/li>\n<\/ul>\n<p>&nbsp;<\/p>\n<p><strong>Central Paulista<\/strong><\/p>\n<ul>\n<li>Desde 1977, sendo um facilitador para a obten\u00e7\u00e3o de documentos, certid\u00f5es e pesquisas;<\/li>\n<li>Atendimento r\u00e1pido e garantido;<\/li>\n<li>Agilidade no prazo de entrega;<\/li>\n<li>Avalia\u00e7\u00f5es 100% positivas no Google.<\/li>\n<\/ul>\n","protected":false},"excerpt":{"rendered":"<p>A PESQUISA FORENSE CARTOR\u00c1RIA da Central Paulista, \u00e9 um modelo \u00fanico no mercado, muito utilizada para compor processos de loca\u00e7\u00e3o de im\u00f3veis, contrata\u00e7\u00e3o de empresas, funcion\u00e1rios, grandes maquin\u00e1rios, tamb\u00e9m para tomar ci\u00eancia nas pend\u00eancias e restri\u00e7\u00f5es em nome do pesquisado. A PESQUISA FORENSE CARTOR\u00c1RIA conta com aproximadamente 17 consultas junto aos \u00f3rg\u00e3os municipais, estaduais e [&hellip;]<\/p>\n","protected":false},"featured_media":757,"comment_status":"open","ping_status":"closed","template":"","meta":[],"product_cat":[16],"product_tag":[92,88,91,90,89],"class_list":["post-761","product","type-product","status-publish","has-post-thumbnail","hentry","product_cat-pesquisa-forense-cartoraria","product_tag-central-paulista","product_tag-ficha-cadastral","product_tag-ficha-cadastral-completa","product_tag-pesquisa-forense-e-cartoraria","product_tag-pesquisa-para-locacao"],"yoast_head":"<!-- This site is optimized with the Yoast SEO plugin v20.4 - https:\/\/yoast.com\/wordpress\/plugins\/seo\/ -->\n<title>Pesquisa Forense e Cartor\u00e1ria - Pessoa F\u00edsica - Central Paulista - Certid\u00f5es, Pesquisas Forenses e Cartor\u00e1rias<\/title>\n<meta name=\"description\" content=\"A PESQUISA FORENSE CARTOR\u00c1RIA da Central Paulista, \u00e9 um modelo \u00fanico no mercado, muito utilizada para compor processos de loca\u00e7\u00e3o de im\u00f3veis, contrata\u00e7\u00e3o de empresas, funcion\u00e1rios, grandes maquin\u00e1rios, tamb\u00e9m para tomar ci\u00eancia nas pend\u00eancias e restri\u00e7\u00f5es em nome do pesquisado.\" \/>\n<meta name=\"robots\" content=\"noindex, follow, max-snippet:-1, max-image-preview:large, max-video-preview:-1\" \/>\n<meta property=\"og:locale\" content=\"pt_BR\" \/>\n<meta property=\"og:type\" content=\"article\" \/>\n<meta property=\"og:title\" content=\"Pesquisa Forense e Cartor\u00e1ria - Pessoa F\u00edsica - Central Paulista - Certid\u00f5es, Pesquisas Forenses e Cartor\u00e1rias\" \/>\n<meta property=\"og:description\" content=\"A PESQUISA FORENSE CARTOR\u00c1RIA da Central Paulista, \u00e9 um modelo \u00fanico no mercado, muito utilizada para compor processos de loca\u00e7\u00e3o de im\u00f3veis, contrata\u00e7\u00e3o de empresas, funcion\u00e1rios, grandes maquin\u00e1rios, tamb\u00e9m para tomar ci\u00eancia nas pend\u00eancias e restri\u00e7\u00f5es em nome do pesquisado.\" \/>\n<meta property=\"og:url\" content=\"https:\/\/wordpress.plataformadeteste.com.br\/centralpaulista\/produto\/pesquisa-forense-e-cartoraria-pessoa-fisica\/\" \/>\n<meta property=\"og:site_name\" content=\"Central Paulista - Certid\u00f5es, Pesquisas Forenses e Cartor\u00e1rias\" \/>\n<meta property=\"article:modified_time\" content=\"2022-02-04T12:49:08+00:00\" \/>\n<meta property=\"og:image\" content=\"https:\/\/wordpress.plataformadeteste.com.br\/centralpaulista\/wp-content\/uploads\/2022\/02\/PESQUISA.jpg\" \/>\n\t<meta property=\"og:image:width\" content=\"863\" \/>\n\t<meta property=\"og:image:height\" content=\"1920\" \/>\n\t<meta property=\"og:image:type\" content=\"image\/jpeg\" \/>\n<meta name=\"twitter:card\" content=\"summary_large_image\" \/>\n<script type=\"application\/ld+json\" class=\"yoast-schema-graph\">{\"@context\":\"https:\/\/schema.org\",\"@graph\":[{\"@type\":\"WebPage\",\"@id\":\"https:\/\/wordpress.plataformadeteste.com.br\/centralpaulista\/produto\/pesquisa-forense-e-cartoraria-pessoa-fisica\/\",\"url\":\"https:\/\/wordpress.plataformadeteste.com.br\/centralpaulista\/produto\/pesquisa-forense-e-cartoraria-pessoa-fisica\/\",\"name\":\"Pesquisa Forense e Cartor\u00e1ria - Pessoa F\u00edsica - Central Paulista - Certid\u00f5es, Pesquisas Forenses e Cartor\u00e1rias\",\"isPartOf\":{\"@id\":\"https:\/\/wordpress.plataformadeteste.com.br\/centralpaulista\/#website\"},\"datePublished\":\"2022-02-04T12:39:10+00:00\",\"dateModified\":\"2022-02-04T12:49:08+00:00\",\"description\":\"A PESQUISA FORENSE CARTOR\u00c1RIA da Central Paulista, \u00e9 um modelo \u00fanico no mercado, muito utilizada para compor processos de loca\u00e7\u00e3o de im\u00f3veis, contrata\u00e7\u00e3o de empresas, funcion\u00e1rios, grandes maquin\u00e1rios, tamb\u00e9m para tomar ci\u00eancia nas pend\u00eancias e restri\u00e7\u00f5es em nome do pesquisado.\",\"breadcrumb\":{\"@id\":\"https:\/\/wordpress.plataformadeteste.com.br\/centralpaulista\/produto\/pesquisa-forense-e-cartoraria-pessoa-fisica\/#breadcrumb\"},\"inLanguage\":\"pt-BR\",\"potentialAction\":[{\"@type\":\"ReadAction\",\"target\":[\"https:\/\/wordpress.plataformadeteste.com.br\/centralpaulista\/produto\/pesquisa-forense-e-cartoraria-pessoa-fisica\/\"]}]},{\"@type\":\"BreadcrumbList\",\"@id\":\"https:\/\/wordpress.plataformadeteste.com.br\/centralpaulista\/produto\/pesquisa-forense-e-cartoraria-pessoa-fisica\/#breadcrumb\",\"itemListElement\":[{\"@type\":\"ListItem\",\"position\":1,\"name\":\"In\u00edcio\",\"item\":\"https:\/\/wordpress.plataformadeteste.com.br\/centralpaulista\/\"},{\"@type\":\"ListItem\",\"position\":2,\"name\":\"Servi\u00e7os\",\"item\":\"https:\/\/wordpress.plataformadeteste.com.br\/centralpaulista\/servicos\/\"},{\"@type\":\"ListItem\",\"position\":3,\"name\":\"Pesquisa Forense e Cartor\u00e1ria &#8211; Pessoa F\u00edsica\"}]},{\"@type\":\"WebSite\",\"@id\":\"https:\/\/wordpress.plataformadeteste.com.br\/centralpaulista\/#website\",\"url\":\"https:\/\/wordpress.plataformadeteste.com.br\/centralpaulista\/\",\"name\":\"Central Paulista - Certid\u00f5es, Pesquisas Forenses e Cartor\u00e1rias\",\"description\":\"Somos uma empresa prestadora de servi\u00e7os no setor de informa\u00e7\u00f5es e cadastro de pessoas f\u00edsicas, pessoas jur\u00eddicas e im\u00f3veis. Nosso trabalho \u00e9 simplificar e garantir a seguran\u00e7a em diferentes tipos de transa\u00e7\u00f5es comerciais. Atuamos nesse mercado desde 1977, fornecendo certid\u00f5es e realizando consultas completas no \u00e2mbito federal, estadual e municipal para todo o Brasil.\",\"potentialAction\":[{\"@type\":\"SearchAction\",\"target\":{\"@type\":\"EntryPoint\",\"urlTemplate\":\"https:\/\/wordpress.plataformadeteste.com.br\/centralpaulista\/?s={search_term_string}\"},\"query-input\":\"required name=search_term_string\"}],\"inLanguage\":\"pt-BR\"}]}<\/script>\n<!-- \/ Yoast SEO plugin. -->","yoast_head_json":{"title":"Pesquisa Forense e Cartor\u00e1ria - Pessoa F\u00edsica - Central Paulista - Certid\u00f5es, Pesquisas Forenses e Cartor\u00e1rias","description":"A PESQUISA FORENSE CARTOR\u00c1RIA da Central Paulista, \u00e9 um modelo \u00fanico no mercado, muito utilizada para compor processos de loca\u00e7\u00e3o de im\u00f3veis, contrata\u00e7\u00e3o de empresas, funcion\u00e1rios, grandes maquin\u00e1rios, tamb\u00e9m para tomar ci\u00eancia nas pend\u00eancias e restri\u00e7\u00f5es em nome do pesquisado.","robots":{"index":"noindex","follow":"follow","max-snippet":"max-snippet:-1","max-image-preview":"max-image-preview:large","max-video-preview":"max-video-preview:-1"},"og_locale":"pt_BR","og_type":"article","og_title":"Pesquisa Forense e Cartor\u00e1ria - Pessoa F\u00edsica - Central Paulista - Certid\u00f5es, Pesquisas Forenses e Cartor\u00e1rias","og_description":"A PESQUISA FORENSE CARTOR\u00c1RIA da Central Paulista, \u00e9 um modelo \u00fanico no mercado, muito utilizada para compor processos de loca\u00e7\u00e3o de im\u00f3veis, contrata\u00e7\u00e3o de empresas, funcion\u00e1rios, grandes maquin\u00e1rios, tamb\u00e9m para tomar ci\u00eancia nas pend\u00eancias e restri\u00e7\u00f5es em nome do pesquisado.","og_url":"https:\/\/wordpress.plataformadeteste.com.br\/centralpaulista\/produto\/pesquisa-forense-e-cartoraria-pessoa-fisica\/","og_site_name":"Central Paulista - Certid\u00f5es, Pesquisas Forenses e Cartor\u00e1rias","article_modified_time":"2022-02-04T12:49:08+00:00","og_image":[{"width":863,"height":1920,"url":"https:\/\/wordpress.plataformadeteste.com.br\/centralpaulista\/wp-content\/uploads\/2022\/02\/PESQUISA.jpg","type":"image\/jpeg"}],"twitter_card":"summary_large_image","schema":{"@context":"https:\/\/schema.org","@graph":[{"@type":"WebPage","@id":"https:\/\/wordpress.plataformadeteste.com.br\/centralpaulista\/produto\/pesquisa-forense-e-cartoraria-pessoa-fisica\/","url":"https:\/\/wordpress.plataformadeteste.com.br\/centralpaulista\/produto\/pesquisa-forense-e-cartoraria-pessoa-fisica\/","name":"Pesquisa Forense e Cartor\u00e1ria - Pessoa F\u00edsica - Central Paulista - Certid\u00f5es, Pesquisas Forenses e Cartor\u00e1rias","isPartOf":{"@id":"https:\/\/wordpress.plataformadeteste.com.br\/centralpaulista\/#website"},"datePublished":"2022-02-04T12:39:10+00:00","dateModified":"2022-02-04T12:49:08+00:00","description":"A PESQUISA FORENSE CARTOR\u00c1RIA da Central Paulista, \u00e9 um modelo \u00fanico no mercado, muito utilizada para compor processos de loca\u00e7\u00e3o de im\u00f3veis, contrata\u00e7\u00e3o de empresas, funcion\u00e1rios, grandes maquin\u00e1rios, tamb\u00e9m para tomar ci\u00eancia nas pend\u00eancias e restri\u00e7\u00f5es em nome do pesquisado.","breadcrumb":{"@id":"https:\/\/wordpress.plataformadeteste.com.br\/centralpaulista\/produto\/pesquisa-forense-e-cartoraria-pessoa-fisica\/#breadcrumb"},"inLanguage":"pt-BR","potentialAction":[{"@type":"ReadAction","target":["https:\/\/wordpress.plataformadeteste.com.br\/centralpaulista\/produto\/pesquisa-forense-e-cartoraria-pessoa-fisica\/"]}]},{"@type":"BreadcrumbList","@id":"https:\/\/wordpress.plataformadeteste.com.br\/centralpaulista\/produto\/pesquisa-forense-e-cartoraria-pessoa-fisica\/#breadcrumb","itemListElement":[{"@type":"ListItem","position":1,"name":"In\u00edcio","item":"https:\/\/wordpress.plataformadeteste.com.br\/centralpaulista\/"},{"@type":"ListItem","position":2,"name":"Servi\u00e7os","item":"https:\/\/wordpress.plataformadeteste.com.br\/centralpaulista\/servicos\/"},{"@type":"ListItem","position":3,"name":"Pesquisa Forense e Cartor\u00e1ria &#8211; Pessoa F\u00edsica"}]},{"@type":"WebSite","@id":"https:\/\/wordpress.plataformadeteste.com.br\/centralpaulista\/#website","url":"https:\/\/wordpress.plataformadeteste.com.br\/centralpaulista\/","name":"Central Paulista - Certid\u00f5es, Pesquisas Forenses e Cartor\u00e1rias","description":"Somos uma empresa prestadora de servi\u00e7os no setor de informa\u00e7\u00f5es e cadastro de pessoas f\u00edsicas, pessoas jur\u00eddicas e im\u00f3veis. Nosso trabalho \u00e9 simplificar e garantir a seguran\u00e7a em diferentes tipos de transa\u00e7\u00f5es comerciais. Atuamos nesse mercado desde 1977, fornecendo certid\u00f5es e realizando consultas completas no \u00e2mbito federal, estadual e municipal para todo o Brasil.","potentialAction":[{"@type":"SearchAction","target":{"@type":"EntryPoint","urlTemplate":"https:\/\/wordpress.plataformadeteste.com.br\/centralpaulista\/?s={search_term_string}"},"query-input":"required name=search_term_string"}],"inLanguage":"pt-BR"}]}},"_links":{"self":[{"href":"https:\/\/wordpress.plataformadeteste.com.br\/centralpaulista\/wp-json\/wp\/v2\/product\/761","targetHints":{"allow":["GET"]}}],"collection":[{"href":"https:\/\/wordpress.plataformadeteste.com.br\/centralpaulista\/wp-json\/wp\/v2\/product"}],"about":[{"href":"https:\/\/wordpress.plataformadeteste.com.br\/centralpaulista\/wp-json\/wp\/v2\/types\/product"}],"replies":[{"embeddable":true,"href":"https:\/\/wordpress.plataformadeteste.com.br\/centralpaulista\/wp-json\/wp\/v2\/comments?post=761"}],"wp:featuredmedia":[{"embeddable":true,"href":"https:\/\/wordpress.plataformadeteste.com.br\/centralpaulista\/wp-json\/wp\/v2\/media\/757"}],"wp:attachment":[{"href":"https:\/\/wordpress.plataformadeteste.com.br\/centralpaulista\/wp-json\/wp\/v2\/media?parent=761"}],"wp:term":[{"taxonomy":"product_cat","embeddable":true,"href":"https:\/\/wordpress.plataformadeteste.com.br\/centralpaulista\/wp-json\/wp\/v2\/product_cat?post=761"},{"taxonomy":"product_tag","embeddable":true,"href":"https:\/\/wordpress.plataformadeteste.com.br\/centralpaulista\/wp-json\/wp\/v2\/product_tag?post=761"}],"curies":[{"name":"wp","href":"https:\/\/api.w.org\/{rel}","templated":true}]}}