{"id":63,"date":"2021-06-08T13:35:19","date_gmt":"2021-06-08T16:35:19","guid":{"rendered":"http:\/\/localhost\/centralpaulista\/?post_type=product&#038;p=63"},"modified":"2021-11-25T14:37:16","modified_gmt":"2021-11-25T17:37:16","slug":"certidao-do-tribunal-regional-do-trabalho-da-2a-regiao","status":"publish","type":"product","link":"https:\/\/wordpress.plataformadeteste.com.br\/centralpaulista\/produto\/certidao-do-tribunal-regional-do-trabalho-da-2a-regiao\/","title":{"rendered":"Certid\u00e3o de A\u00e7\u00f5es e Reclama\u00e7\u00f5es Trabalhistas &#8211; Pessoa Jur\u00eddica"},"content":{"rendered":"<p><strong>Outras finalidade(s) para a solicita\u00e7\u00e3o da Certid\u00e3o de A\u00e7\u00f5es e Reclama\u00e7\u00f5es Trabalhistas?<\/strong><\/p>\n<ul>\n<li>Instruir processos judiciais;<\/li>\n<li>Compor processo(s) de licita\u00e7\u00f5es;<\/li>\n<li>Confirmar os dados da a\u00e7\u00e3o\/execu\u00e7\u00e3o fiscal distribu\u00edda contra o pesquisado;<\/li>\n<li>Compor processo(s) de financiamento de im\u00f3vel(is);<\/li>\n<li>Compor documenta\u00e7\u00e3o para concursos p\u00fablicos;<\/li>\n<li>Instruir negocia\u00e7\u00f5es de compra e venda de im\u00f3vel;<\/li>\n<li>E outros.<\/li>\n<\/ul>\n<p><strong><br \/>\nComo solicitar a Certid\u00e3o de A\u00e7\u00f5es e Reclama\u00e7\u00f5es Trabalhistas?<\/strong><\/p>\n<p>A Certid\u00e3o de A\u00e7\u00f5es e Reclama\u00e7\u00f5es Trabalhistas pode ser solicitada atrav\u00e9s de nosso site, voc\u00ea dever\u00e1 informar a regi\u00e3o do Tribunal Regional do Trabalho de acordo com o estado de localiza\u00e7\u00e3o do pesquisado:<\/p>\n<ul>\n<li>Tribunal Regional do Trabalho \u2013 TRT DA 1\u00aa REGI\u00c3O: RIO DE JANEIRO;<\/li>\n<li>Tribunal Regional do Trabalho \u2013 TRT DA 2\u00aa REGI\u00c3O: S\u00c3O PAULO;<\/li>\n<li>Tribunal Regional do Trabalho \u2013 TRT DA 3\u00aa REGI\u00c3O: MINAS GERAIS;<\/li>\n<li>Tribunal Regional do Trabalho \u2013 TRT DA 4\u00aa REGI\u00c3O: RIO GRANDE DO SUL;<\/li>\n<li>Tribunal Regional do Trabalho \u2013 TRT DA 5\u00aa REGI\u00c3O: BAHIA;<\/li>\n<li>Tribunal Regional do Trabalho \u2013 TRT DA 6\u00aa REGI\u00c3O: PERNAMBUCO<\/li>\n<li>Tribunal Regional do Trabalho \u2013 TRT DA 7\u00aa REGI\u00c3O: CEAR\u00c1<\/li>\n<li>Tribunal Regional do Trabalho \u2013 TRT DA 8\u00aa REGI\u00c3O: PAR\u00c1 E AMAP\u00c1<\/li>\n<li>Tribunal Regional do Trabalho \u2013 TRT DA 9\u00aa REGI\u00c3O: PARAN\u00c1<\/li>\n<li>Tribunal Regional do Trabalho \u2013 TRT DA 10\u00aa REGI\u00c3O: DISTRITO FEDERAL E TOCANTINS;<\/li>\n<li>Tribunal Regional do Trabalho \u2013 TRT DA 11\u00aa REGI\u00c3O: AMAZONAS E RORAIMA;<\/li>\n<li>Tribunal Regional do Trabalho \u2013 TRT DA 12\u00aa REGI\u00c3O: SANTA CATARINA;<\/li>\n<li>Tribunal Regional do Trabalho \u2013 TRT DA 13\u00aa REGI\u00c3O: PARA\u00cdBA;<\/li>\n<li>Tribunal Regional do Trabalho \u2013 TRT DA 14\u00aa REGI\u00c3O: ACRE E ROND\u00d4NIA<\/li>\n<li>Tribunal Regional do Trabalho \u2013 TRT DA 15\u00aa REGI\u00c3O: S\u00c3O PAULO<\/li>\n<li>Tribunal Regional do Trabalho \u2013 TRT DA 16\u00aa REGI\u00c3O: MARANH\u00c3O;<\/li>\n<li>Tribunal Regional do Trabalho \u2013 TRT DA 17\u00aa REGI\u00c3O: ESP\u00cdRITO SANTO;<\/li>\n<li>Tribunal Regional do Trabalho \u2013 TRT DA 18\u00aa REGI\u00c3O: GOI\u00c1S;<\/li>\n<li>Tribunal Regional do Trabalho \u2013 TRT DA 19\u00aa REGI\u00c3O: ALAGOAS;<\/li>\n<li>Tribunal Regional do Trabalho \u2013 TRT DA 20\u00aa REGI\u00c3O: SERGIPE;<\/li>\n<li>Tribunal Regional do Trabalho \u2013 TRT DA 21\u00aa REGI\u00c3O: RIO GRANDE DO NORTE;<\/li>\n<li>Tribunal Regional do Trabalho \u2013 TRT DA 22\u00aa REGI\u00c3O: PIAU\u00cd;<\/li>\n<li>Tribunal Regional do Trabalho \u2013 TRT DA 23\u00aa REGI\u00c3O: MATO GROSSO;<\/li>\n<li>Tribunal Regional do Trabalho \u2013 TRT DA 24\u00aa REGI\u00c3O: MATO GROSSO DO SUL.<\/li>\n<\/ul>\n<p>&nbsp;<\/p>\n<p><strong>Qual(is) o(s) dado(s) necess\u00e1rio(s) para a emiss\u00e3o da Certid\u00e3o de A\u00e7\u00f5es e Reclama\u00e7\u00f5es Trabalhistas?<\/strong><\/p>\n<ul>\n<li><strong>Para pessoa(s) jur\u00eddica(s) (empresas):<\/strong> Raz\u00e3o Social e CNPJ;<\/li>\n<li><strong>Para pessoa(s) f\u00edsica(s):<\/strong> Nome, RG e CPF.<\/li>\n<\/ul>\n<p><strong>Central Paulista<\/strong><\/p>\n<ul>\n<li>Desde 1977, sendo um facilitador para a obten\u00e7\u00e3o de documentos, certid\u00f5es e pesquisas;<\/li>\n<li>Atendimento r\u00e1pido e garantido;<\/li>\n<li>Agilidade no prazo de entrega;<\/li>\n<li>Avalia\u00e7\u00f5es 100% positivas no Google.<\/li>\n<\/ul>\n<p>&nbsp;<\/p>\n","protected":false},"excerpt":{"rendered":"<p>Outras finalidade(s) para a solicita\u00e7\u00e3o da Certid\u00e3o de A\u00e7\u00f5es e Reclama\u00e7\u00f5es Trabalhistas? Instruir processos judiciais; Compor processo(s) de licita\u00e7\u00f5es; Confirmar os dados da a\u00e7\u00e3o\/execu\u00e7\u00e3o fiscal distribu\u00edda contra o pesquisado; Compor processo(s) de financiamento de im\u00f3vel(is); Compor documenta\u00e7\u00e3o para concursos p\u00fablicos; Instruir negocia\u00e7\u00f5es de compra e venda de im\u00f3vel; E outros. Como solicitar a Certid\u00e3o de [&hellip;]<\/p>\n","protected":false},"featured_media":253,"comment_status":"open","ping_status":"closed","template":"","meta":[],"product_cat":[28,38,70],"product_tag":[46,44,45,47,43],"class_list":["post-63","product","type-product","status-publish","has-post-thumbnail","hentry","product_cat-justica-do-trabalho","product_cat-kit-basico-certidoes-para-compra-e-venda-de-imovel-pessoa-juridica","product_cat-kit-basico-de-certidoes-para-compra-e-venda-de-imovel-com-criminais-pessoa-juridica","product_tag-certidao-de-acoes-e-reclamacoes-trabalhistas","product_tag-certidao-de-acoes-trabalhistas","product_tag-certidao-de-reclamacoes-trabalhistas","product_tag-certidao-de-tribunal-regional-do-trabalho","product_tag-certidao-trabalhista"],"yoast_head":"<!-- This site is optimized with the Yoast SEO plugin v20.4 - https:\/\/yoast.com\/wordpress\/plugins\/seo\/ -->\n<title>Certid\u00e3o de A\u00e7\u00f5es e Reclama\u00e7\u00f5es Trabalhistas - Pessoa Jur\u00eddica - Central Paulista - Certid\u00f5es, Pesquisas Forenses e Cartor\u00e1rias<\/title>\n<meta name=\"robots\" content=\"noindex, follow, max-snippet:-1, max-image-preview:large, max-video-preview:-1\" \/>\n<meta property=\"og:locale\" content=\"pt_BR\" \/>\n<meta property=\"og:type\" content=\"article\" \/>\n<meta property=\"og:title\" content=\"Certid\u00e3o de A\u00e7\u00f5es e Reclama\u00e7\u00f5es Trabalhistas - Pessoa Jur\u00eddica - Central Paulista - Certid\u00f5es, Pesquisas Forenses e Cartor\u00e1rias\" \/>\n<meta property=\"og:description\" content=\"Outras finalidade(s) para a solicita\u00e7\u00e3o da Certid\u00e3o de A\u00e7\u00f5es e Reclama\u00e7\u00f5es Trabalhistas? Instruir processos judiciais; Compor processo(s) de licita\u00e7\u00f5es; Confirmar os dados da a\u00e7\u00e3o\/execu\u00e7\u00e3o fiscal distribu\u00edda contra o pesquisado; Compor processo(s) de financiamento de im\u00f3vel(is); Compor documenta\u00e7\u00e3o para concursos p\u00fablicos; Instruir negocia\u00e7\u00f5es de compra e venda de im\u00f3vel; E outros. Como solicitar a Certid\u00e3o de [&hellip;]\" \/>\n<meta property=\"og:url\" content=\"https:\/\/wordpress.plataformadeteste.com.br\/centralpaulista\/produto\/certidao-do-tribunal-regional-do-trabalho-da-2a-regiao\/\" \/>\n<meta property=\"og:site_name\" content=\"Central Paulista - Certid\u00f5es, Pesquisas Forenses e Cartor\u00e1rias\" \/>\n<meta property=\"article:modified_time\" content=\"2021-11-25T17:37:16+00:00\" \/>\n<meta property=\"og:image\" content=\"https:\/\/wordpress.plataformadeteste.com.br\/centralpaulista\/wp-content\/uploads\/2021\/06\/TRABALHISTA.jpg\" \/>\n\t<meta property=\"og:image:width\" content=\"789\" \/>\n\t<meta property=\"og:image:height\" content=\"1117\" \/>\n\t<meta property=\"og:image:type\" content=\"image\/jpeg\" \/>\n<meta name=\"twitter:card\" content=\"summary_large_image\" \/>\n<script type=\"application\/ld+json\" class=\"yoast-schema-graph\">{\"@context\":\"https:\/\/schema.org\",\"@graph\":[{\"@type\":\"WebPage\",\"@id\":\"https:\/\/wordpress.plataformadeteste.com.br\/centralpaulista\/produto\/certidao-do-tribunal-regional-do-trabalho-da-2a-regiao\/\",\"url\":\"https:\/\/wordpress.plataformadeteste.com.br\/centralpaulista\/produto\/certidao-do-tribunal-regional-do-trabalho-da-2a-regiao\/\",\"name\":\"Certid\u00e3o de A\u00e7\u00f5es e Reclama\u00e7\u00f5es Trabalhistas - Pessoa Jur\u00eddica - Central Paulista - Certid\u00f5es, Pesquisas Forenses e Cartor\u00e1rias\",\"isPartOf\":{\"@id\":\"https:\/\/wordpress.plataformadeteste.com.br\/centralpaulista\/#website\"},\"datePublished\":\"2021-06-08T16:35:19+00:00\",\"dateModified\":\"2021-11-25T17:37:16+00:00\",\"breadcrumb\":{\"@id\":\"https:\/\/wordpress.plataformadeteste.com.br\/centralpaulista\/produto\/certidao-do-tribunal-regional-do-trabalho-da-2a-regiao\/#breadcrumb\"},\"inLanguage\":\"pt-BR\",\"potentialAction\":[{\"@type\":\"ReadAction\",\"target\":[\"https:\/\/wordpress.plataformadeteste.com.br\/centralpaulista\/produto\/certidao-do-tribunal-regional-do-trabalho-da-2a-regiao\/\"]}]},{\"@type\":\"BreadcrumbList\",\"@id\":\"https:\/\/wordpress.plataformadeteste.com.br\/centralpaulista\/produto\/certidao-do-tribunal-regional-do-trabalho-da-2a-regiao\/#breadcrumb\",\"itemListElement\":[{\"@type\":\"ListItem\",\"position\":1,\"name\":\"In\u00edcio\",\"item\":\"https:\/\/wordpress.plataformadeteste.com.br\/centralpaulista\/\"},{\"@type\":\"ListItem\",\"position\":2,\"name\":\"Servi\u00e7os\",\"item\":\"https:\/\/wordpress.plataformadeteste.com.br\/centralpaulista\/servicos\/\"},{\"@type\":\"ListItem\",\"position\":3,\"name\":\"Certid\u00e3o de A\u00e7\u00f5es e Reclama\u00e7\u00f5es Trabalhistas &#8211; Pessoa Jur\u00eddica\"}]},{\"@type\":\"WebSite\",\"@id\":\"https:\/\/wordpress.plataformadeteste.com.br\/centralpaulista\/#website\",\"url\":\"https:\/\/wordpress.plataformadeteste.com.br\/centralpaulista\/\",\"name\":\"Central Paulista - Certid\u00f5es, Pesquisas Forenses e Cartor\u00e1rias\",\"description\":\"Somos uma empresa prestadora de servi\u00e7os no setor de informa\u00e7\u00f5es e cadastro de pessoas f\u00edsicas, pessoas jur\u00eddicas e im\u00f3veis. Nosso trabalho \u00e9 simplificar e garantir a seguran\u00e7a em diferentes tipos de transa\u00e7\u00f5es comerciais. Atuamos nesse mercado desde 1977, fornecendo certid\u00f5es e realizando consultas completas no \u00e2mbito federal, estadual e municipal para todo o Brasil.\",\"potentialAction\":[{\"@type\":\"SearchAction\",\"target\":{\"@type\":\"EntryPoint\",\"urlTemplate\":\"https:\/\/wordpress.plataformadeteste.com.br\/centralpaulista\/?s={search_term_string}\"},\"query-input\":\"required name=search_term_string\"}],\"inLanguage\":\"pt-BR\"}]}<\/script>\n<!-- \/ Yoast SEO plugin. -->","yoast_head_json":{"title":"Certid\u00e3o de A\u00e7\u00f5es e Reclama\u00e7\u00f5es Trabalhistas - Pessoa Jur\u00eddica - Central Paulista - Certid\u00f5es, Pesquisas Forenses e Cartor\u00e1rias","robots":{"index":"noindex","follow":"follow","max-snippet":"max-snippet:-1","max-image-preview":"max-image-preview:large","max-video-preview":"max-video-preview:-1"},"og_locale":"pt_BR","og_type":"article","og_title":"Certid\u00e3o de A\u00e7\u00f5es e Reclama\u00e7\u00f5es Trabalhistas - Pessoa Jur\u00eddica - Central Paulista - Certid\u00f5es, Pesquisas Forenses e Cartor\u00e1rias","og_description":"Outras finalidade(s) para a solicita\u00e7\u00e3o da Certid\u00e3o de A\u00e7\u00f5es e Reclama\u00e7\u00f5es Trabalhistas? Instruir processos judiciais; Compor processo(s) de licita\u00e7\u00f5es; Confirmar os dados da a\u00e7\u00e3o\/execu\u00e7\u00e3o fiscal distribu\u00edda contra o pesquisado; Compor processo(s) de financiamento de im\u00f3vel(is); Compor documenta\u00e7\u00e3o para concursos p\u00fablicos; Instruir negocia\u00e7\u00f5es de compra e venda de im\u00f3vel; E outros. Como solicitar a Certid\u00e3o de [&hellip;]","og_url":"https:\/\/wordpress.plataformadeteste.com.br\/centralpaulista\/produto\/certidao-do-tribunal-regional-do-trabalho-da-2a-regiao\/","og_site_name":"Central Paulista - Certid\u00f5es, Pesquisas Forenses e Cartor\u00e1rias","article_modified_time":"2021-11-25T17:37:16+00:00","og_image":[{"width":789,"height":1117,"url":"https:\/\/wordpress.plataformadeteste.com.br\/centralpaulista\/wp-content\/uploads\/2021\/06\/TRABALHISTA.jpg","type":"image\/jpeg"}],"twitter_card":"summary_large_image","schema":{"@context":"https:\/\/schema.org","@graph":[{"@type":"WebPage","@id":"https:\/\/wordpress.plataformadeteste.com.br\/centralpaulista\/produto\/certidao-do-tribunal-regional-do-trabalho-da-2a-regiao\/","url":"https:\/\/wordpress.plataformadeteste.com.br\/centralpaulista\/produto\/certidao-do-tribunal-regional-do-trabalho-da-2a-regiao\/","name":"Certid\u00e3o de A\u00e7\u00f5es e Reclama\u00e7\u00f5es Trabalhistas - Pessoa Jur\u00eddica - Central Paulista - Certid\u00f5es, Pesquisas Forenses e Cartor\u00e1rias","isPartOf":{"@id":"https:\/\/wordpress.plataformadeteste.com.br\/centralpaulista\/#website"},"datePublished":"2021-06-08T16:35:19+00:00","dateModified":"2021-11-25T17:37:16+00:00","breadcrumb":{"@id":"https:\/\/wordpress.plataformadeteste.com.br\/centralpaulista\/produto\/certidao-do-tribunal-regional-do-trabalho-da-2a-regiao\/#breadcrumb"},"inLanguage":"pt-BR","potentialAction":[{"@type":"ReadAction","target":["https:\/\/wordpress.plataformadeteste.com.br\/centralpaulista\/produto\/certidao-do-tribunal-regional-do-trabalho-da-2a-regiao\/"]}]},{"@type":"BreadcrumbList","@id":"https:\/\/wordpress.plataformadeteste.com.br\/centralpaulista\/produto\/certidao-do-tribunal-regional-do-trabalho-da-2a-regiao\/#breadcrumb","itemListElement":[{"@type":"ListItem","position":1,"name":"In\u00edcio","item":"https:\/\/wordpress.plataformadeteste.com.br\/centralpaulista\/"},{"@type":"ListItem","position":2,"name":"Servi\u00e7os","item":"https:\/\/wordpress.plataformadeteste.com.br\/centralpaulista\/servicos\/"},{"@type":"ListItem","position":3,"name":"Certid\u00e3o de A\u00e7\u00f5es e Reclama\u00e7\u00f5es Trabalhistas &#8211; Pessoa Jur\u00eddica"}]},{"@type":"WebSite","@id":"https:\/\/wordpress.plataformadeteste.com.br\/centralpaulista\/#website","url":"https:\/\/wordpress.plataformadeteste.com.br\/centralpaulista\/","name":"Central Paulista - Certid\u00f5es, Pesquisas Forenses e Cartor\u00e1rias","description":"Somos uma empresa prestadora de servi\u00e7os no setor de informa\u00e7\u00f5es e cadastro de pessoas f\u00edsicas, pessoas jur\u00eddicas e im\u00f3veis. Nosso trabalho \u00e9 simplificar e garantir a seguran\u00e7a em diferentes tipos de transa\u00e7\u00f5es comerciais. Atuamos nesse mercado desde 1977, fornecendo certid\u00f5es e realizando consultas completas no \u00e2mbito federal, estadual e municipal para todo o Brasil.","potentialAction":[{"@type":"SearchAction","target":{"@type":"EntryPoint","urlTemplate":"https:\/\/wordpress.plataformadeteste.com.br\/centralpaulista\/?s={search_term_string}"},"query-input":"required name=search_term_string"}],"inLanguage":"pt-BR"}]}},"_links":{"self":[{"href":"https:\/\/wordpress.plataformadeteste.com.br\/centralpaulista\/wp-json\/wp\/v2\/product\/63","targetHints":{"allow":["GET"]}}],"collection":[{"href":"https:\/\/wordpress.plataformadeteste.com.br\/centralpaulista\/wp-json\/wp\/v2\/product"}],"about":[{"href":"https:\/\/wordpress.plataformadeteste.com.br\/centralpaulista\/wp-json\/wp\/v2\/types\/product"}],"replies":[{"embeddable":true,"href":"https:\/\/wordpress.plataformadeteste.com.br\/centralpaulista\/wp-json\/wp\/v2\/comments?post=63"}],"wp:featuredmedia":[{"embeddable":true,"href":"https:\/\/wordpress.plataformadeteste.com.br\/centralpaulista\/wp-json\/wp\/v2\/media\/253"}],"wp:attachment":[{"href":"https:\/\/wordpress.plataformadeteste.com.br\/centralpaulista\/wp-json\/wp\/v2\/media?parent=63"}],"wp:term":[{"taxonomy":"product_cat","embeddable":true,"href":"https:\/\/wordpress.plataformadeteste.com.br\/centralpaulista\/wp-json\/wp\/v2\/product_cat?post=63"},{"taxonomy":"product_tag","embeddable":true,"href":"https:\/\/wordpress.plataformadeteste.com.br\/centralpaulista\/wp-json\/wp\/v2\/product_tag?post=63"}],"curies":[{"name":"wp","href":"https:\/\/api.w.org\/{rel}","templated":true}]}}