{"id":273,"date":"2021-11-08T15:23:44","date_gmt":"2021-11-08T18:23:44","guid":{"rendered":"https:\/\/centralpaulista.com.br\/?post_type=product&#038;p=273"},"modified":"2021-11-25T17:10:36","modified_gmt":"2021-11-25T20:10:36","slug":"certidao-de-execucoes-criminais-pessoa-juridica","status":"publish","type":"product","link":"https:\/\/wordpress.plataformadeteste.com.br\/centralpaulista\/produto\/certidao-de-execucoes-criminais-pessoa-juridica\/","title":{"rendered":"Certid\u00e3o de Execu\u00e7\u00f5es Criminais &#8211; Pessoa Jur\u00eddica"},"content":{"rendered":"<p><strong>Outras finalidades para a solicita\u00e7\u00e3o da Certid\u00e3o de Execu\u00e7\u00f5es Criminais para Pessoa Jur\u00eddica?<\/strong><\/p>\n<ul>\n<li>Compor processo(s) de compra e venda de im\u00f3vel(is);<\/li>\n<li>Compor processo(s) de licita\u00e7\u00f5es;<\/li>\n<li>Compor processo(s) de financiamento de im\u00f3vel(is);<\/li>\n<li>Compor processo(s) de loteamento;<\/li>\n<li>E outros.<\/li>\n<\/ul>\n<p><strong><br \/>\nComo solicitar a Certid\u00e3o de Execu\u00e7\u00f5es Criminais para Pessoa Jur\u00eddica?<\/strong><\/p>\n<p>Para solicitar a Certid\u00e3o de Execu\u00e7\u00f5es Criminais para Pessoa Jur\u00eddica, basta adicionar este servi\u00e7o ao seu carrinho.<\/p>\n<p><strong><br \/>\nQual(is) o(s) dado(s) necess\u00e1rio(s) para a emiss\u00e3o da Certid\u00e3o de Execu\u00e7\u00f5es Criminais para Pessoa Jur\u00eddica?<\/strong><\/p>\n<ul>\n<li>Raz\u00e3o Social;<\/li>\n<li>CNPJ.<\/li>\n<\/ul>\n<p>&nbsp;<\/p>\n<p><strong>Central Paulista<\/strong><\/p>\n<ul>\n<li>Desde 1977, sendo um facilitador para a obten\u00e7\u00e3o de documentos, certid\u00f5es e pesquisas;<\/li>\n<li>Atendimento r\u00e1pido e garantido;<\/li>\n<li>Agilidade no prazo de entrega;<\/li>\n<li>Avalia\u00e7\u00f5es 100% positivas no Google.<\/li>\n<\/ul>\n","protected":false},"excerpt":{"rendered":"<p>Outras finalidades para a solicita\u00e7\u00e3o da Certid\u00e3o de Execu\u00e7\u00f5es Criminais para Pessoa Jur\u00eddica? Compor processo(s) de compra e venda de im\u00f3vel(is); Compor processo(s) de licita\u00e7\u00f5es; Compor processo(s) de financiamento de im\u00f3vel(is); Compor processo(s) de loteamento; E outros. Como solicitar a Certid\u00e3o de Execu\u00e7\u00f5es Criminais para Pessoa Jur\u00eddica? Para solicitar a Certid\u00e3o de Execu\u00e7\u00f5es Criminais para [&hellip;]<\/p>\n","protected":false},"featured_media":0,"comment_status":"open","ping_status":"closed","template":"","meta":[],"product_cat":[70,19],"product_tag":[],"class_list":["post-273","product","type-product","status-publish","hentry","product_cat-kit-basico-de-certidoes-para-compra-e-venda-de-imovel-com-criminais-pessoa-juridica","product_cat-tribunal-de-justica"],"yoast_head":"<!-- This site is optimized with the Yoast SEO plugin v20.4 - https:\/\/yoast.com\/wordpress\/plugins\/seo\/ -->\n<title>Certid\u00e3o de Execu\u00e7\u00f5es Criminais - Pessoa Jur\u00eddica - Central Paulista - Certid\u00f5es, Pesquisas Forenses e Cartor\u00e1rias<\/title>\n<meta name=\"robots\" content=\"noindex, follow, max-snippet:-1, max-image-preview:large, max-video-preview:-1\" \/>\n<meta property=\"og:locale\" content=\"pt_BR\" \/>\n<meta property=\"og:type\" content=\"article\" \/>\n<meta property=\"og:title\" content=\"Certid\u00e3o de Execu\u00e7\u00f5es Criminais - Pessoa Jur\u00eddica - Central Paulista - Certid\u00f5es, Pesquisas Forenses e Cartor\u00e1rias\" \/>\n<meta property=\"og:description\" content=\"Outras finalidades para a solicita\u00e7\u00e3o da Certid\u00e3o de Execu\u00e7\u00f5es Criminais para Pessoa Jur\u00eddica? Compor processo(s) de compra e venda de im\u00f3vel(is); Compor processo(s) de licita\u00e7\u00f5es; Compor processo(s) de financiamento de im\u00f3vel(is); Compor processo(s) de loteamento; E outros. Como solicitar a Certid\u00e3o de Execu\u00e7\u00f5es Criminais para Pessoa Jur\u00eddica? Para solicitar a Certid\u00e3o de Execu\u00e7\u00f5es Criminais para [&hellip;]\" \/>\n<meta property=\"og:url\" content=\"https:\/\/wordpress.plataformadeteste.com.br\/centralpaulista\/produto\/certidao-de-execucoes-criminais-pessoa-juridica\/\" \/>\n<meta property=\"og:site_name\" content=\"Central Paulista - Certid\u00f5es, Pesquisas Forenses e Cartor\u00e1rias\" \/>\n<meta property=\"article:modified_time\" content=\"2021-11-25T20:10:36+00:00\" \/>\n<meta name=\"twitter:card\" content=\"summary_large_image\" \/>\n<script type=\"application\/ld+json\" class=\"yoast-schema-graph\">{\"@context\":\"https:\/\/schema.org\",\"@graph\":[{\"@type\":\"WebPage\",\"@id\":\"https:\/\/wordpress.plataformadeteste.com.br\/centralpaulista\/produto\/certidao-de-execucoes-criminais-pessoa-juridica\/\",\"url\":\"https:\/\/wordpress.plataformadeteste.com.br\/centralpaulista\/produto\/certidao-de-execucoes-criminais-pessoa-juridica\/\",\"name\":\"Certid\u00e3o de Execu\u00e7\u00f5es Criminais - Pessoa Jur\u00eddica - Central Paulista - Certid\u00f5es, Pesquisas Forenses e Cartor\u00e1rias\",\"isPartOf\":{\"@id\":\"https:\/\/wordpress.plataformadeteste.com.br\/centralpaulista\/#website\"},\"datePublished\":\"2021-11-08T18:23:44+00:00\",\"dateModified\":\"2021-11-25T20:10:36+00:00\",\"breadcrumb\":{\"@id\":\"https:\/\/wordpress.plataformadeteste.com.br\/centralpaulista\/produto\/certidao-de-execucoes-criminais-pessoa-juridica\/#breadcrumb\"},\"inLanguage\":\"pt-BR\",\"potentialAction\":[{\"@type\":\"ReadAction\",\"target\":[\"https:\/\/wordpress.plataformadeteste.com.br\/centralpaulista\/produto\/certidao-de-execucoes-criminais-pessoa-juridica\/\"]}]},{\"@type\":\"BreadcrumbList\",\"@id\":\"https:\/\/wordpress.plataformadeteste.com.br\/centralpaulista\/produto\/certidao-de-execucoes-criminais-pessoa-juridica\/#breadcrumb\",\"itemListElement\":[{\"@type\":\"ListItem\",\"position\":1,\"name\":\"In\u00edcio\",\"item\":\"https:\/\/wordpress.plataformadeteste.com.br\/centralpaulista\/\"},{\"@type\":\"ListItem\",\"position\":2,\"name\":\"Servi\u00e7os\",\"item\":\"https:\/\/wordpress.plataformadeteste.com.br\/centralpaulista\/servicos\/\"},{\"@type\":\"ListItem\",\"position\":3,\"name\":\"Certid\u00e3o de Execu\u00e7\u00f5es Criminais &#8211; Pessoa Jur\u00eddica\"}]},{\"@type\":\"WebSite\",\"@id\":\"https:\/\/wordpress.plataformadeteste.com.br\/centralpaulista\/#website\",\"url\":\"https:\/\/wordpress.plataformadeteste.com.br\/centralpaulista\/\",\"name\":\"Central Paulista - Certid\u00f5es, Pesquisas Forenses e Cartor\u00e1rias\",\"description\":\"Somos uma empresa prestadora de servi\u00e7os no setor de informa\u00e7\u00f5es e cadastro de pessoas f\u00edsicas, pessoas jur\u00eddicas e im\u00f3veis. Nosso trabalho \u00e9 simplificar e garantir a seguran\u00e7a em diferentes tipos de transa\u00e7\u00f5es comerciais. Atuamos nesse mercado desde 1977, fornecendo certid\u00f5es e realizando consultas completas no \u00e2mbito federal, estadual e municipal para todo o Brasil.\",\"potentialAction\":[{\"@type\":\"SearchAction\",\"target\":{\"@type\":\"EntryPoint\",\"urlTemplate\":\"https:\/\/wordpress.plataformadeteste.com.br\/centralpaulista\/?s={search_term_string}\"},\"query-input\":\"required name=search_term_string\"}],\"inLanguage\":\"pt-BR\"}]}<\/script>\n<!-- \/ Yoast SEO plugin. -->","yoast_head_json":{"title":"Certid\u00e3o de Execu\u00e7\u00f5es Criminais - Pessoa Jur\u00eddica - Central Paulista - Certid\u00f5es, Pesquisas Forenses e Cartor\u00e1rias","robots":{"index":"noindex","follow":"follow","max-snippet":"max-snippet:-1","max-image-preview":"max-image-preview:large","max-video-preview":"max-video-preview:-1"},"og_locale":"pt_BR","og_type":"article","og_title":"Certid\u00e3o de Execu\u00e7\u00f5es Criminais - Pessoa Jur\u00eddica - Central Paulista - Certid\u00f5es, Pesquisas Forenses e Cartor\u00e1rias","og_description":"Outras finalidades para a solicita\u00e7\u00e3o da Certid\u00e3o de Execu\u00e7\u00f5es Criminais para Pessoa Jur\u00eddica? Compor processo(s) de compra e venda de im\u00f3vel(is); Compor processo(s) de licita\u00e7\u00f5es; Compor processo(s) de financiamento de im\u00f3vel(is); Compor processo(s) de loteamento; E outros. Como solicitar a Certid\u00e3o de Execu\u00e7\u00f5es Criminais para Pessoa Jur\u00eddica? Para solicitar a Certid\u00e3o de Execu\u00e7\u00f5es Criminais para [&hellip;]","og_url":"https:\/\/wordpress.plataformadeteste.com.br\/centralpaulista\/produto\/certidao-de-execucoes-criminais-pessoa-juridica\/","og_site_name":"Central Paulista - Certid\u00f5es, Pesquisas Forenses e Cartor\u00e1rias","article_modified_time":"2021-11-25T20:10:36+00:00","twitter_card":"summary_large_image","schema":{"@context":"https:\/\/schema.org","@graph":[{"@type":"WebPage","@id":"https:\/\/wordpress.plataformadeteste.com.br\/centralpaulista\/produto\/certidao-de-execucoes-criminais-pessoa-juridica\/","url":"https:\/\/wordpress.plataformadeteste.com.br\/centralpaulista\/produto\/certidao-de-execucoes-criminais-pessoa-juridica\/","name":"Certid\u00e3o de Execu\u00e7\u00f5es Criminais - Pessoa Jur\u00eddica - Central Paulista - Certid\u00f5es, Pesquisas Forenses e Cartor\u00e1rias","isPartOf":{"@id":"https:\/\/wordpress.plataformadeteste.com.br\/centralpaulista\/#website"},"datePublished":"2021-11-08T18:23:44+00:00","dateModified":"2021-11-25T20:10:36+00:00","breadcrumb":{"@id":"https:\/\/wordpress.plataformadeteste.com.br\/centralpaulista\/produto\/certidao-de-execucoes-criminais-pessoa-juridica\/#breadcrumb"},"inLanguage":"pt-BR","potentialAction":[{"@type":"ReadAction","target":["https:\/\/wordpress.plataformadeteste.com.br\/centralpaulista\/produto\/certidao-de-execucoes-criminais-pessoa-juridica\/"]}]},{"@type":"BreadcrumbList","@id":"https:\/\/wordpress.plataformadeteste.com.br\/centralpaulista\/produto\/certidao-de-execucoes-criminais-pessoa-juridica\/#breadcrumb","itemListElement":[{"@type":"ListItem","position":1,"name":"In\u00edcio","item":"https:\/\/wordpress.plataformadeteste.com.br\/centralpaulista\/"},{"@type":"ListItem","position":2,"name":"Servi\u00e7os","item":"https:\/\/wordpress.plataformadeteste.com.br\/centralpaulista\/servicos\/"},{"@type":"ListItem","position":3,"name":"Certid\u00e3o de Execu\u00e7\u00f5es Criminais &#8211; Pessoa Jur\u00eddica"}]},{"@type":"WebSite","@id":"https:\/\/wordpress.plataformadeteste.com.br\/centralpaulista\/#website","url":"https:\/\/wordpress.plataformadeteste.com.br\/centralpaulista\/","name":"Central Paulista - Certid\u00f5es, Pesquisas Forenses e Cartor\u00e1rias","description":"Somos uma empresa prestadora de servi\u00e7os no setor de informa\u00e7\u00f5es e cadastro de pessoas f\u00edsicas, pessoas jur\u00eddicas e im\u00f3veis. Nosso trabalho \u00e9 simplificar e garantir a seguran\u00e7a em diferentes tipos de transa\u00e7\u00f5es comerciais. Atuamos nesse mercado desde 1977, fornecendo certid\u00f5es e realizando consultas completas no \u00e2mbito federal, estadual e municipal para todo o Brasil.","potentialAction":[{"@type":"SearchAction","target":{"@type":"EntryPoint","urlTemplate":"https:\/\/wordpress.plataformadeteste.com.br\/centralpaulista\/?s={search_term_string}"},"query-input":"required name=search_term_string"}],"inLanguage":"pt-BR"}]}},"_links":{"self":[{"href":"https:\/\/wordpress.plataformadeteste.com.br\/centralpaulista\/wp-json\/wp\/v2\/product\/273","targetHints":{"allow":["GET"]}}],"collection":[{"href":"https:\/\/wordpress.plataformadeteste.com.br\/centralpaulista\/wp-json\/wp\/v2\/product"}],"about":[{"href":"https:\/\/wordpress.plataformadeteste.com.br\/centralpaulista\/wp-json\/wp\/v2\/types\/product"}],"replies":[{"embeddable":true,"href":"https:\/\/wordpress.plataformadeteste.com.br\/centralpaulista\/wp-json\/wp\/v2\/comments?post=273"}],"wp:attachment":[{"href":"https:\/\/wordpress.plataformadeteste.com.br\/centralpaulista\/wp-json\/wp\/v2\/media?parent=273"}],"wp:term":[{"taxonomy":"product_cat","embeddable":true,"href":"https:\/\/wordpress.plataformadeteste.com.br\/centralpaulista\/wp-json\/wp\/v2\/product_cat?post=273"},{"taxonomy":"product_tag","embeddable":true,"href":"https:\/\/wordpress.plataformadeteste.com.br\/centralpaulista\/wp-json\/wp\/v2\/product_tag?post=273"}],"curies":[{"name":"wp","href":"https:\/\/api.w.org\/{rel}","templated":true}]}}