{"id":234,"date":"2021-09-15T10:38:00","date_gmt":"2021-09-15T13:38:00","guid":{"rendered":"https:\/\/centralpaulista.com.br\/?post_type=product&#038;p=234"},"modified":"2021-11-25T17:00:52","modified_gmt":"2021-11-25T20:00:52","slug":"certidao-dos-cartorios-de-protestos-e-titulos","status":"publish","type":"product","link":"https:\/\/wordpress.plataformadeteste.com.br\/centralpaulista\/produto\/certidao-dos-cartorios-de-protestos-e-titulos\/","title":{"rendered":"Certid\u00e3o dos Cart\u00f3rios de Protestos e T\u00edtulos &#8211; Pessoa Jur\u00eddica"},"content":{"rendered":"<p><strong>Outras finalidade(s) para a solicita\u00e7\u00e3o da Certid\u00e3o de Protesto?<\/strong><\/p>\n<ul>\n<li>Compor processo(s) de compra e venda de im\u00f3vel(is);<\/li>\n<li>Justificar que cheques devolvidos n\u00e3o foram protestados;<\/li>\n<li>Compor processo(s) de licita\u00e7\u00f5es;<\/li>\n<li>Compor processo(s) de financiamento de im\u00f3vel(is);<\/li>\n<li>Compor processo(s) de loteamento;<\/li>\n<li>E outros.<\/li>\n<\/ul>\n<p><strong><br \/>\nComo solicitar a Certid\u00e3o de Protesto?<\/strong><\/p>\n<p>Para solicitar a Certid\u00e3o de Protesto, basta adicionar este servi\u00e7o ao seu carrinho.<\/p>\n<p><strong><br \/>\nQual(is) o(s) dado(s) necess\u00e1rio(s) para a emiss\u00e3o da Certid\u00e3o de Protesto?<\/strong><\/p>\n<ul>\n<li><strong>Para pessoa(s) jur\u00eddica(s) (empresas):<\/strong> Raz\u00e3o Social e CNPJ;<\/li>\n<li><strong>Para pessoa(s) f\u00edsica(s):<\/strong> Nome completo, RG e CPF.<\/li>\n<\/ul>\n<p>&nbsp;<\/p>\n<p><strong>Central Paulista<\/strong><\/p>\n<ul>\n<li>Desde 1977, sendo um facilitador para a obten\u00e7\u00e3o de documentos, certid\u00f5es e pesquisas;<\/li>\n<li>Atendimento r\u00e1pido e garantido;<\/li>\n<li>Agilidade no prazo de entrega;<\/li>\n<li>Avalia\u00e7\u00f5es 100% positivas no Google.<\/li>\n<\/ul>\n<p>&nbsp;<\/p>\n","protected":false},"excerpt":{"rendered":"<p>Outras finalidade(s) para a solicita\u00e7\u00e3o da Certid\u00e3o de Protesto? Compor processo(s) de compra e venda de im\u00f3vel(is); Justificar que cheques devolvidos n\u00e3o foram protestados; Compor processo(s) de licita\u00e7\u00f5es; Compor processo(s) de financiamento de im\u00f3vel(is); Compor processo(s) de loteamento; E outros. Como solicitar a Certid\u00e3o de Protesto? Para solicitar a Certid\u00e3o de Protesto, basta adicionar este [&hellip;]<\/p>\n","protected":false},"featured_media":0,"comment_status":"open","ping_status":"closed","template":"","meta":[],"product_cat":[23,38,70],"product_tag":[36,37],"class_list":["post-234","product","type-product","status-publish","hentry","product_cat-cartorio-de-protesto","product_cat-kit-basico-certidoes-para-compra-e-venda-de-imovel-pessoa-juridica","product_cat-kit-basico-de-certidoes-para-compra-e-venda-de-imovel-com-criminais-pessoa-juridica","product_tag-certidao-dos-cartorios-de-protestos-e-titulos","product_tag-certidoes-de-protestos"],"yoast_head":"<!-- This site is optimized with the Yoast SEO plugin v20.4 - https:\/\/yoast.com\/wordpress\/plugins\/seo\/ -->\n<title>Certid\u00e3o dos Cart\u00f3rios de Protestos e T\u00edtulos - Pessoa Jur\u00eddica - Central Paulista - Certid\u00f5es, Pesquisas Forenses e Cartor\u00e1rias<\/title>\n<meta name=\"robots\" content=\"noindex, follow, max-snippet:-1, max-image-preview:large, max-video-preview:-1\" \/>\n<meta property=\"og:locale\" content=\"pt_BR\" \/>\n<meta property=\"og:type\" content=\"article\" \/>\n<meta property=\"og:title\" content=\"Certid\u00e3o dos Cart\u00f3rios de Protestos e T\u00edtulos - Pessoa Jur\u00eddica - Central Paulista - Certid\u00f5es, Pesquisas Forenses e Cartor\u00e1rias\" \/>\n<meta property=\"og:description\" content=\"Outras finalidade(s) para a solicita\u00e7\u00e3o da Certid\u00e3o de Protesto? Compor processo(s) de compra e venda de im\u00f3vel(is); Justificar que cheques devolvidos n\u00e3o foram protestados; Compor processo(s) de licita\u00e7\u00f5es; Compor processo(s) de financiamento de im\u00f3vel(is); Compor processo(s) de loteamento; E outros. Como solicitar a Certid\u00e3o de Protesto? Para solicitar a Certid\u00e3o de Protesto, basta adicionar este [&hellip;]\" \/>\n<meta property=\"og:url\" content=\"https:\/\/wordpress.plataformadeteste.com.br\/centralpaulista\/produto\/certidao-dos-cartorios-de-protestos-e-titulos\/\" \/>\n<meta property=\"og:site_name\" content=\"Central Paulista - Certid\u00f5es, Pesquisas Forenses e Cartor\u00e1rias\" \/>\n<meta property=\"article:modified_time\" content=\"2021-11-25T20:00:52+00:00\" \/>\n<meta name=\"twitter:card\" content=\"summary_large_image\" \/>\n<script type=\"application\/ld+json\" class=\"yoast-schema-graph\">{\"@context\":\"https:\/\/schema.org\",\"@graph\":[{\"@type\":\"WebPage\",\"@id\":\"https:\/\/wordpress.plataformadeteste.com.br\/centralpaulista\/produto\/certidao-dos-cartorios-de-protestos-e-titulos\/\",\"url\":\"https:\/\/wordpress.plataformadeteste.com.br\/centralpaulista\/produto\/certidao-dos-cartorios-de-protestos-e-titulos\/\",\"name\":\"Certid\u00e3o dos Cart\u00f3rios de Protestos e T\u00edtulos - Pessoa Jur\u00eddica - Central Paulista - Certid\u00f5es, Pesquisas Forenses e Cartor\u00e1rias\",\"isPartOf\":{\"@id\":\"https:\/\/wordpress.plataformadeteste.com.br\/centralpaulista\/#website\"},\"datePublished\":\"2021-09-15T13:38:00+00:00\",\"dateModified\":\"2021-11-25T20:00:52+00:00\",\"breadcrumb\":{\"@id\":\"https:\/\/wordpress.plataformadeteste.com.br\/centralpaulista\/produto\/certidao-dos-cartorios-de-protestos-e-titulos\/#breadcrumb\"},\"inLanguage\":\"pt-BR\",\"potentialAction\":[{\"@type\":\"ReadAction\",\"target\":[\"https:\/\/wordpress.plataformadeteste.com.br\/centralpaulista\/produto\/certidao-dos-cartorios-de-protestos-e-titulos\/\"]}]},{\"@type\":\"BreadcrumbList\",\"@id\":\"https:\/\/wordpress.plataformadeteste.com.br\/centralpaulista\/produto\/certidao-dos-cartorios-de-protestos-e-titulos\/#breadcrumb\",\"itemListElement\":[{\"@type\":\"ListItem\",\"position\":1,\"name\":\"In\u00edcio\",\"item\":\"https:\/\/wordpress.plataformadeteste.com.br\/centralpaulista\/\"},{\"@type\":\"ListItem\",\"position\":2,\"name\":\"Servi\u00e7os\",\"item\":\"https:\/\/wordpress.plataformadeteste.com.br\/centralpaulista\/servicos\/\"},{\"@type\":\"ListItem\",\"position\":3,\"name\":\"Certid\u00e3o dos Cart\u00f3rios de Protestos e T\u00edtulos &#8211; Pessoa Jur\u00eddica\"}]},{\"@type\":\"WebSite\",\"@id\":\"https:\/\/wordpress.plataformadeteste.com.br\/centralpaulista\/#website\",\"url\":\"https:\/\/wordpress.plataformadeteste.com.br\/centralpaulista\/\",\"name\":\"Central Paulista - Certid\u00f5es, Pesquisas Forenses e Cartor\u00e1rias\",\"description\":\"Somos uma empresa prestadora de servi\u00e7os no setor de informa\u00e7\u00f5es e cadastro de pessoas f\u00edsicas, pessoas jur\u00eddicas e im\u00f3veis. Nosso trabalho \u00e9 simplificar e garantir a seguran\u00e7a em diferentes tipos de transa\u00e7\u00f5es comerciais. Atuamos nesse mercado desde 1977, fornecendo certid\u00f5es e realizando consultas completas no \u00e2mbito federal, estadual e municipal para todo o Brasil.\",\"potentialAction\":[{\"@type\":\"SearchAction\",\"target\":{\"@type\":\"EntryPoint\",\"urlTemplate\":\"https:\/\/wordpress.plataformadeteste.com.br\/centralpaulista\/?s={search_term_string}\"},\"query-input\":\"required name=search_term_string\"}],\"inLanguage\":\"pt-BR\"}]}<\/script>\n<!-- \/ Yoast SEO plugin. -->","yoast_head_json":{"title":"Certid\u00e3o dos Cart\u00f3rios de Protestos e T\u00edtulos - Pessoa Jur\u00eddica - Central Paulista - Certid\u00f5es, Pesquisas Forenses e Cartor\u00e1rias","robots":{"index":"noindex","follow":"follow","max-snippet":"max-snippet:-1","max-image-preview":"max-image-preview:large","max-video-preview":"max-video-preview:-1"},"og_locale":"pt_BR","og_type":"article","og_title":"Certid\u00e3o dos Cart\u00f3rios de Protestos e T\u00edtulos - Pessoa Jur\u00eddica - Central Paulista - Certid\u00f5es, Pesquisas Forenses e Cartor\u00e1rias","og_description":"Outras finalidade(s) para a solicita\u00e7\u00e3o da Certid\u00e3o de Protesto? Compor processo(s) de compra e venda de im\u00f3vel(is); Justificar que cheques devolvidos n\u00e3o foram protestados; Compor processo(s) de licita\u00e7\u00f5es; Compor processo(s) de financiamento de im\u00f3vel(is); Compor processo(s) de loteamento; E outros. Como solicitar a Certid\u00e3o de Protesto? Para solicitar a Certid\u00e3o de Protesto, basta adicionar este [&hellip;]","og_url":"https:\/\/wordpress.plataformadeteste.com.br\/centralpaulista\/produto\/certidao-dos-cartorios-de-protestos-e-titulos\/","og_site_name":"Central Paulista - Certid\u00f5es, Pesquisas Forenses e Cartor\u00e1rias","article_modified_time":"2021-11-25T20:00:52+00:00","twitter_card":"summary_large_image","schema":{"@context":"https:\/\/schema.org","@graph":[{"@type":"WebPage","@id":"https:\/\/wordpress.plataformadeteste.com.br\/centralpaulista\/produto\/certidao-dos-cartorios-de-protestos-e-titulos\/","url":"https:\/\/wordpress.plataformadeteste.com.br\/centralpaulista\/produto\/certidao-dos-cartorios-de-protestos-e-titulos\/","name":"Certid\u00e3o dos Cart\u00f3rios de Protestos e T\u00edtulos - Pessoa Jur\u00eddica - Central Paulista - Certid\u00f5es, Pesquisas Forenses e Cartor\u00e1rias","isPartOf":{"@id":"https:\/\/wordpress.plataformadeteste.com.br\/centralpaulista\/#website"},"datePublished":"2021-09-15T13:38:00+00:00","dateModified":"2021-11-25T20:00:52+00:00","breadcrumb":{"@id":"https:\/\/wordpress.plataformadeteste.com.br\/centralpaulista\/produto\/certidao-dos-cartorios-de-protestos-e-titulos\/#breadcrumb"},"inLanguage":"pt-BR","potentialAction":[{"@type":"ReadAction","target":["https:\/\/wordpress.plataformadeteste.com.br\/centralpaulista\/produto\/certidao-dos-cartorios-de-protestos-e-titulos\/"]}]},{"@type":"BreadcrumbList","@id":"https:\/\/wordpress.plataformadeteste.com.br\/centralpaulista\/produto\/certidao-dos-cartorios-de-protestos-e-titulos\/#breadcrumb","itemListElement":[{"@type":"ListItem","position":1,"name":"In\u00edcio","item":"https:\/\/wordpress.plataformadeteste.com.br\/centralpaulista\/"},{"@type":"ListItem","position":2,"name":"Servi\u00e7os","item":"https:\/\/wordpress.plataformadeteste.com.br\/centralpaulista\/servicos\/"},{"@type":"ListItem","position":3,"name":"Certid\u00e3o dos Cart\u00f3rios de Protestos e T\u00edtulos &#8211; Pessoa Jur\u00eddica"}]},{"@type":"WebSite","@id":"https:\/\/wordpress.plataformadeteste.com.br\/centralpaulista\/#website","url":"https:\/\/wordpress.plataformadeteste.com.br\/centralpaulista\/","name":"Central Paulista - Certid\u00f5es, Pesquisas Forenses e Cartor\u00e1rias","description":"Somos uma empresa prestadora de servi\u00e7os no setor de informa\u00e7\u00f5es e cadastro de pessoas f\u00edsicas, pessoas jur\u00eddicas e im\u00f3veis. Nosso trabalho \u00e9 simplificar e garantir a seguran\u00e7a em diferentes tipos de transa\u00e7\u00f5es comerciais. Atuamos nesse mercado desde 1977, fornecendo certid\u00f5es e realizando consultas completas no \u00e2mbito federal, estadual e municipal para todo o Brasil.","potentialAction":[{"@type":"SearchAction","target":{"@type":"EntryPoint","urlTemplate":"https:\/\/wordpress.plataformadeteste.com.br\/centralpaulista\/?s={search_term_string}"},"query-input":"required name=search_term_string"}],"inLanguage":"pt-BR"}]}},"_links":{"self":[{"href":"https:\/\/wordpress.plataformadeteste.com.br\/centralpaulista\/wp-json\/wp\/v2\/product\/234","targetHints":{"allow":["GET"]}}],"collection":[{"href":"https:\/\/wordpress.plataformadeteste.com.br\/centralpaulista\/wp-json\/wp\/v2\/product"}],"about":[{"href":"https:\/\/wordpress.plataformadeteste.com.br\/centralpaulista\/wp-json\/wp\/v2\/types\/product"}],"replies":[{"embeddable":true,"href":"https:\/\/wordpress.plataformadeteste.com.br\/centralpaulista\/wp-json\/wp\/v2\/comments?post=234"}],"wp:attachment":[{"href":"https:\/\/wordpress.plataformadeteste.com.br\/centralpaulista\/wp-json\/wp\/v2\/media?parent=234"}],"wp:term":[{"taxonomy":"product_cat","embeddable":true,"href":"https:\/\/wordpress.plataformadeteste.com.br\/centralpaulista\/wp-json\/wp\/v2\/product_cat?post=234"},{"taxonomy":"product_tag","embeddable":true,"href":"https:\/\/wordpress.plataformadeteste.com.br\/centralpaulista\/wp-json\/wp\/v2\/product_tag?post=234"}],"curies":[{"name":"wp","href":"https:\/\/api.w.org\/{rel}","templated":true}]}}