{"id":1082,"date":"2022-07-08T10:11:40","date_gmt":"2022-07-08T13:11:40","guid":{"rendered":"https:\/\/centralpaulista.com.br\/?post_type=product&#038;p=1082"},"modified":"2022-07-08T10:11:40","modified_gmt":"2022-07-08T13:11:40","slug":"certidoes-para-licitacao","status":"publish","type":"product","link":"https:\/\/wordpress.plataformadeteste.com.br\/centralpaulista\/produto\/certidoes-para-licitacao\/","title":{"rendered":"Certid\u00f5es para Licita\u00e7\u00e3o"},"content":{"rendered":"<p><strong>O que \u00e9 licita\u00e7\u00e3o?<\/strong><\/p>\n<p>A licita\u00e7\u00e3o compreende um conjunto de processos determinados pela <a href=\"http:\/\/www.planalto.gov.br\/ccivil_03\/Leis\/L8666cons.htm\">Lei n\u00ba 8666\/93<\/a> para regulamentar a aquisi\u00e7\u00e3o de produtos e servi\u00e7os pelo Poder P\u00fablico. Isso significa que os \u00f3rg\u00e3os ligados aos governos municipal, estadual e federal devem seguir os procedimentos de uma licita\u00e7\u00e3o para realizar compras e contrata\u00e7\u00f5es de servi\u00e7os.<\/p>\n<p><strong>Para que serve a licita\u00e7\u00e3o?<\/strong><\/p>\n<p>O processo de licita\u00e7\u00e3o serve para que as entidades da administra\u00e7\u00e3o p\u00fablica possam captar e selecionar a melhor proposta de fornecedores (servi\u00e7os, produtos ou at\u00e9 mesmo obras). A licita\u00e7\u00e3o tamb\u00e9m tem a finalidade de garantir que haja uma concorr\u00eancia igualit\u00e1ria entre as institui\u00e7\u00f5es habilitadas para a contrata\u00e7\u00e3o e de regularizar todos os procedimentos para atingir esses objetivos.<\/p>\n<p><strong>Quem deve realizar a licita\u00e7\u00e3o?<\/strong><\/p>\n<p>As organiza\u00e7\u00f5es ligadas \u00e0 administra\u00e7\u00e3o p\u00fablica devem realizar o processo de licita\u00e7\u00e3o. Ou seja, o governo federal, os governos estaduais e do Distrito Federal, as prefeituras e todas as suas administra\u00e7\u00f5es, por exemplo, as secretarias, as c\u00e2maras e as empresas estatais precisam fazer licita\u00e7\u00f5es.<\/p>\n<p><strong>Quais as modalidades de licita\u00e7\u00f5es?<\/strong><\/p>\n<p>A Lei n\u00ba 8.666\/93 determina as seguintes modalidades para licita\u00e7\u00f5es: convite, tomada de pre\u00e7os, concorr\u00eancia p\u00fablica, leil\u00e3o e concurso p\u00fablico. Al\u00e9m disso, a <a href=\"http:\/\/www.planalto.gov.br\/ccivil_03\/Leis\/2002\/L10520.htm\">Lei n\u00ba 10.520\/02<\/a> estabelece a modalidade preg\u00e3o para os processos licitat\u00f3rios.<\/p>\n<p><strong>Como funciona o processo de licita\u00e7\u00e3o?<\/strong><\/p>\n<p>De forma resumida, a licita\u00e7\u00e3o segue as seguintes etapas:<\/p>\n<ul>\n<li>a publica\u00e7\u00e3o do edital com as informa\u00e7\u00f5es e regras necess\u00e1rias para participar do processo;<\/li>\n<li>os interessados re\u00fanem os documentos exigidos e elaboram as propostas;<\/li>\n<li>a documenta\u00e7\u00e3o \u00e9 avaliada para realizar a habilita\u00e7\u00e3o dos interessados;<\/li>\n<li>as propostas s\u00e3o julgadas e classificadas;<\/li>\n<li>\u00e9 definido o vencedor da licita\u00e7\u00e3o e ocorre a homologa\u00e7\u00e3o, adjudica\u00e7\u00e3o e contrata\u00e7\u00e3o.<\/li>\n<\/ul>\n<p>Os procedimentos administrativos, as regras, os prazos, entre outras defini\u00e7\u00f5es podem variar de acordo com a modalidade e conforme as exce\u00e7\u00f5es previstas na legisla\u00e7\u00e3o.<\/p>\n<p>&nbsp;<\/p>\n<p><strong>Por que obter as certid\u00f5es para licita\u00e7\u00f5es com a Central Paulista?<\/strong><\/p>\n<p>A Central Paulista de Certid\u00f5es e Cadastro \u00e9 uma empresa pioneira em servi\u00e7os de &#8220;Busca de Certid\u00f5es e Pesquisas Forenses e Cartor\u00e1rias&#8221;. Atuando nesse segmento desde 1977, tornando-se uma organiza\u00e7\u00e3o consolidada e refer\u00eancia no mercado de documenta\u00e7\u00f5es.<\/p>\n<p>Temos como compromisso oferecer o melhor servi\u00e7o de obten\u00e7\u00e3o de certid\u00f5es para licita\u00e7\u00f5es com \u00f3timo custo e excelente atendimento para nossos clientes.<\/p>\n<p>Entre com contato conosco e conte com um suporte \u00e1gil e seguro para os processos de licita\u00e7\u00f5es.<\/p>\n<p>&nbsp;<\/p>\n<p><strong>Quais os documentos para licita\u00e7\u00f5es?<\/strong><\/p>\n<p><a href=\"https:\/\/api.whatsapp.com\/send?phone=55113231-2377\">Clique aqui<\/a> entre em contato com a Central Paulista.<\/p>\n<p>&nbsp;<\/p>\n<p>&nbsp;<\/p>\n<p><strong>Central Paulista<\/strong><\/p>\n<ul>\n<li>Desde 1977, sendo um facilitador para a obten\u00e7\u00e3o de documentos, certid\u00f5es e pesquisas;<\/li>\n<li>Atendimento r\u00e1pido e garantido;<\/li>\n<li>Agilidade no prazo de entrega;<\/li>\n<li>Avalia\u00e7\u00f5es 100% positivas no Google.<\/li>\n<\/ul>\n","protected":false},"excerpt":{"rendered":"<p>O que \u00e9 licita\u00e7\u00e3o? A licita\u00e7\u00e3o compreende um conjunto de processos determinados pela Lei n\u00ba 8666\/93 para regulamentar a aquisi\u00e7\u00e3o de produtos e servi\u00e7os pelo Poder P\u00fablico. Isso significa que os \u00f3rg\u00e3os ligados aos governos municipal, estadual e federal devem seguir os procedimentos de uma licita\u00e7\u00e3o para realizar compras e contrata\u00e7\u00f5es de servi\u00e7os. Para que [&hellip;]<\/p>\n","protected":false},"featured_media":0,"comment_status":"open","ping_status":"closed","template":"","meta":[],"product_cat":[135],"product_tag":[],"class_list":["post-1082","product","type-product","status-publish","hentry","product_cat-certidao-para-licitacao"],"yoast_head":"<!-- This site is optimized with the Yoast SEO plugin v20.4 - https:\/\/yoast.com\/wordpress\/plugins\/seo\/ -->\n<title>Certid\u00f5es para Licita\u00e7\u00e3o - Central Paulista - Certid\u00f5es, Pesquisas Forenses e Cartor\u00e1rias<\/title>\n<meta name=\"robots\" content=\"noindex, follow, max-snippet:-1, max-image-preview:large, max-video-preview:-1\" \/>\n<meta property=\"og:locale\" content=\"pt_BR\" \/>\n<meta property=\"og:type\" content=\"article\" \/>\n<meta property=\"og:title\" content=\"Certid\u00f5es para Licita\u00e7\u00e3o - Central Paulista - Certid\u00f5es, Pesquisas Forenses e Cartor\u00e1rias\" \/>\n<meta property=\"og:description\" content=\"O que \u00e9 licita\u00e7\u00e3o? A licita\u00e7\u00e3o compreende um conjunto de processos determinados pela Lei n\u00ba 8666\/93 para regulamentar a aquisi\u00e7\u00e3o de produtos e servi\u00e7os pelo Poder P\u00fablico. Isso significa que os \u00f3rg\u00e3os ligados aos governos municipal, estadual e federal devem seguir os procedimentos de uma licita\u00e7\u00e3o para realizar compras e contrata\u00e7\u00f5es de servi\u00e7os. Para que [&hellip;]\" \/>\n<meta property=\"og:url\" content=\"https:\/\/wordpress.plataformadeteste.com.br\/centralpaulista\/produto\/certidoes-para-licitacao\/\" \/>\n<meta property=\"og:site_name\" content=\"Central Paulista - Certid\u00f5es, Pesquisas Forenses e Cartor\u00e1rias\" \/>\n<meta name=\"twitter:card\" content=\"summary_large_image\" \/>\n<script type=\"application\/ld+json\" class=\"yoast-schema-graph\">{\"@context\":\"https:\/\/schema.org\",\"@graph\":[{\"@type\":\"WebPage\",\"@id\":\"https:\/\/wordpress.plataformadeteste.com.br\/centralpaulista\/produto\/certidoes-para-licitacao\/\",\"url\":\"https:\/\/wordpress.plataformadeteste.com.br\/centralpaulista\/produto\/certidoes-para-licitacao\/\",\"name\":\"Certid\u00f5es para Licita\u00e7\u00e3o - Central Paulista - Certid\u00f5es, Pesquisas Forenses e Cartor\u00e1rias\",\"isPartOf\":{\"@id\":\"https:\/\/wordpress.plataformadeteste.com.br\/centralpaulista\/#website\"},\"datePublished\":\"2022-07-08T13:11:40+00:00\",\"dateModified\":\"2022-07-08T13:11:40+00:00\",\"breadcrumb\":{\"@id\":\"https:\/\/wordpress.plataformadeteste.com.br\/centralpaulista\/produto\/certidoes-para-licitacao\/#breadcrumb\"},\"inLanguage\":\"pt-BR\",\"potentialAction\":[{\"@type\":\"ReadAction\",\"target\":[\"https:\/\/wordpress.plataformadeteste.com.br\/centralpaulista\/produto\/certidoes-para-licitacao\/\"]}]},{\"@type\":\"BreadcrumbList\",\"@id\":\"https:\/\/wordpress.plataformadeteste.com.br\/centralpaulista\/produto\/certidoes-para-licitacao\/#breadcrumb\",\"itemListElement\":[{\"@type\":\"ListItem\",\"position\":1,\"name\":\"In\u00edcio\",\"item\":\"https:\/\/wordpress.plataformadeteste.com.br\/centralpaulista\/\"},{\"@type\":\"ListItem\",\"position\":2,\"name\":\"Servi\u00e7os\",\"item\":\"https:\/\/wordpress.plataformadeteste.com.br\/centralpaulista\/servicos\/\"},{\"@type\":\"ListItem\",\"position\":3,\"name\":\"Certid\u00f5es para Licita\u00e7\u00e3o\"}]},{\"@type\":\"WebSite\",\"@id\":\"https:\/\/wordpress.plataformadeteste.com.br\/centralpaulista\/#website\",\"url\":\"https:\/\/wordpress.plataformadeteste.com.br\/centralpaulista\/\",\"name\":\"Central Paulista - Certid\u00f5es, Pesquisas Forenses e Cartor\u00e1rias\",\"description\":\"Somos uma empresa prestadora de servi\u00e7os no setor de informa\u00e7\u00f5es e cadastro de pessoas f\u00edsicas, pessoas jur\u00eddicas e im\u00f3veis. Nosso trabalho \u00e9 simplificar e garantir a seguran\u00e7a em diferentes tipos de transa\u00e7\u00f5es comerciais. Atuamos nesse mercado desde 1977, fornecendo certid\u00f5es e realizando consultas completas no \u00e2mbito federal, estadual e municipal para todo o Brasil.\",\"potentialAction\":[{\"@type\":\"SearchAction\",\"target\":{\"@type\":\"EntryPoint\",\"urlTemplate\":\"https:\/\/wordpress.plataformadeteste.com.br\/centralpaulista\/?s={search_term_string}\"},\"query-input\":\"required name=search_term_string\"}],\"inLanguage\":\"pt-BR\"}]}<\/script>\n<!-- \/ Yoast SEO plugin. -->","yoast_head_json":{"title":"Certid\u00f5es para Licita\u00e7\u00e3o - Central Paulista - Certid\u00f5es, Pesquisas Forenses e Cartor\u00e1rias","robots":{"index":"noindex","follow":"follow","max-snippet":"max-snippet:-1","max-image-preview":"max-image-preview:large","max-video-preview":"max-video-preview:-1"},"og_locale":"pt_BR","og_type":"article","og_title":"Certid\u00f5es para Licita\u00e7\u00e3o - Central Paulista - Certid\u00f5es, Pesquisas Forenses e Cartor\u00e1rias","og_description":"O que \u00e9 licita\u00e7\u00e3o? A licita\u00e7\u00e3o compreende um conjunto de processos determinados pela Lei n\u00ba 8666\/93 para regulamentar a aquisi\u00e7\u00e3o de produtos e servi\u00e7os pelo Poder P\u00fablico. Isso significa que os \u00f3rg\u00e3os ligados aos governos municipal, estadual e federal devem seguir os procedimentos de uma licita\u00e7\u00e3o para realizar compras e contrata\u00e7\u00f5es de servi\u00e7os. Para que [&hellip;]","og_url":"https:\/\/wordpress.plataformadeteste.com.br\/centralpaulista\/produto\/certidoes-para-licitacao\/","og_site_name":"Central Paulista - Certid\u00f5es, Pesquisas Forenses e Cartor\u00e1rias","twitter_card":"summary_large_image","schema":{"@context":"https:\/\/schema.org","@graph":[{"@type":"WebPage","@id":"https:\/\/wordpress.plataformadeteste.com.br\/centralpaulista\/produto\/certidoes-para-licitacao\/","url":"https:\/\/wordpress.plataformadeteste.com.br\/centralpaulista\/produto\/certidoes-para-licitacao\/","name":"Certid\u00f5es para Licita\u00e7\u00e3o - Central Paulista - Certid\u00f5es, Pesquisas Forenses e Cartor\u00e1rias","isPartOf":{"@id":"https:\/\/wordpress.plataformadeteste.com.br\/centralpaulista\/#website"},"datePublished":"2022-07-08T13:11:40+00:00","dateModified":"2022-07-08T13:11:40+00:00","breadcrumb":{"@id":"https:\/\/wordpress.plataformadeteste.com.br\/centralpaulista\/produto\/certidoes-para-licitacao\/#breadcrumb"},"inLanguage":"pt-BR","potentialAction":[{"@type":"ReadAction","target":["https:\/\/wordpress.plataformadeteste.com.br\/centralpaulista\/produto\/certidoes-para-licitacao\/"]}]},{"@type":"BreadcrumbList","@id":"https:\/\/wordpress.plataformadeteste.com.br\/centralpaulista\/produto\/certidoes-para-licitacao\/#breadcrumb","itemListElement":[{"@type":"ListItem","position":1,"name":"In\u00edcio","item":"https:\/\/wordpress.plataformadeteste.com.br\/centralpaulista\/"},{"@type":"ListItem","position":2,"name":"Servi\u00e7os","item":"https:\/\/wordpress.plataformadeteste.com.br\/centralpaulista\/servicos\/"},{"@type":"ListItem","position":3,"name":"Certid\u00f5es para Licita\u00e7\u00e3o"}]},{"@type":"WebSite","@id":"https:\/\/wordpress.plataformadeteste.com.br\/centralpaulista\/#website","url":"https:\/\/wordpress.plataformadeteste.com.br\/centralpaulista\/","name":"Central Paulista - Certid\u00f5es, Pesquisas Forenses e Cartor\u00e1rias","description":"Somos uma empresa prestadora de servi\u00e7os no setor de informa\u00e7\u00f5es e cadastro de pessoas f\u00edsicas, pessoas jur\u00eddicas e im\u00f3veis. Nosso trabalho \u00e9 simplificar e garantir a seguran\u00e7a em diferentes tipos de transa\u00e7\u00f5es comerciais. Atuamos nesse mercado desde 1977, fornecendo certid\u00f5es e realizando consultas completas no \u00e2mbito federal, estadual e municipal para todo o Brasil.","potentialAction":[{"@type":"SearchAction","target":{"@type":"EntryPoint","urlTemplate":"https:\/\/wordpress.plataformadeteste.com.br\/centralpaulista\/?s={search_term_string}"},"query-input":"required name=search_term_string"}],"inLanguage":"pt-BR"}]}},"_links":{"self":[{"href":"https:\/\/wordpress.plataformadeteste.com.br\/centralpaulista\/wp-json\/wp\/v2\/product\/1082","targetHints":{"allow":["GET"]}}],"collection":[{"href":"https:\/\/wordpress.plataformadeteste.com.br\/centralpaulista\/wp-json\/wp\/v2\/product"}],"about":[{"href":"https:\/\/wordpress.plataformadeteste.com.br\/centralpaulista\/wp-json\/wp\/v2\/types\/product"}],"replies":[{"embeddable":true,"href":"https:\/\/wordpress.plataformadeteste.com.br\/centralpaulista\/wp-json\/wp\/v2\/comments?post=1082"}],"wp:attachment":[{"href":"https:\/\/wordpress.plataformadeteste.com.br\/centralpaulista\/wp-json\/wp\/v2\/media?parent=1082"}],"wp:term":[{"taxonomy":"product_cat","embeddable":true,"href":"https:\/\/wordpress.plataformadeteste.com.br\/centralpaulista\/wp-json\/wp\/v2\/product_cat?post=1082"},{"taxonomy":"product_tag","embeddable":true,"href":"https:\/\/wordpress.plataformadeteste.com.br\/centralpaulista\/wp-json\/wp\/v2\/product_tag?post=1082"}],"curies":[{"name":"wp","href":"https:\/\/api.w.org\/{rel}","templated":true}]}}