{"id":1079,"date":"2022-07-08T09:46:47","date_gmt":"2022-07-08T12:46:47","guid":{"rendered":"https:\/\/centralpaulista.com.br\/?post_type=product&#038;p=1079"},"modified":"2022-07-08T10:55:06","modified_gmt":"2022-07-08T13:55:06","slug":"e-juridico","status":"publish","type":"product","link":"https:\/\/wordpress.plataformadeteste.com.br\/centralpaulista\/produto\/e-juridico\/","title":{"rendered":"e-Jur\u00eddico &#8211; Certificado Digital &#8211; Central Paulista"},"content":{"rendered":"<p class=\"font-15 mb-0\">Leis, processos e peti\u00e7\u00f5es fazem parte da sua rotina? Ent\u00e3o voc\u00ea precisa do e-Jur\u00eddico para agregar as suas rotinas profissionais! A solu\u00e7\u00e3o \u00e9 ideal para dar mais agilidade as suas atividades e minimizar aqueles deslocamentos que \u00e0s vezes s\u00e3o requeridos.<br \/>\nOpte pela solu\u00e7\u00e3o que:<\/p>\n<ul>\n<li>Possibilita acessar processos remotamente;<\/li>\n<li>Reduz a impress\u00e3o de papeis;<\/li>\n<li>Permite a elabora\u00e7\u00e3o e assinatura de pareceres e procura\u00e7\u00f5es com validade jur\u00eddica<\/li>\n<\/ul>\n<p class=\"font-15 mb-0\"><small class=\"font-italic mt-3\">*O e-Jur\u00eddico \u00e9 uma solu\u00e7\u00e3o exclusiva para profissionais de direito que possuam a carteira da OAB e a comprova\u00e7\u00e3o se dar\u00e1 durante o processo de compra e emiss\u00e3o. Caso voc\u00ea n\u00e3o preencha este perfil, recomendamos que adquira o e-CPF.<\/small><\/p>\n<p>&nbsp;<\/p>\n<h3 class=\"h5 font-weight-bold mb-3\">Qual \u00e9 a documenta\u00e7\u00e3o necess\u00e1ria para valida\u00e7\u00e3o?<\/h3>\n<div class=\"font-15 mb-4\">\n<ul>\n<li class=\"mb-3\">1 documento de identifica\u00e7\u00e3o com foto e dentro do prazo de validade (RG, CNH ou RNI);<\/li>\n<li class=\"mb-3\">Cadastro de Pessoa F\u00edsica \u2013 CPF;<\/li>\n<\/ul>\n<p><strong>Aten\u00e7\u00e3o:\u00a0<\/strong>para os Certificados Digitais e-Profiss\u00f5es, al\u00e9m da documenta\u00e7\u00e3o acima, ser\u00e3o solicitados os documentos funcionais*, tais como: CRC, OAB, CREA, CRM, dentre outros (dentro do prazo de validade).<\/p>\n<p class=\"font-italic\">* Documento oficial de identifica\u00e7\u00e3o profissional, reconhecido por lei federal. A identidade funcional s\u00f3 pode ser solicitada por profissionais em atividade.<\/p>\n<\/div>\n<p>&nbsp;<\/p>\n<h3 class=\"h5 font-weight-bold mb-3\">O E- jur\u00eddico funciona como um E-CPF?<\/h3>\n<div class=\"font-15 mb-4\">\n<p>Sim.<\/p>\n<\/div>\n<p>&nbsp;<\/p>\n<h3 class=\"h5 font-weight-bold mb-3\">O modelo A1 est\u00e1 dispon\u00edvel para o E- Jur\u00eddico?<\/h3>\n<div class=\"font-15 mb-4\">\n<p>N\u00e3o, os modelos dispon\u00edveis para o este Certificado s\u00e3o de tipo A3 \u2013 Cart\u00e3o ou Token;<\/p>\n<\/div>\n<p>&nbsp;<\/p>\n<h3 class=\"h5 font-weight-bold mb-3\">Quais s\u00e3o as validades do certificado e-Jur\u00eddico?<\/h3>\n<div class=\"font-15 mb-4\">\n<p>O e-Jur\u00eddico possui a validade \u00fanica de 36 meses.<\/p>\n<\/div>\n","protected":false},"excerpt":{"rendered":"<p>Leis, processos e peti\u00e7\u00f5es fazem parte da sua rotina? Ent\u00e3o voc\u00ea precisa do e-Jur\u00eddico para agregar as suas rotinas profissionais! A solu\u00e7\u00e3o \u00e9 ideal para dar mais agilidade as suas atividades e minimizar aqueles deslocamentos que \u00e0s vezes s\u00e3o requeridos. Opte pela solu\u00e7\u00e3o que: Possibilita acessar processos remotamente; Reduz a impress\u00e3o de papeis; Permite a [&hellip;]<\/p>\n","protected":false},"featured_media":0,"comment_status":"open","ping_status":"closed","template":"","meta":[],"product_cat":[134],"product_tag":[136,142,139,137],"class_list":["post-1079","product","type-product","status-publish","hentry","product_cat-certificado_digital","product_tag-certificado-digital","product_tag-certificado-digital-juridico","product_tag-certificado-digital-para-advogado","product_tag-certificado-e-cpf"],"yoast_head":"<!-- This site is optimized with the Yoast SEO plugin v20.4 - https:\/\/yoast.com\/wordpress\/plugins\/seo\/ -->\n<title>e-Jur\u00eddico - Certificado Digital - Central Paulista - Central Paulista - Certid\u00f5es, Pesquisas Forenses e Cartor\u00e1rias<\/title>\n<meta name=\"robots\" content=\"noindex, follow, max-snippet:-1, max-image-preview:large, max-video-preview:-1\" \/>\n<meta property=\"og:locale\" content=\"pt_BR\" \/>\n<meta property=\"og:type\" content=\"article\" \/>\n<meta property=\"og:title\" content=\"e-Jur\u00eddico - Certificado Digital - Central Paulista - Central Paulista - Certid\u00f5es, Pesquisas Forenses e Cartor\u00e1rias\" \/>\n<meta property=\"og:description\" content=\"Leis, processos e peti\u00e7\u00f5es fazem parte da sua rotina? Ent\u00e3o voc\u00ea precisa do e-Jur\u00eddico para agregar as suas rotinas profissionais! A solu\u00e7\u00e3o \u00e9 ideal para dar mais agilidade as suas atividades e minimizar aqueles deslocamentos que \u00e0s vezes s\u00e3o requeridos. Opte pela solu\u00e7\u00e3o que: Possibilita acessar processos remotamente; Reduz a impress\u00e3o de papeis; Permite a [&hellip;]\" \/>\n<meta property=\"og:url\" content=\"https:\/\/wordpress.plataformadeteste.com.br\/centralpaulista\/produto\/e-juridico\/\" \/>\n<meta property=\"og:site_name\" content=\"Central Paulista - Certid\u00f5es, Pesquisas Forenses e Cartor\u00e1rias\" \/>\n<meta property=\"article:modified_time\" content=\"2022-07-08T13:55:06+00:00\" \/>\n<meta name=\"twitter:card\" content=\"summary_large_image\" \/>\n<script type=\"application\/ld+json\" class=\"yoast-schema-graph\">{\"@context\":\"https:\/\/schema.org\",\"@graph\":[{\"@type\":\"WebPage\",\"@id\":\"https:\/\/wordpress.plataformadeteste.com.br\/centralpaulista\/produto\/e-juridico\/\",\"url\":\"https:\/\/wordpress.plataformadeteste.com.br\/centralpaulista\/produto\/e-juridico\/\",\"name\":\"e-Jur\u00eddico - Certificado Digital - Central Paulista - Central Paulista - Certid\u00f5es, Pesquisas Forenses e Cartor\u00e1rias\",\"isPartOf\":{\"@id\":\"https:\/\/wordpress.plataformadeteste.com.br\/centralpaulista\/#website\"},\"datePublished\":\"2022-07-08T12:46:47+00:00\",\"dateModified\":\"2022-07-08T13:55:06+00:00\",\"breadcrumb\":{\"@id\":\"https:\/\/wordpress.plataformadeteste.com.br\/centralpaulista\/produto\/e-juridico\/#breadcrumb\"},\"inLanguage\":\"pt-BR\",\"potentialAction\":[{\"@type\":\"ReadAction\",\"target\":[\"https:\/\/wordpress.plataformadeteste.com.br\/centralpaulista\/produto\/e-juridico\/\"]}]},{\"@type\":\"BreadcrumbList\",\"@id\":\"https:\/\/wordpress.plataformadeteste.com.br\/centralpaulista\/produto\/e-juridico\/#breadcrumb\",\"itemListElement\":[{\"@type\":\"ListItem\",\"position\":1,\"name\":\"In\u00edcio\",\"item\":\"https:\/\/wordpress.plataformadeteste.com.br\/centralpaulista\/\"},{\"@type\":\"ListItem\",\"position\":2,\"name\":\"Servi\u00e7os\",\"item\":\"https:\/\/wordpress.plataformadeteste.com.br\/centralpaulista\/servicos\/\"},{\"@type\":\"ListItem\",\"position\":3,\"name\":\"e-Jur\u00eddico &#8211; Certificado Digital &#8211; Central Paulista\"}]},{\"@type\":\"WebSite\",\"@id\":\"https:\/\/wordpress.plataformadeteste.com.br\/centralpaulista\/#website\",\"url\":\"https:\/\/wordpress.plataformadeteste.com.br\/centralpaulista\/\",\"name\":\"Central Paulista - Certid\u00f5es, Pesquisas Forenses e Cartor\u00e1rias\",\"description\":\"Somos uma empresa prestadora de servi\u00e7os no setor de informa\u00e7\u00f5es e cadastro de pessoas f\u00edsicas, pessoas jur\u00eddicas e im\u00f3veis. Nosso trabalho \u00e9 simplificar e garantir a seguran\u00e7a em diferentes tipos de transa\u00e7\u00f5es comerciais. Atuamos nesse mercado desde 1977, fornecendo certid\u00f5es e realizando consultas completas no \u00e2mbito federal, estadual e municipal para todo o Brasil.\",\"potentialAction\":[{\"@type\":\"SearchAction\",\"target\":{\"@type\":\"EntryPoint\",\"urlTemplate\":\"https:\/\/wordpress.plataformadeteste.com.br\/centralpaulista\/?s={search_term_string}\"},\"query-input\":\"required name=search_term_string\"}],\"inLanguage\":\"pt-BR\"}]}<\/script>\n<!-- \/ Yoast SEO plugin. -->","yoast_head_json":{"title":"e-Jur\u00eddico - Certificado Digital - Central Paulista - Central Paulista - Certid\u00f5es, Pesquisas Forenses e Cartor\u00e1rias","robots":{"index":"noindex","follow":"follow","max-snippet":"max-snippet:-1","max-image-preview":"max-image-preview:large","max-video-preview":"max-video-preview:-1"},"og_locale":"pt_BR","og_type":"article","og_title":"e-Jur\u00eddico - Certificado Digital - Central Paulista - Central Paulista - Certid\u00f5es, Pesquisas Forenses e Cartor\u00e1rias","og_description":"Leis, processos e peti\u00e7\u00f5es fazem parte da sua rotina? Ent\u00e3o voc\u00ea precisa do e-Jur\u00eddico para agregar as suas rotinas profissionais! A solu\u00e7\u00e3o \u00e9 ideal para dar mais agilidade as suas atividades e minimizar aqueles deslocamentos que \u00e0s vezes s\u00e3o requeridos. Opte pela solu\u00e7\u00e3o que: Possibilita acessar processos remotamente; Reduz a impress\u00e3o de papeis; Permite a [&hellip;]","og_url":"https:\/\/wordpress.plataformadeteste.com.br\/centralpaulista\/produto\/e-juridico\/","og_site_name":"Central Paulista - Certid\u00f5es, Pesquisas Forenses e Cartor\u00e1rias","article_modified_time":"2022-07-08T13:55:06+00:00","twitter_card":"summary_large_image","schema":{"@context":"https:\/\/schema.org","@graph":[{"@type":"WebPage","@id":"https:\/\/wordpress.plataformadeteste.com.br\/centralpaulista\/produto\/e-juridico\/","url":"https:\/\/wordpress.plataformadeteste.com.br\/centralpaulista\/produto\/e-juridico\/","name":"e-Jur\u00eddico - Certificado Digital - Central Paulista - Central Paulista - Certid\u00f5es, Pesquisas Forenses e Cartor\u00e1rias","isPartOf":{"@id":"https:\/\/wordpress.plataformadeteste.com.br\/centralpaulista\/#website"},"datePublished":"2022-07-08T12:46:47+00:00","dateModified":"2022-07-08T13:55:06+00:00","breadcrumb":{"@id":"https:\/\/wordpress.plataformadeteste.com.br\/centralpaulista\/produto\/e-juridico\/#breadcrumb"},"inLanguage":"pt-BR","potentialAction":[{"@type":"ReadAction","target":["https:\/\/wordpress.plataformadeteste.com.br\/centralpaulista\/produto\/e-juridico\/"]}]},{"@type":"BreadcrumbList","@id":"https:\/\/wordpress.plataformadeteste.com.br\/centralpaulista\/produto\/e-juridico\/#breadcrumb","itemListElement":[{"@type":"ListItem","position":1,"name":"In\u00edcio","item":"https:\/\/wordpress.plataformadeteste.com.br\/centralpaulista\/"},{"@type":"ListItem","position":2,"name":"Servi\u00e7os","item":"https:\/\/wordpress.plataformadeteste.com.br\/centralpaulista\/servicos\/"},{"@type":"ListItem","position":3,"name":"e-Jur\u00eddico &#8211; Certificado Digital &#8211; Central Paulista"}]},{"@type":"WebSite","@id":"https:\/\/wordpress.plataformadeteste.com.br\/centralpaulista\/#website","url":"https:\/\/wordpress.plataformadeteste.com.br\/centralpaulista\/","name":"Central Paulista - Certid\u00f5es, Pesquisas Forenses e Cartor\u00e1rias","description":"Somos uma empresa prestadora de servi\u00e7os no setor de informa\u00e7\u00f5es e cadastro de pessoas f\u00edsicas, pessoas jur\u00eddicas e im\u00f3veis. Nosso trabalho \u00e9 simplificar e garantir a seguran\u00e7a em diferentes tipos de transa\u00e7\u00f5es comerciais. Atuamos nesse mercado desde 1977, fornecendo certid\u00f5es e realizando consultas completas no \u00e2mbito federal, estadual e municipal para todo o Brasil.","potentialAction":[{"@type":"SearchAction","target":{"@type":"EntryPoint","urlTemplate":"https:\/\/wordpress.plataformadeteste.com.br\/centralpaulista\/?s={search_term_string}"},"query-input":"required name=search_term_string"}],"inLanguage":"pt-BR"}]}},"_links":{"self":[{"href":"https:\/\/wordpress.plataformadeteste.com.br\/centralpaulista\/wp-json\/wp\/v2\/product\/1079","targetHints":{"allow":["GET"]}}],"collection":[{"href":"https:\/\/wordpress.plataformadeteste.com.br\/centralpaulista\/wp-json\/wp\/v2\/product"}],"about":[{"href":"https:\/\/wordpress.plataformadeteste.com.br\/centralpaulista\/wp-json\/wp\/v2\/types\/product"}],"replies":[{"embeddable":true,"href":"https:\/\/wordpress.plataformadeteste.com.br\/centralpaulista\/wp-json\/wp\/v2\/comments?post=1079"}],"wp:attachment":[{"href":"https:\/\/wordpress.plataformadeteste.com.br\/centralpaulista\/wp-json\/wp\/v2\/media?parent=1079"}],"wp:term":[{"taxonomy":"product_cat","embeddable":true,"href":"https:\/\/wordpress.plataformadeteste.com.br\/centralpaulista\/wp-json\/wp\/v2\/product_cat?post=1079"},{"taxonomy":"product_tag","embeddable":true,"href":"https:\/\/wordpress.plataformadeteste.com.br\/centralpaulista\/wp-json\/wp\/v2\/product_tag?post=1079"}],"curies":[{"name":"wp","href":"https:\/\/api.w.org\/{rel}","templated":true}]}}