{"id":1078,"date":"2022-07-08T09:43:37","date_gmt":"2022-07-08T12:43:37","guid":{"rendered":"https:\/\/centralpaulista.com.br\/?post_type=product&#038;p=1078"},"modified":"2022-07-08T10:54:17","modified_gmt":"2022-07-08T13:54:17","slug":"e-saude","status":"publish","type":"product","link":"https:\/\/wordpress.plataformadeteste.com.br\/centralpaulista\/produto\/e-saude\/","title":{"rendered":"e-Sa\u00fade &#8211; Certificado Digital &#8211; Central Paulista"},"content":{"rendered":"<p class=\"font-15 mb-0\">Se voc\u00ea atua na \u00e1rea da sa\u00fade, nos recomendamos o e-Sa\u00fade! Com ele, voc\u00ea assina digitalmente prescri\u00e7\u00f5es m\u00e9dicas ou atestados gerados no computador com a mesma validade jur\u00eddica (a\u00e7\u00e3o que requer a utiliza\u00e7\u00e3o de um certificado digital conforme portaria n\u00ba 467 que regulamenta a telemedicina).<\/p>\n<ul>\n<li>Realizar servi\u00e7os da Receita Federal de onde estiver;<\/li>\n<li>Declarar o Imposto de Renda de forma pr\u00e1tica com a Declara\u00e7\u00e3o Pr\u00e9-Preenchida;<\/li>\n<li>Assinar contratos digitalmente sem a precisar se deslocar.<\/li>\n<\/ul>\n<p>&nbsp;<\/p>\n<h5 class=\"font-weight-bold mt-5\">O e-Sa\u00fade \u00e9 ideal para:<\/h5>\n<p>Assistentes Sociais | Bi\u00f3logos | Biom\u00e9dicos | Profissionais de Educa\u00e7\u00e3o F\u00edsica | Enfermeiros | Farmac\u00eauticos | Fisioterapeutas | Fonoaudi\u00f3logos | M\u00e9dicos | M\u00e9dicos Veterin\u00e1rios | Nutricionistas | Odont\u00f3logos | Psic\u00f3logos | Terapeutas Ocupacionais<small class=\"font-italic mt-3 d-block\">*As categorias acima consideradas da \u00e1rea da sa\u00fade seguem a resolu\u00e7\u00e3o 287 de 08 de outubro de 1998. O e-Sa\u00fade \u00e9 uma solu\u00e7\u00e3o exclusiva para profissionais destas categorias e a comprova\u00e7\u00e3o se dar\u00e1 durante o processo de compra e emiss\u00e3o. Caso voc\u00ea n\u00e3o preencha este perfil, recomendamos que adquira o e-CPF.<\/small><\/p>\n<p>&nbsp;<\/p>\n<h5 class=\"font-weight-bold mt-5\">Para Hospitais e Cl\u00ednicas:<\/h5>\n<p>Se o PEP (Prontu\u00e1rio Eletr\u00f4nico do Paciente) for um recurso adotado em neg\u00f3cios do ramo da sa\u00fade, \u00e9 necess\u00e1rio que os prontu\u00e1rios e laudos eletr\u00f4nicos sejam assinados com um certificado digital v\u00e1lido no padr\u00e3o ICP-Brasil.<\/p>\n<p>&nbsp;<\/p>\n<h3 class=\"h5 font-weight-bold mb-3\">Qual \u00e9 a documenta\u00e7\u00e3o necess\u00e1ria para valida\u00e7\u00e3o?<\/h3>\n<div class=\"font-15 mb-4\">\n<ul>\n<li class=\"mb-3\">1 documento de identifica\u00e7\u00e3o com foto e dentro do prazo de validade (RG, CNH ou RNI);<\/li>\n<li class=\"mb-3\">Cadastro de Pessoa F\u00edsica \u2013 CPF;<\/li>\n<\/ul>\n<p><strong>Aten\u00e7\u00e3o:<\/strong>\u00a0para os Certificados Digitais e-Profiss\u00f5es, al\u00e9m da documenta\u00e7\u00e3o acima, ser\u00e3o solicitados os documentos funcionais*, tais como: CRC, OAB, CREA, CRM, dentre outros (dentro do prazo de validade).<\/p>\n<p class=\"font-italic\">* Documento oficial de identifica\u00e7\u00e3o profissional, reconhecido por lei federal. A identidade funcional s\u00f3 pode ser solicitada por profissionais em atividade.<\/p>\n<\/div>\n<p>&nbsp;<\/p>\n<h3 class=\"h5 font-weight-bold mb-3\">\u00c9 poss\u00edvel assinar Prontu\u00e1rios e Laudos m\u00e9dicos com o e-Sa\u00fade?<\/h3>\n<div class=\"font-15 mb-4\">\n<p>Sim, para assinar estes documentos digitalmente, \u00e9 necess\u00e1rio um certificado v\u00e1lido no padr\u00e3o ICP-Brasil como os da Serasa Experian.<\/p>\n<\/div>\n<p>&nbsp;<\/p>\n<h3 class=\"h5 font-weight-bold mb-3\">Quem pode adquirir um e-Sa\u00fade?<\/h3>\n<div class=\"font-15 mb-4\">\n<p>Seguindo a resolu\u00e7\u00e3o 287 de 08 de outubro de 1998, os profissionais das categorias abaixo podem emitir o e-Sa\u00fade:<\/p>\n<p>Assistentes Sociais, Bi\u00f3logos, Biom\u00e9dicos, Profissionais de Educa\u00e7\u00e3o F\u00edsica, Enfermeiros, Farmac\u00eauticos Fisioterapeutas, Fonoaudi\u00f3logos, M\u00e9dicos, M\u00e9dicos Veterin\u00e1rios, Nutricionistas, Odont\u00f3logos, Psic\u00f3logos, Terapeutas Ocupacionais.<\/p>\n<\/div>\n","protected":false},"excerpt":{"rendered":"<p>Se voc\u00ea atua na \u00e1rea da sa\u00fade, nos recomendamos o e-Sa\u00fade! Com ele, voc\u00ea assina digitalmente prescri\u00e7\u00f5es m\u00e9dicas ou atestados gerados no computador com a mesma validade jur\u00eddica (a\u00e7\u00e3o que requer a utiliza\u00e7\u00e3o de um certificado digital conforme portaria n\u00ba 467 que regulamenta a telemedicina). Realizar servi\u00e7os da Receita Federal de onde estiver; Declarar o [&hellip;]<\/p>\n","protected":false},"featured_media":0,"comment_status":"open","ping_status":"closed","template":"","meta":[],"product_cat":[134],"product_tag":[136,140,141,137],"class_list":["post-1078","product","type-product","status-publish","hentry","product_cat-certificado_digital","product_tag-certificado-digital","product_tag-certificado-digital-e-saude","product_tag-certificado-digital-para-medico","product_tag-certificado-e-cpf"],"yoast_head":"<!-- This site is optimized with the Yoast SEO plugin v20.4 - https:\/\/yoast.com\/wordpress\/plugins\/seo\/ -->\n<title>e-Sa\u00fade - Certificado Digital - Central Paulista - Central Paulista - Certid\u00f5es, Pesquisas Forenses e Cartor\u00e1rias<\/title>\n<meta name=\"robots\" content=\"noindex, follow, max-snippet:-1, max-image-preview:large, max-video-preview:-1\" \/>\n<meta property=\"og:locale\" content=\"pt_BR\" \/>\n<meta property=\"og:type\" content=\"article\" \/>\n<meta property=\"og:title\" content=\"e-Sa\u00fade - Certificado Digital - Central Paulista - Central Paulista - Certid\u00f5es, Pesquisas Forenses e Cartor\u00e1rias\" \/>\n<meta property=\"og:description\" content=\"Se voc\u00ea atua na \u00e1rea da sa\u00fade, nos recomendamos o e-Sa\u00fade! Com ele, voc\u00ea assina digitalmente prescri\u00e7\u00f5es m\u00e9dicas ou atestados gerados no computador com a mesma validade jur\u00eddica (a\u00e7\u00e3o que requer a utiliza\u00e7\u00e3o de um certificado digital conforme portaria n\u00ba 467 que regulamenta a telemedicina). Realizar servi\u00e7os da Receita Federal de onde estiver; Declarar o [&hellip;]\" \/>\n<meta property=\"og:url\" content=\"https:\/\/wordpress.plataformadeteste.com.br\/centralpaulista\/produto\/e-saude\/\" \/>\n<meta property=\"og:site_name\" content=\"Central Paulista - Certid\u00f5es, Pesquisas Forenses e Cartor\u00e1rias\" \/>\n<meta property=\"article:modified_time\" content=\"2022-07-08T13:54:17+00:00\" \/>\n<meta name=\"twitter:card\" content=\"summary_large_image\" \/>\n<script type=\"application\/ld+json\" class=\"yoast-schema-graph\">{\"@context\":\"https:\/\/schema.org\",\"@graph\":[{\"@type\":\"WebPage\",\"@id\":\"https:\/\/wordpress.plataformadeteste.com.br\/centralpaulista\/produto\/e-saude\/\",\"url\":\"https:\/\/wordpress.plataformadeteste.com.br\/centralpaulista\/produto\/e-saude\/\",\"name\":\"e-Sa\u00fade - Certificado Digital - Central Paulista - Central Paulista - Certid\u00f5es, Pesquisas Forenses e Cartor\u00e1rias\",\"isPartOf\":{\"@id\":\"https:\/\/wordpress.plataformadeteste.com.br\/centralpaulista\/#website\"},\"datePublished\":\"2022-07-08T12:43:37+00:00\",\"dateModified\":\"2022-07-08T13:54:17+00:00\",\"breadcrumb\":{\"@id\":\"https:\/\/wordpress.plataformadeteste.com.br\/centralpaulista\/produto\/e-saude\/#breadcrumb\"},\"inLanguage\":\"pt-BR\",\"potentialAction\":[{\"@type\":\"ReadAction\",\"target\":[\"https:\/\/wordpress.plataformadeteste.com.br\/centralpaulista\/produto\/e-saude\/\"]}]},{\"@type\":\"BreadcrumbList\",\"@id\":\"https:\/\/wordpress.plataformadeteste.com.br\/centralpaulista\/produto\/e-saude\/#breadcrumb\",\"itemListElement\":[{\"@type\":\"ListItem\",\"position\":1,\"name\":\"In\u00edcio\",\"item\":\"https:\/\/wordpress.plataformadeteste.com.br\/centralpaulista\/\"},{\"@type\":\"ListItem\",\"position\":2,\"name\":\"Servi\u00e7os\",\"item\":\"https:\/\/wordpress.plataformadeteste.com.br\/centralpaulista\/servicos\/\"},{\"@type\":\"ListItem\",\"position\":3,\"name\":\"e-Sa\u00fade &#8211; Certificado Digital &#8211; Central Paulista\"}]},{\"@type\":\"WebSite\",\"@id\":\"https:\/\/wordpress.plataformadeteste.com.br\/centralpaulista\/#website\",\"url\":\"https:\/\/wordpress.plataformadeteste.com.br\/centralpaulista\/\",\"name\":\"Central Paulista - Certid\u00f5es, Pesquisas Forenses e Cartor\u00e1rias\",\"description\":\"Somos uma empresa prestadora de servi\u00e7os no setor de informa\u00e7\u00f5es e cadastro de pessoas f\u00edsicas, pessoas jur\u00eddicas e im\u00f3veis. Nosso trabalho \u00e9 simplificar e garantir a seguran\u00e7a em diferentes tipos de transa\u00e7\u00f5es comerciais. Atuamos nesse mercado desde 1977, fornecendo certid\u00f5es e realizando consultas completas no \u00e2mbito federal, estadual e municipal para todo o Brasil.\",\"potentialAction\":[{\"@type\":\"SearchAction\",\"target\":{\"@type\":\"EntryPoint\",\"urlTemplate\":\"https:\/\/wordpress.plataformadeteste.com.br\/centralpaulista\/?s={search_term_string}\"},\"query-input\":\"required name=search_term_string\"}],\"inLanguage\":\"pt-BR\"}]}<\/script>\n<!-- \/ Yoast SEO plugin. -->","yoast_head_json":{"title":"e-Sa\u00fade - Certificado Digital - Central Paulista - Central Paulista - Certid\u00f5es, Pesquisas Forenses e Cartor\u00e1rias","robots":{"index":"noindex","follow":"follow","max-snippet":"max-snippet:-1","max-image-preview":"max-image-preview:large","max-video-preview":"max-video-preview:-1"},"og_locale":"pt_BR","og_type":"article","og_title":"e-Sa\u00fade - Certificado Digital - Central Paulista - Central Paulista - Certid\u00f5es, Pesquisas Forenses e Cartor\u00e1rias","og_description":"Se voc\u00ea atua na \u00e1rea da sa\u00fade, nos recomendamos o e-Sa\u00fade! Com ele, voc\u00ea assina digitalmente prescri\u00e7\u00f5es m\u00e9dicas ou atestados gerados no computador com a mesma validade jur\u00eddica (a\u00e7\u00e3o que requer a utiliza\u00e7\u00e3o de um certificado digital conforme portaria n\u00ba 467 que regulamenta a telemedicina). Realizar servi\u00e7os da Receita Federal de onde estiver; Declarar o [&hellip;]","og_url":"https:\/\/wordpress.plataformadeteste.com.br\/centralpaulista\/produto\/e-saude\/","og_site_name":"Central Paulista - Certid\u00f5es, Pesquisas Forenses e Cartor\u00e1rias","article_modified_time":"2022-07-08T13:54:17+00:00","twitter_card":"summary_large_image","schema":{"@context":"https:\/\/schema.org","@graph":[{"@type":"WebPage","@id":"https:\/\/wordpress.plataformadeteste.com.br\/centralpaulista\/produto\/e-saude\/","url":"https:\/\/wordpress.plataformadeteste.com.br\/centralpaulista\/produto\/e-saude\/","name":"e-Sa\u00fade - Certificado Digital - Central Paulista - Central Paulista - Certid\u00f5es, Pesquisas Forenses e Cartor\u00e1rias","isPartOf":{"@id":"https:\/\/wordpress.plataformadeteste.com.br\/centralpaulista\/#website"},"datePublished":"2022-07-08T12:43:37+00:00","dateModified":"2022-07-08T13:54:17+00:00","breadcrumb":{"@id":"https:\/\/wordpress.plataformadeteste.com.br\/centralpaulista\/produto\/e-saude\/#breadcrumb"},"inLanguage":"pt-BR","potentialAction":[{"@type":"ReadAction","target":["https:\/\/wordpress.plataformadeteste.com.br\/centralpaulista\/produto\/e-saude\/"]}]},{"@type":"BreadcrumbList","@id":"https:\/\/wordpress.plataformadeteste.com.br\/centralpaulista\/produto\/e-saude\/#breadcrumb","itemListElement":[{"@type":"ListItem","position":1,"name":"In\u00edcio","item":"https:\/\/wordpress.plataformadeteste.com.br\/centralpaulista\/"},{"@type":"ListItem","position":2,"name":"Servi\u00e7os","item":"https:\/\/wordpress.plataformadeteste.com.br\/centralpaulista\/servicos\/"},{"@type":"ListItem","position":3,"name":"e-Sa\u00fade &#8211; Certificado Digital &#8211; Central Paulista"}]},{"@type":"WebSite","@id":"https:\/\/wordpress.plataformadeteste.com.br\/centralpaulista\/#website","url":"https:\/\/wordpress.plataformadeteste.com.br\/centralpaulista\/","name":"Central Paulista - Certid\u00f5es, Pesquisas Forenses e Cartor\u00e1rias","description":"Somos uma empresa prestadora de servi\u00e7os no setor de informa\u00e7\u00f5es e cadastro de pessoas f\u00edsicas, pessoas jur\u00eddicas e im\u00f3veis. Nosso trabalho \u00e9 simplificar e garantir a seguran\u00e7a em diferentes tipos de transa\u00e7\u00f5es comerciais. Atuamos nesse mercado desde 1977, fornecendo certid\u00f5es e realizando consultas completas no \u00e2mbito federal, estadual e municipal para todo o Brasil.","potentialAction":[{"@type":"SearchAction","target":{"@type":"EntryPoint","urlTemplate":"https:\/\/wordpress.plataformadeteste.com.br\/centralpaulista\/?s={search_term_string}"},"query-input":"required name=search_term_string"}],"inLanguage":"pt-BR"}]}},"_links":{"self":[{"href":"https:\/\/wordpress.plataformadeteste.com.br\/centralpaulista\/wp-json\/wp\/v2\/product\/1078","targetHints":{"allow":["GET"]}}],"collection":[{"href":"https:\/\/wordpress.plataformadeteste.com.br\/centralpaulista\/wp-json\/wp\/v2\/product"}],"about":[{"href":"https:\/\/wordpress.plataformadeteste.com.br\/centralpaulista\/wp-json\/wp\/v2\/types\/product"}],"replies":[{"embeddable":true,"href":"https:\/\/wordpress.plataformadeteste.com.br\/centralpaulista\/wp-json\/wp\/v2\/comments?post=1078"}],"wp:attachment":[{"href":"https:\/\/wordpress.plataformadeteste.com.br\/centralpaulista\/wp-json\/wp\/v2\/media?parent=1078"}],"wp:term":[{"taxonomy":"product_cat","embeddable":true,"href":"https:\/\/wordpress.plataformadeteste.com.br\/centralpaulista\/wp-json\/wp\/v2\/product_cat?post=1078"},{"taxonomy":"product_tag","embeddable":true,"href":"https:\/\/wordpress.plataformadeteste.com.br\/centralpaulista\/wp-json\/wp\/v2\/product_tag?post=1078"}],"curies":[{"name":"wp","href":"https:\/\/api.w.org\/{rel}","templated":true}]}}