{"id":1077,"date":"2022-07-08T09:43:18","date_gmt":"2022-07-08T12:43:18","guid":{"rendered":"https:\/\/centralpaulista.com.br\/?post_type=product&#038;p=1077"},"modified":"2022-07-08T10:56:51","modified_gmt":"2022-07-08T13:56:51","slug":"e-cpf","status":"publish","type":"product","link":"https:\/\/wordpress.plataformadeteste.com.br\/centralpaulista\/produto\/e-cpf\/","title":{"rendered":"e-CPF &#8211; Certificado Digital &#8211; Central Paulista"},"content":{"rendered":"<p class=\"font-15 mb-0\">\u00c9 a solu\u00e7\u00e3o destinada a pessoas f\u00edsicas e se comporta como se fosse o seu CPF em vers\u00e3o digital.<br \/>\nO e-CPF te identifica no meio eletr\u00f4nico, permitindo a realiza\u00e7\u00e3o de diferentes servi\u00e7os:<\/p>\n<ul>\n<li>Assinatura digital de documentos com validade jur\u00eddica;<\/li>\n<li>Praticidade na declara\u00e7\u00e3o do Imposto de Renda atrav\u00e9s da Declara\u00e7\u00e3o Pr\u00e9 Preenchida<\/li>\n<li>Acesso a portais do governo (como e-CAC, Receita Federal) de forma mais pr\u00e1tica e otimizada.<\/li>\n<\/ul>\n<p>&nbsp;<\/p>\n<h3 class=\"h5 font-weight-bold mb-3\">Qual a documenta\u00e7\u00e3o necess\u00e1ria para valida\u00e7\u00e3o do e-CPF?<\/h3>\n<div class=\"font-15 mb-4\">\n<ul>\n<li class=\"mb-3\">1 documento de identifica\u00e7\u00e3o com foto e dentro do prazo de validade (RG, CNH ou RNI);<\/li>\n<li class=\"mb-3\">Cadastro de Pessoa F\u00edsica \u2013 CPF;<\/li>\n<\/ul>\n<p><strong>Aten\u00e7\u00e3o:\u00a0<\/strong>para os Certificados Digitais e-Profiss\u00f5es, al\u00e9m da documenta\u00e7\u00e3o acima, ser\u00e3o solicitados os documentos funcionais*, tais como: CRC, OAB, CREA, CRM, dentre outros (dentro do prazo de validade).<\/p>\n<p class=\"font-italic\">* Documento oficial de identifica\u00e7\u00e3o profissional, reconhecido por lei federal. A identidade funcional s\u00f3 pode ser solicitada por profissionais em atividade.<\/p>\n<\/div>\n<p>&nbsp;<\/p>\n<h3 class=\"h5 font-weight-bold mb-3\">Com o e-CPF poss\u00edvel acessar a Conectividade Social?<\/h3>\n<div class=\"font-15 mb-4\">\n<p>Sim, mas para habilitar \u00e9 necess\u00e1rio apresentar no momento da valida\u00e7\u00e3o o comprovante do n\u00famero do PIS, caso voc\u00ea seja funcion\u00e1rio de uma empresa. Na falta deste documento. Ser\u00e1 permitido apresentar qualquer dos documentos abaixo:<\/p>\n<ul>\n<li class=\"mb-3\">Cart\u00e3o do PIS;<\/li>\n<li class=\"mb-3\">Extrato do FGTS;<\/li>\n<li class=\"mb-3\">Cart\u00e3o Cidad\u00e3o.<\/li>\n<\/ul>\n<p>J\u00e1 profissionais aut\u00f4nomos devem apresentar:<\/p>\n<ul>\n<li class=\"mb-3\">Comprovante do Cadastro Espec\u00edfico;<\/li>\n<li class=\"mb-3\">Matr\u00edcula do INSS (CEI);<\/li>\n<li class=\"mb-3\">Impress\u00e3o atualizada da p\u00e1gina da DATAPREV.<\/li>\n<\/ul>\n<\/div>\n<p>&nbsp;<\/p>\n<h3 class=\"h5 font-weight-bold mb-3\">Com o e-CPF \u00e9 poss\u00edvel acessar o PJe?<\/h3>\n<div class=\"font-15 mb-4\">\n<p>Sim! Em alguns casos \u00e9 necess\u00e1rio habilitar o Certificado na plataforma e o passo a passo \u00e9 bem simples:<\/p>\n<ul>\n<li class=\"mb-3\">Na barra de tarefas, procure uma \u201cSeta\u201d apontando para cima;<\/li>\n<li class=\"mb-3\">Procure o \u00edcone do PJe Office e depois clique com o bot\u00e3o direito do mouse em \u201cConfigura\u00e7\u00e3o de Certificado&#8221;;<\/li>\n<li class=\"mb-3\">Em seguida clique em \u201cAvan\u00e7ado\u201d e no campo \u201cTipo\u201d verificar se tem a op\u00e7\u00e3o \u201cPKCS11\u201d;<\/li>\n<li class=\"mb-3\">Clique duas vezes nela. A senha do seu Certificado Digital ser\u00e1 solicitada. Clique em \u201cOk\u201d e pronto!<\/li>\n<\/ul>\n<\/div>\n<h3><\/h3>\n<h3 class=\"h5 font-weight-bold mb-3\">Com o e-CPF \u00e9 poss\u00edvel acessar o PJe?<\/h3>\n<div class=\"font-15 mb-4\">\n<p>Sim! Em alguns casos \u00e9 necess\u00e1rio habilitar o Certificado na plataforma e o passo a passo \u00e9 bem simples:<\/p>\n<ul>\n<li class=\"mb-3\">Na barra de tarefas, procure uma \u201cSeta\u201d apontando para cima;<\/li>\n<li class=\"mb-3\">Procure o \u00edcone do PJe Office e depois clique com o bot\u00e3o direito do mouse em \u201cConfigura\u00e7\u00e3o de Certificado&#8221;;<\/li>\n<li class=\"mb-3\">Em seguida clique em \u201cAvan\u00e7ado\u201d e no campo \u201cTipo\u201d verificar se tem a op\u00e7\u00e3o \u201cPKCS11\u201d;<\/li>\n<li class=\"mb-3\">Clique duas vezes nela. A senha do seu Certificado Digital ser\u00e1 solicitada. Clique em \u201cOk\u201d e pronto!<\/li>\n<\/ul>\n<\/div>\n","protected":false},"excerpt":{"rendered":"<p>\u00c9 a solu\u00e7\u00e3o destinada a pessoas f\u00edsicas e se comporta como se fosse o seu CPF em vers\u00e3o digital. O e-CPF te identifica no meio eletr\u00f4nico, permitindo a realiza\u00e7\u00e3o de diferentes servi\u00e7os: Assinatura digital de documentos com validade jur\u00eddica; Praticidade na declara\u00e7\u00e3o do Imposto de Renda atrav\u00e9s da Declara\u00e7\u00e3o Pr\u00e9 Preenchida Acesso a portais do [&hellip;]<\/p>\n","protected":false},"featured_media":0,"comment_status":"open","ping_status":"closed","template":"","meta":[],"product_cat":[134],"product_tag":[136,143,144],"class_list":["post-1077","product","type-product","status-publish","hentry","product_cat-certificado_digital","product_tag-certificado-digital","product_tag-certificado-digital-e-cpf","product_tag-certificado-digital-para-pessoa-fisica"],"yoast_head":"<!-- This site is optimized with the Yoast SEO plugin v20.4 - https:\/\/yoast.com\/wordpress\/plugins\/seo\/ -->\n<title>e-CPF - Certificado Digital - Central Paulista - Central Paulista - Certid\u00f5es, Pesquisas Forenses e Cartor\u00e1rias<\/title>\n<meta name=\"robots\" content=\"noindex, follow, max-snippet:-1, max-image-preview:large, max-video-preview:-1\" \/>\n<meta property=\"og:locale\" content=\"pt_BR\" \/>\n<meta property=\"og:type\" content=\"article\" \/>\n<meta property=\"og:title\" content=\"e-CPF - Certificado Digital - Central Paulista - Central Paulista - Certid\u00f5es, Pesquisas Forenses e Cartor\u00e1rias\" \/>\n<meta property=\"og:description\" content=\"\u00c9 a solu\u00e7\u00e3o destinada a pessoas f\u00edsicas e se comporta como se fosse o seu CPF em vers\u00e3o digital. O e-CPF te identifica no meio eletr\u00f4nico, permitindo a realiza\u00e7\u00e3o de diferentes servi\u00e7os: Assinatura digital de documentos com validade jur\u00eddica; Praticidade na declara\u00e7\u00e3o do Imposto de Renda atrav\u00e9s da Declara\u00e7\u00e3o Pr\u00e9 Preenchida Acesso a portais do [&hellip;]\" \/>\n<meta property=\"og:url\" content=\"https:\/\/wordpress.plataformadeteste.com.br\/centralpaulista\/produto\/e-cpf\/\" \/>\n<meta property=\"og:site_name\" content=\"Central Paulista - Certid\u00f5es, Pesquisas Forenses e Cartor\u00e1rias\" \/>\n<meta property=\"article:modified_time\" content=\"2022-07-08T13:56:51+00:00\" \/>\n<meta name=\"twitter:card\" content=\"summary_large_image\" \/>\n<script type=\"application\/ld+json\" class=\"yoast-schema-graph\">{\"@context\":\"https:\/\/schema.org\",\"@graph\":[{\"@type\":\"WebPage\",\"@id\":\"https:\/\/wordpress.plataformadeteste.com.br\/centralpaulista\/produto\/e-cpf\/\",\"url\":\"https:\/\/wordpress.plataformadeteste.com.br\/centralpaulista\/produto\/e-cpf\/\",\"name\":\"e-CPF - Certificado Digital - Central Paulista - Central Paulista - Certid\u00f5es, Pesquisas Forenses e Cartor\u00e1rias\",\"isPartOf\":{\"@id\":\"https:\/\/wordpress.plataformadeteste.com.br\/centralpaulista\/#website\"},\"datePublished\":\"2022-07-08T12:43:18+00:00\",\"dateModified\":\"2022-07-08T13:56:51+00:00\",\"breadcrumb\":{\"@id\":\"https:\/\/wordpress.plataformadeteste.com.br\/centralpaulista\/produto\/e-cpf\/#breadcrumb\"},\"inLanguage\":\"pt-BR\",\"potentialAction\":[{\"@type\":\"ReadAction\",\"target\":[\"https:\/\/wordpress.plataformadeteste.com.br\/centralpaulista\/produto\/e-cpf\/\"]}]},{\"@type\":\"BreadcrumbList\",\"@id\":\"https:\/\/wordpress.plataformadeteste.com.br\/centralpaulista\/produto\/e-cpf\/#breadcrumb\",\"itemListElement\":[{\"@type\":\"ListItem\",\"position\":1,\"name\":\"In\u00edcio\",\"item\":\"https:\/\/wordpress.plataformadeteste.com.br\/centralpaulista\/\"},{\"@type\":\"ListItem\",\"position\":2,\"name\":\"Servi\u00e7os\",\"item\":\"https:\/\/wordpress.plataformadeteste.com.br\/centralpaulista\/servicos\/\"},{\"@type\":\"ListItem\",\"position\":3,\"name\":\"e-CPF &#8211; Certificado Digital &#8211; Central Paulista\"}]},{\"@type\":\"WebSite\",\"@id\":\"https:\/\/wordpress.plataformadeteste.com.br\/centralpaulista\/#website\",\"url\":\"https:\/\/wordpress.plataformadeteste.com.br\/centralpaulista\/\",\"name\":\"Central Paulista - Certid\u00f5es, Pesquisas Forenses e Cartor\u00e1rias\",\"description\":\"Somos uma empresa prestadora de servi\u00e7os no setor de informa\u00e7\u00f5es e cadastro de pessoas f\u00edsicas, pessoas jur\u00eddicas e im\u00f3veis. Nosso trabalho \u00e9 simplificar e garantir a seguran\u00e7a em diferentes tipos de transa\u00e7\u00f5es comerciais. Atuamos nesse mercado desde 1977, fornecendo certid\u00f5es e realizando consultas completas no \u00e2mbito federal, estadual e municipal para todo o Brasil.\",\"potentialAction\":[{\"@type\":\"SearchAction\",\"target\":{\"@type\":\"EntryPoint\",\"urlTemplate\":\"https:\/\/wordpress.plataformadeteste.com.br\/centralpaulista\/?s={search_term_string}\"},\"query-input\":\"required name=search_term_string\"}],\"inLanguage\":\"pt-BR\"}]}<\/script>\n<!-- \/ Yoast SEO plugin. -->","yoast_head_json":{"title":"e-CPF - Certificado Digital - Central Paulista - Central Paulista - Certid\u00f5es, Pesquisas Forenses e Cartor\u00e1rias","robots":{"index":"noindex","follow":"follow","max-snippet":"max-snippet:-1","max-image-preview":"max-image-preview:large","max-video-preview":"max-video-preview:-1"},"og_locale":"pt_BR","og_type":"article","og_title":"e-CPF - Certificado Digital - Central Paulista - Central Paulista - Certid\u00f5es, Pesquisas Forenses e Cartor\u00e1rias","og_description":"\u00c9 a solu\u00e7\u00e3o destinada a pessoas f\u00edsicas e se comporta como se fosse o seu CPF em vers\u00e3o digital. O e-CPF te identifica no meio eletr\u00f4nico, permitindo a realiza\u00e7\u00e3o de diferentes servi\u00e7os: Assinatura digital de documentos com validade jur\u00eddica; Praticidade na declara\u00e7\u00e3o do Imposto de Renda atrav\u00e9s da Declara\u00e7\u00e3o Pr\u00e9 Preenchida Acesso a portais do [&hellip;]","og_url":"https:\/\/wordpress.plataformadeteste.com.br\/centralpaulista\/produto\/e-cpf\/","og_site_name":"Central Paulista - Certid\u00f5es, Pesquisas Forenses e Cartor\u00e1rias","article_modified_time":"2022-07-08T13:56:51+00:00","twitter_card":"summary_large_image","schema":{"@context":"https:\/\/schema.org","@graph":[{"@type":"WebPage","@id":"https:\/\/wordpress.plataformadeteste.com.br\/centralpaulista\/produto\/e-cpf\/","url":"https:\/\/wordpress.plataformadeteste.com.br\/centralpaulista\/produto\/e-cpf\/","name":"e-CPF - Certificado Digital - Central Paulista - Central Paulista - Certid\u00f5es, Pesquisas Forenses e Cartor\u00e1rias","isPartOf":{"@id":"https:\/\/wordpress.plataformadeteste.com.br\/centralpaulista\/#website"},"datePublished":"2022-07-08T12:43:18+00:00","dateModified":"2022-07-08T13:56:51+00:00","breadcrumb":{"@id":"https:\/\/wordpress.plataformadeteste.com.br\/centralpaulista\/produto\/e-cpf\/#breadcrumb"},"inLanguage":"pt-BR","potentialAction":[{"@type":"ReadAction","target":["https:\/\/wordpress.plataformadeteste.com.br\/centralpaulista\/produto\/e-cpf\/"]}]},{"@type":"BreadcrumbList","@id":"https:\/\/wordpress.plataformadeteste.com.br\/centralpaulista\/produto\/e-cpf\/#breadcrumb","itemListElement":[{"@type":"ListItem","position":1,"name":"In\u00edcio","item":"https:\/\/wordpress.plataformadeteste.com.br\/centralpaulista\/"},{"@type":"ListItem","position":2,"name":"Servi\u00e7os","item":"https:\/\/wordpress.plataformadeteste.com.br\/centralpaulista\/servicos\/"},{"@type":"ListItem","position":3,"name":"e-CPF &#8211; Certificado Digital &#8211; Central Paulista"}]},{"@type":"WebSite","@id":"https:\/\/wordpress.plataformadeteste.com.br\/centralpaulista\/#website","url":"https:\/\/wordpress.plataformadeteste.com.br\/centralpaulista\/","name":"Central Paulista - Certid\u00f5es, Pesquisas Forenses e Cartor\u00e1rias","description":"Somos uma empresa prestadora de servi\u00e7os no setor de informa\u00e7\u00f5es e cadastro de pessoas f\u00edsicas, pessoas jur\u00eddicas e im\u00f3veis. Nosso trabalho \u00e9 simplificar e garantir a seguran\u00e7a em diferentes tipos de transa\u00e7\u00f5es comerciais. Atuamos nesse mercado desde 1977, fornecendo certid\u00f5es e realizando consultas completas no \u00e2mbito federal, estadual e municipal para todo o Brasil.","potentialAction":[{"@type":"SearchAction","target":{"@type":"EntryPoint","urlTemplate":"https:\/\/wordpress.plataformadeteste.com.br\/centralpaulista\/?s={search_term_string}"},"query-input":"required name=search_term_string"}],"inLanguage":"pt-BR"}]}},"_links":{"self":[{"href":"https:\/\/wordpress.plataformadeteste.com.br\/centralpaulista\/wp-json\/wp\/v2\/product\/1077","targetHints":{"allow":["GET"]}}],"collection":[{"href":"https:\/\/wordpress.plataformadeteste.com.br\/centralpaulista\/wp-json\/wp\/v2\/product"}],"about":[{"href":"https:\/\/wordpress.plataformadeteste.com.br\/centralpaulista\/wp-json\/wp\/v2\/types\/product"}],"replies":[{"embeddable":true,"href":"https:\/\/wordpress.plataformadeteste.com.br\/centralpaulista\/wp-json\/wp\/v2\/comments?post=1077"}],"wp:attachment":[{"href":"https:\/\/wordpress.plataformadeteste.com.br\/centralpaulista\/wp-json\/wp\/v2\/media?parent=1077"}],"wp:term":[{"taxonomy":"product_cat","embeddable":true,"href":"https:\/\/wordpress.plataformadeteste.com.br\/centralpaulista\/wp-json\/wp\/v2\/product_cat?post=1077"},{"taxonomy":"product_tag","embeddable":true,"href":"https:\/\/wordpress.plataformadeteste.com.br\/centralpaulista\/wp-json\/wp\/v2\/product_tag?post=1077"}],"curies":[{"name":"wp","href":"https:\/\/api.w.org\/{rel}","templated":true}]}}