{"id":1002,"date":"2022-05-17T14:53:31","date_gmt":"2022-05-17T17:53:31","guid":{"rendered":"https:\/\/centralpaulista.com.br\/?post_type=product&#038;p=1002"},"modified":"2022-07-08T15:46:54","modified_gmt":"2022-07-08T18:46:54","slug":"e-cnpj","status":"publish","type":"product","link":"https:\/\/wordpress.plataformadeteste.com.br\/centralpaulista\/produto\/e-cnpj\/","title":{"rendered":"e-CNPJ &#8211; Certificado Digital &#8211; Central Paulista"},"content":{"rendered":"<p class=\"font-15 mb-0\">\u00c9 a solu\u00e7\u00e3o destinada a pessoas jur\u00eddicas e atrelado ao CNPJ.<br \/>\nA identidade digital possibilita a identifica\u00e7\u00e3o da sua empresa no meio eletr\u00f4nico, permitindo a realiza\u00e7\u00e3o de diferentes servi\u00e7os:<\/p>\n<ul>\n<li>Assinatura digital de documentos com validade jur\u00eddica;<\/li>\n<li>Acesso a portais do governo(como da Receita Federal, eSocial) para atender aos compromissos fiscais e legais;<\/li>\n<li>Transmiss\u00e3o de dados, garantindo a integridade e seguran\u00e7a das informa\u00e7\u00f5es.<\/li>\n<\/ul>\n<h3 class=\"h5 font-weight-bold mb-3\">Qual a documenta\u00e7\u00e3o necess\u00e1ria para valida\u00e7\u00e3o do e-CNPJ?<\/h3>\n<div class=\"font-15 mb-4\">\n<ul>\n<li class=\"mb-3\">Altera\u00e7\u00f5es contratuais (se houver): As altera\u00e7\u00f5es devem ser devidamente registradas nos \u00f3rg\u00e3os competentes. Se a \u00faltima altera\u00e7\u00e3o for a vers\u00e3o consolidada, n\u00e3o \u00e9 necess\u00e1rio apresentar o documento de constitui\u00e7\u00e3o. Caso contr\u00e1rio, ser\u00e1 preciso apresentar todas as altera\u00e7\u00f5es anteriores.<\/li>\n<li class=\"mb-3\">Documentos de elei\u00e7\u00e3o da diretoria vigente, quando aplic\u00e1vel;<\/li>\n<li class=\"mb-3\">Cart\u00e3o CNPJ impresso no m\u00e1ximo 3 meses da data da valida\u00e7\u00e3o do certificado;<\/li>\n<\/ul>\n<p><strong>Aten\u00e7\u00e3o:<\/strong>\u00a0Originais podem ser substitu\u00eddos por c\u00f3pia autenticada. Neste caso, as c\u00f3pias autenticadas ser\u00e3o retidas.<\/p>\n<p>Caso a valida\u00e7\u00e3o seja feita por um Representante Legal cadastrado na Receita Federal, ser\u00e1 necess\u00e1rio levar tamb\u00e9m:<\/p>\n<ul>\n<li class=\"mb-3\">1 documento de identifica\u00e7\u00e3o com foto e dentro do prazo de validade (RG, CNH ou RNI);<\/li>\n<li class=\"mb-3\">Cadastro de Pessoa F\u00edsica \u2013 CPF;<\/li>\n<\/ul>\n<p><strong>Aten\u00e7\u00e3o:<\/strong>\u00a0Originais\u00a0<strong><u>n\u00e3o podem\u00a0<\/u><\/strong>ser substitu\u00eddos por c\u00f3pia autenticada.<\/p>\n<\/div>\n<h3><\/h3>\n<h3 class=\"h5 font-weight-bold mb-3\">Posso emitir Notas Fiscais Eletr\u00f4nicas com o e-CNPJ?<\/h3>\n<div class=\"font-15 mb-4\">Sim, uma das fun\u00e7\u00f5es do e-CNPJ \u00e9 emiss\u00e3o de Notas Fiscais Eletr\u00f4nicas. Por\u00e9m o acesso a solu\u00e7\u00e3o \u00e9 restrito aos s\u00f3cios e representantes legais da empresa. Caso sua empresa esteja ganhando escalabilidade e voc\u00ea precise delegar esta fun\u00e7\u00e3o a outros colaboradores, recomendamos que adquira o NF-e.<\/div>\n<h3><\/h3>\n<h3 class=\"h5 font-weight-bold mb-3\">Posso utilizar o e- CNPJ para realizar obriga\u00e7\u00f5es de Pessoa F\u00edsica?<\/h3>\n<div class=\"font-15 mb-4\">N\u00e3o, o e-CNPJ \u00e9 restrito para obriga\u00e7\u00f5es que abrange apenas a Pessoa Jur\u00eddica, ou seja, a sua empresa.<\/div>\n<p>&nbsp;<\/p>\n<p>&nbsp;<\/p>\n<p><strong>Central Paulista<\/strong><\/p>\n<ul>\n<li>Desde 1977, sendo um facilitador para a obten\u00e7\u00e3o de documentos, certid\u00f5es e pesquisas;<\/li>\n<li>Atendimento r\u00e1pido e garantido;<\/li>\n<li>Agilidade no prazo de entrega;<\/li>\n<li>Avalia\u00e7\u00f5es 100% positivas no Google.<\/li>\n<\/ul>\n","protected":false},"excerpt":{"rendered":"<p>\u00c9 a solu\u00e7\u00e3o destinada a pessoas jur\u00eddicas e atrelado ao CNPJ. A identidade digital possibilita a identifica\u00e7\u00e3o da sua empresa no meio eletr\u00f4nico, permitindo a realiza\u00e7\u00e3o de diferentes servi\u00e7os: Assinatura digital de documentos com validade jur\u00eddica; Acesso a portais do governo(como da Receita Federal, eSocial) para atender aos compromissos fiscais e legais; Transmiss\u00e3o de dados, [&hellip;]<\/p>\n","protected":false},"featured_media":0,"comment_status":"open","ping_status":"closed","template":"","meta":[],"product_cat":[134],"product_tag":[136,145,149,147,146,148],"class_list":["post-1002","product","type-product","status-publish","hentry","product_cat-certificado_digital","product_tag-certificado-digital","product_tag-certificado-digital-e-cnpj","product_tag-certificado-digital-empresas","product_tag-certificado-digital-para-empresas","product_tag-certificado-digital-para-pessoa-juridica","product_tag-certificado-digital-pessoa-juridica"],"yoast_head":"<!-- This site is optimized with the Yoast SEO plugin v20.4 - https:\/\/yoast.com\/wordpress\/plugins\/seo\/ -->\n<title>e-CNPJ - Certificado Digital - Central Paulista - Central Paulista - Certid\u00f5es, Pesquisas Forenses e Cartor\u00e1rias<\/title>\n<meta name=\"robots\" content=\"noindex, follow, max-snippet:-1, max-image-preview:large, max-video-preview:-1\" \/>\n<meta property=\"og:locale\" content=\"pt_BR\" \/>\n<meta property=\"og:type\" content=\"article\" \/>\n<meta property=\"og:title\" content=\"e-CNPJ - Certificado Digital - Central Paulista - Central Paulista - Certid\u00f5es, Pesquisas Forenses e Cartor\u00e1rias\" \/>\n<meta property=\"og:description\" content=\"\u00c9 a solu\u00e7\u00e3o destinada a pessoas jur\u00eddicas e atrelado ao CNPJ. A identidade digital possibilita a identifica\u00e7\u00e3o da sua empresa no meio eletr\u00f4nico, permitindo a realiza\u00e7\u00e3o de diferentes servi\u00e7os: Assinatura digital de documentos com validade jur\u00eddica; Acesso a portais do governo(como da Receita Federal, eSocial) para atender aos compromissos fiscais e legais; Transmiss\u00e3o de dados, [&hellip;]\" \/>\n<meta property=\"og:url\" content=\"https:\/\/wordpress.plataformadeteste.com.br\/centralpaulista\/produto\/e-cnpj\/\" \/>\n<meta property=\"og:site_name\" content=\"Central Paulista - Certid\u00f5es, Pesquisas Forenses e Cartor\u00e1rias\" \/>\n<meta property=\"article:modified_time\" content=\"2022-07-08T18:46:54+00:00\" \/>\n<meta name=\"twitter:card\" content=\"summary_large_image\" \/>\n<script type=\"application\/ld+json\" class=\"yoast-schema-graph\">{\"@context\":\"https:\/\/schema.org\",\"@graph\":[{\"@type\":\"WebPage\",\"@id\":\"https:\/\/wordpress.plataformadeteste.com.br\/centralpaulista\/produto\/e-cnpj\/\",\"url\":\"https:\/\/wordpress.plataformadeteste.com.br\/centralpaulista\/produto\/e-cnpj\/\",\"name\":\"e-CNPJ - Certificado Digital - Central Paulista - Central Paulista - Certid\u00f5es, Pesquisas Forenses e Cartor\u00e1rias\",\"isPartOf\":{\"@id\":\"https:\/\/wordpress.plataformadeteste.com.br\/centralpaulista\/#website\"},\"datePublished\":\"2022-05-17T17:53:31+00:00\",\"dateModified\":\"2022-07-08T18:46:54+00:00\",\"breadcrumb\":{\"@id\":\"https:\/\/wordpress.plataformadeteste.com.br\/centralpaulista\/produto\/e-cnpj\/#breadcrumb\"},\"inLanguage\":\"pt-BR\",\"potentialAction\":[{\"@type\":\"ReadAction\",\"target\":[\"https:\/\/wordpress.plataformadeteste.com.br\/centralpaulista\/produto\/e-cnpj\/\"]}]},{\"@type\":\"BreadcrumbList\",\"@id\":\"https:\/\/wordpress.plataformadeteste.com.br\/centralpaulista\/produto\/e-cnpj\/#breadcrumb\",\"itemListElement\":[{\"@type\":\"ListItem\",\"position\":1,\"name\":\"In\u00edcio\",\"item\":\"https:\/\/wordpress.plataformadeteste.com.br\/centralpaulista\/\"},{\"@type\":\"ListItem\",\"position\":2,\"name\":\"Servi\u00e7os\",\"item\":\"https:\/\/wordpress.plataformadeteste.com.br\/centralpaulista\/servicos\/\"},{\"@type\":\"ListItem\",\"position\":3,\"name\":\"e-CNPJ &#8211; Certificado Digital &#8211; Central Paulista\"}]},{\"@type\":\"WebSite\",\"@id\":\"https:\/\/wordpress.plataformadeteste.com.br\/centralpaulista\/#website\",\"url\":\"https:\/\/wordpress.plataformadeteste.com.br\/centralpaulista\/\",\"name\":\"Central Paulista - Certid\u00f5es, Pesquisas Forenses e Cartor\u00e1rias\",\"description\":\"Somos uma empresa prestadora de servi\u00e7os no setor de informa\u00e7\u00f5es e cadastro de pessoas f\u00edsicas, pessoas jur\u00eddicas e im\u00f3veis. Nosso trabalho \u00e9 simplificar e garantir a seguran\u00e7a em diferentes tipos de transa\u00e7\u00f5es comerciais. Atuamos nesse mercado desde 1977, fornecendo certid\u00f5es e realizando consultas completas no \u00e2mbito federal, estadual e municipal para todo o Brasil.\",\"potentialAction\":[{\"@type\":\"SearchAction\",\"target\":{\"@type\":\"EntryPoint\",\"urlTemplate\":\"https:\/\/wordpress.plataformadeteste.com.br\/centralpaulista\/?s={search_term_string}\"},\"query-input\":\"required name=search_term_string\"}],\"inLanguage\":\"pt-BR\"}]}<\/script>\n<!-- \/ Yoast SEO plugin. -->","yoast_head_json":{"title":"e-CNPJ - Certificado Digital - Central Paulista - Central Paulista - Certid\u00f5es, Pesquisas Forenses e Cartor\u00e1rias","robots":{"index":"noindex","follow":"follow","max-snippet":"max-snippet:-1","max-image-preview":"max-image-preview:large","max-video-preview":"max-video-preview:-1"},"og_locale":"pt_BR","og_type":"article","og_title":"e-CNPJ - Certificado Digital - Central Paulista - Central Paulista - Certid\u00f5es, Pesquisas Forenses e Cartor\u00e1rias","og_description":"\u00c9 a solu\u00e7\u00e3o destinada a pessoas jur\u00eddicas e atrelado ao CNPJ. A identidade digital possibilita a identifica\u00e7\u00e3o da sua empresa no meio eletr\u00f4nico, permitindo a realiza\u00e7\u00e3o de diferentes servi\u00e7os: Assinatura digital de documentos com validade jur\u00eddica; Acesso a portais do governo(como da Receita Federal, eSocial) para atender aos compromissos fiscais e legais; Transmiss\u00e3o de dados, [&hellip;]","og_url":"https:\/\/wordpress.plataformadeteste.com.br\/centralpaulista\/produto\/e-cnpj\/","og_site_name":"Central Paulista - Certid\u00f5es, Pesquisas Forenses e Cartor\u00e1rias","article_modified_time":"2022-07-08T18:46:54+00:00","twitter_card":"summary_large_image","schema":{"@context":"https:\/\/schema.org","@graph":[{"@type":"WebPage","@id":"https:\/\/wordpress.plataformadeteste.com.br\/centralpaulista\/produto\/e-cnpj\/","url":"https:\/\/wordpress.plataformadeteste.com.br\/centralpaulista\/produto\/e-cnpj\/","name":"e-CNPJ - Certificado Digital - Central Paulista - Central Paulista - Certid\u00f5es, Pesquisas Forenses e Cartor\u00e1rias","isPartOf":{"@id":"https:\/\/wordpress.plataformadeteste.com.br\/centralpaulista\/#website"},"datePublished":"2022-05-17T17:53:31+00:00","dateModified":"2022-07-08T18:46:54+00:00","breadcrumb":{"@id":"https:\/\/wordpress.plataformadeteste.com.br\/centralpaulista\/produto\/e-cnpj\/#breadcrumb"},"inLanguage":"pt-BR","potentialAction":[{"@type":"ReadAction","target":["https:\/\/wordpress.plataformadeteste.com.br\/centralpaulista\/produto\/e-cnpj\/"]}]},{"@type":"BreadcrumbList","@id":"https:\/\/wordpress.plataformadeteste.com.br\/centralpaulista\/produto\/e-cnpj\/#breadcrumb","itemListElement":[{"@type":"ListItem","position":1,"name":"In\u00edcio","item":"https:\/\/wordpress.plataformadeteste.com.br\/centralpaulista\/"},{"@type":"ListItem","position":2,"name":"Servi\u00e7os","item":"https:\/\/wordpress.plataformadeteste.com.br\/centralpaulista\/servicos\/"},{"@type":"ListItem","position":3,"name":"e-CNPJ &#8211; Certificado Digital &#8211; Central Paulista"}]},{"@type":"WebSite","@id":"https:\/\/wordpress.plataformadeteste.com.br\/centralpaulista\/#website","url":"https:\/\/wordpress.plataformadeteste.com.br\/centralpaulista\/","name":"Central Paulista - Certid\u00f5es, Pesquisas Forenses e Cartor\u00e1rias","description":"Somos uma empresa prestadora de servi\u00e7os no setor de informa\u00e7\u00f5es e cadastro de pessoas f\u00edsicas, pessoas jur\u00eddicas e im\u00f3veis. Nosso trabalho \u00e9 simplificar e garantir a seguran\u00e7a em diferentes tipos de transa\u00e7\u00f5es comerciais. Atuamos nesse mercado desde 1977, fornecendo certid\u00f5es e realizando consultas completas no \u00e2mbito federal, estadual e municipal para todo o Brasil.","potentialAction":[{"@type":"SearchAction","target":{"@type":"EntryPoint","urlTemplate":"https:\/\/wordpress.plataformadeteste.com.br\/centralpaulista\/?s={search_term_string}"},"query-input":"required name=search_term_string"}],"inLanguage":"pt-BR"}]}},"_links":{"self":[{"href":"https:\/\/wordpress.plataformadeteste.com.br\/centralpaulista\/wp-json\/wp\/v2\/product\/1002","targetHints":{"allow":["GET"]}}],"collection":[{"href":"https:\/\/wordpress.plataformadeteste.com.br\/centralpaulista\/wp-json\/wp\/v2\/product"}],"about":[{"href":"https:\/\/wordpress.plataformadeteste.com.br\/centralpaulista\/wp-json\/wp\/v2\/types\/product"}],"replies":[{"embeddable":true,"href":"https:\/\/wordpress.plataformadeteste.com.br\/centralpaulista\/wp-json\/wp\/v2\/comments?post=1002"}],"wp:attachment":[{"href":"https:\/\/wordpress.plataformadeteste.com.br\/centralpaulista\/wp-json\/wp\/v2\/media?parent=1002"}],"wp:term":[{"taxonomy":"product_cat","embeddable":true,"href":"https:\/\/wordpress.plataformadeteste.com.br\/centralpaulista\/wp-json\/wp\/v2\/product_cat?post=1002"},{"taxonomy":"product_tag","embeddable":true,"href":"https:\/\/wordpress.plataformadeteste.com.br\/centralpaulista\/wp-json\/wp\/v2\/product_tag?post=1002"}],"curies":[{"name":"wp","href":"https:\/\/api.w.org\/{rel}","templated":true}]}}