{"id":1000,"date":"2022-05-17T14:33:17","date_gmt":"2022-05-17T17:33:17","guid":{"rendered":"https:\/\/centralpaulista.com.br\/?post_type=product&#038;p=1000"},"modified":"2022-05-17T14:34:42","modified_gmt":"2022-05-17T17:34:42","slug":"certidoes-para-auditoria","status":"publish","type":"product","link":"https:\/\/wordpress.plataformadeteste.com.br\/centralpaulista\/produto\/certidoes-para-auditoria\/","title":{"rendered":"Certid\u00f5es para Auditoria"},"content":{"rendered":"<p>A Central Paulista de Certid\u00f5es e Cadastro \u00e9 uma empresa pioneira em servi\u00e7os de &#8220;Busca de Certid\u00f5es e Pesquisas Forenses e Cartor\u00e1rias&#8221;. Atuando neste segmento desde 1977, tornando-se uma empresa consolidada e refer\u00eancia no mercado de documenta\u00e7\u00f5es, atendendo empresas de diversos segmentos e portes. A Central Paulista tem como objetivo a elabora\u00e7\u00e3o de toda documenta\u00e7\u00e3o para auditoria de forma objetiva, sempre com qualidade, comprometimento e agilidade, tendo como principal diferencial o sigilo das informa\u00e7\u00f5es.<\/p>\n<p><strong><br \/>\nO que \u00e9 auditoria?<\/strong><\/p>\n<p>A <strong>auditoria<\/strong> consiste em um processo de an\u00e1lise profunda em todas as atividades e opera\u00e7\u00f5es de uma organiza\u00e7\u00e3o, incluindo empresas de pequeno, m\u00e9dio e grande porte. Esse processo tem o objetivo de verificar a legitimidade das a\u00e7\u00f5es de uma empresa diante das normas, regras e leis estabelecidas por \u00f3rg\u00e3os reguladores e p\u00fablicos. A auditoria tamb\u00e9m \u00e9 respons\u00e1vel por avaliar os procedimentos da organiza\u00e7\u00e3o conforme os padr\u00f5es definidos pela pr\u00f3pria empresa.<\/p>\n<p>Principais certid\u00f5es para auditorias:<\/p>\n<ul>\n<li>Certid\u00e3o de A\u00e7\u00f5es C\u00edveis, Fam\u00edlia e Sucess\u00f5es;<\/li>\n<li>Execu\u00e7\u00f5es Fiscais e Juizados Especiais C\u00edveis;<\/li>\n<li>Certid\u00e3o de A\u00e7\u00f5es e Reclama\u00e7\u00f5es Trabalhistas;<\/li>\n<li>Certid\u00e3o Negativa de D\u00e9bitos Trabalhista (CNDT);<\/li>\n<li>Certid\u00e3o de Distribui\u00e7\u00e3o da Justi\u00e7a Federal (c\u00edveis, fiscais, criminais);<\/li>\n<li>Certid\u00e3o Conjunta Negativa de D\u00e9bitos Relativos a Tributos Federais e \u00e0 D\u00edvida Ativa da Uni\u00e3o (INSS);<\/li>\n<li>Certid\u00f5es dos 10 Cart\u00f3rios de Protesto de Letras e T\u00edtulos (05 anos);<\/li>\n<li>Comprovante de Situa\u00e7\u00e3o Cadastral emitido pela Receita Federal;<\/li>\n<li>Cart\u00e3o QSA \u2013 RFB;<\/li>\n<li>Ficha Cadastral Simplificada;<\/li>\n<li>Certid\u00e3o de Regularidade perante o FGTS;<\/li>\n<li>Certid\u00e3o de D\u00e9bitos Inscritos em D\u00edvida Ativa Estadual;<\/li>\n<li>Certid\u00e3o de D\u00e9bitos N\u00e3o Inscritos em D\u00edvida Ativa Estadual;<\/li>\n<li>Certid\u00e3o de D\u00e9bitos Inscritos em D\u00edvida Ativa Municipal;<\/li>\n<li>Certid\u00e3o de D\u00e9bitos N\u00e3o Inscritos em D\u00edvida Ativa Municipal;<\/li>\n<li>Certid\u00e3o de Procedimentos Investigat\u00f3rios e Inqu\u00e9ritos Civis e Criminais expedida pelo Minist\u00e9rio P\u00fablico do Estado;<\/li>\n<li>Certid\u00e3o de Procedimentos Investigat\u00f3rios e Inqu\u00e9ritos expedida pelo Minist\u00e9rio P\u00fablico Federal;<\/li>\n<li>Certid\u00e3o de Feitos emitida pelo STJ;<\/li>\n<li>Certid\u00e3o de Feitos emitida pelo STF;<\/li>\n<li>E outras.<\/li>\n<\/ul>\n<p>&nbsp;<\/p>\n<p><strong>Central Paulista<\/strong><\/p>\n<ul>\n<li>Desde 1977, sendo um facilitador para a obten\u00e7\u00e3o de documentos, certid\u00f5es e pesquisas;<\/li>\n<li>Atendimento r\u00e1pido e garantido;<\/li>\n<li>Agilidade no prazo de entrega;<\/li>\n<li>Avalia\u00e7\u00f5es 100% positivas no Google.<\/li>\n<\/ul>\n","protected":false},"excerpt":{"rendered":"<p>A Central Paulista de Certid\u00f5es e Cadastro \u00e9 uma empresa pioneira em servi\u00e7os de &#8220;Busca de Certid\u00f5es e Pesquisas Forenses e Cartor\u00e1rias&#8221;. Atuando neste segmento desde 1977, tornando-se uma empresa consolidada e refer\u00eancia no mercado de documenta\u00e7\u00f5es, atendendo empresas de diversos segmentos e portes. A Central Paulista tem como objetivo a elabora\u00e7\u00e3o de toda documenta\u00e7\u00e3o [&hellip;]<\/p>\n","protected":false},"featured_media":0,"comment_status":"open","ping_status":"closed","template":"","meta":[],"product_cat":[133],"product_tag":[],"class_list":["post-1000","product","type-product","status-publish","hentry","product_cat-servicos_para_auditoria"],"yoast_head":"<!-- This site is optimized with the Yoast SEO plugin v20.4 - https:\/\/yoast.com\/wordpress\/plugins\/seo\/ -->\n<title>Certid\u00f5es para Auditoria - Central Paulista - Certid\u00f5es, Pesquisas Forenses e Cartor\u00e1rias<\/title>\n<meta name=\"robots\" content=\"noindex, follow, max-snippet:-1, max-image-preview:large, max-video-preview:-1\" \/>\n<meta property=\"og:locale\" content=\"pt_BR\" \/>\n<meta property=\"og:type\" content=\"article\" \/>\n<meta property=\"og:title\" content=\"Certid\u00f5es para Auditoria - Central Paulista - Certid\u00f5es, Pesquisas Forenses e Cartor\u00e1rias\" \/>\n<meta property=\"og:description\" content=\"A Central Paulista de Certid\u00f5es e Cadastro \u00e9 uma empresa pioneira em servi\u00e7os de &#8220;Busca de Certid\u00f5es e Pesquisas Forenses e Cartor\u00e1rias&#8221;. Atuando neste segmento desde 1977, tornando-se uma empresa consolidada e refer\u00eancia no mercado de documenta\u00e7\u00f5es, atendendo empresas de diversos segmentos e portes. A Central Paulista tem como objetivo a elabora\u00e7\u00e3o de toda documenta\u00e7\u00e3o [&hellip;]\" \/>\n<meta property=\"og:url\" content=\"https:\/\/wordpress.plataformadeteste.com.br\/centralpaulista\/produto\/certidoes-para-auditoria\/\" \/>\n<meta property=\"og:site_name\" content=\"Central Paulista - Certid\u00f5es, Pesquisas Forenses e Cartor\u00e1rias\" \/>\n<meta property=\"article:modified_time\" content=\"2022-05-17T17:34:42+00:00\" \/>\n<meta name=\"twitter:card\" content=\"summary_large_image\" \/>\n<script type=\"application\/ld+json\" class=\"yoast-schema-graph\">{\"@context\":\"https:\/\/schema.org\",\"@graph\":[{\"@type\":\"WebPage\",\"@id\":\"https:\/\/wordpress.plataformadeteste.com.br\/centralpaulista\/produto\/certidoes-para-auditoria\/\",\"url\":\"https:\/\/wordpress.plataformadeteste.com.br\/centralpaulista\/produto\/certidoes-para-auditoria\/\",\"name\":\"Certid\u00f5es para Auditoria - Central Paulista - Certid\u00f5es, Pesquisas Forenses e Cartor\u00e1rias\",\"isPartOf\":{\"@id\":\"https:\/\/wordpress.plataformadeteste.com.br\/centralpaulista\/#website\"},\"datePublished\":\"2022-05-17T17:33:17+00:00\",\"dateModified\":\"2022-05-17T17:34:42+00:00\",\"breadcrumb\":{\"@id\":\"https:\/\/wordpress.plataformadeteste.com.br\/centralpaulista\/produto\/certidoes-para-auditoria\/#breadcrumb\"},\"inLanguage\":\"pt-BR\",\"potentialAction\":[{\"@type\":\"ReadAction\",\"target\":[\"https:\/\/wordpress.plataformadeteste.com.br\/centralpaulista\/produto\/certidoes-para-auditoria\/\"]}]},{\"@type\":\"BreadcrumbList\",\"@id\":\"https:\/\/wordpress.plataformadeteste.com.br\/centralpaulista\/produto\/certidoes-para-auditoria\/#breadcrumb\",\"itemListElement\":[{\"@type\":\"ListItem\",\"position\":1,\"name\":\"In\u00edcio\",\"item\":\"https:\/\/wordpress.plataformadeteste.com.br\/centralpaulista\/\"},{\"@type\":\"ListItem\",\"position\":2,\"name\":\"Servi\u00e7os\",\"item\":\"https:\/\/wordpress.plataformadeteste.com.br\/centralpaulista\/servicos\/\"},{\"@type\":\"ListItem\",\"position\":3,\"name\":\"Certid\u00f5es para Auditoria\"}]},{\"@type\":\"WebSite\",\"@id\":\"https:\/\/wordpress.plataformadeteste.com.br\/centralpaulista\/#website\",\"url\":\"https:\/\/wordpress.plataformadeteste.com.br\/centralpaulista\/\",\"name\":\"Central Paulista - Certid\u00f5es, Pesquisas Forenses e Cartor\u00e1rias\",\"description\":\"Somos uma empresa prestadora de servi\u00e7os no setor de informa\u00e7\u00f5es e cadastro de pessoas f\u00edsicas, pessoas jur\u00eddicas e im\u00f3veis. Nosso trabalho \u00e9 simplificar e garantir a seguran\u00e7a em diferentes tipos de transa\u00e7\u00f5es comerciais. Atuamos nesse mercado desde 1977, fornecendo certid\u00f5es e realizando consultas completas no \u00e2mbito federal, estadual e municipal para todo o Brasil.\",\"potentialAction\":[{\"@type\":\"SearchAction\",\"target\":{\"@type\":\"EntryPoint\",\"urlTemplate\":\"https:\/\/wordpress.plataformadeteste.com.br\/centralpaulista\/?s={search_term_string}\"},\"query-input\":\"required name=search_term_string\"}],\"inLanguage\":\"pt-BR\"}]}<\/script>\n<!-- \/ Yoast SEO plugin. -->","yoast_head_json":{"title":"Certid\u00f5es para Auditoria - Central Paulista - Certid\u00f5es, Pesquisas Forenses e Cartor\u00e1rias","robots":{"index":"noindex","follow":"follow","max-snippet":"max-snippet:-1","max-image-preview":"max-image-preview:large","max-video-preview":"max-video-preview:-1"},"og_locale":"pt_BR","og_type":"article","og_title":"Certid\u00f5es para Auditoria - Central Paulista - Certid\u00f5es, Pesquisas Forenses e Cartor\u00e1rias","og_description":"A Central Paulista de Certid\u00f5es e Cadastro \u00e9 uma empresa pioneira em servi\u00e7os de &#8220;Busca de Certid\u00f5es e Pesquisas Forenses e Cartor\u00e1rias&#8221;. Atuando neste segmento desde 1977, tornando-se uma empresa consolidada e refer\u00eancia no mercado de documenta\u00e7\u00f5es, atendendo empresas de diversos segmentos e portes. A Central Paulista tem como objetivo a elabora\u00e7\u00e3o de toda documenta\u00e7\u00e3o [&hellip;]","og_url":"https:\/\/wordpress.plataformadeteste.com.br\/centralpaulista\/produto\/certidoes-para-auditoria\/","og_site_name":"Central Paulista - Certid\u00f5es, Pesquisas Forenses e Cartor\u00e1rias","article_modified_time":"2022-05-17T17:34:42+00:00","twitter_card":"summary_large_image","schema":{"@context":"https:\/\/schema.org","@graph":[{"@type":"WebPage","@id":"https:\/\/wordpress.plataformadeteste.com.br\/centralpaulista\/produto\/certidoes-para-auditoria\/","url":"https:\/\/wordpress.plataformadeteste.com.br\/centralpaulista\/produto\/certidoes-para-auditoria\/","name":"Certid\u00f5es para Auditoria - Central Paulista - Certid\u00f5es, Pesquisas Forenses e Cartor\u00e1rias","isPartOf":{"@id":"https:\/\/wordpress.plataformadeteste.com.br\/centralpaulista\/#website"},"datePublished":"2022-05-17T17:33:17+00:00","dateModified":"2022-05-17T17:34:42+00:00","breadcrumb":{"@id":"https:\/\/wordpress.plataformadeteste.com.br\/centralpaulista\/produto\/certidoes-para-auditoria\/#breadcrumb"},"inLanguage":"pt-BR","potentialAction":[{"@type":"ReadAction","target":["https:\/\/wordpress.plataformadeteste.com.br\/centralpaulista\/produto\/certidoes-para-auditoria\/"]}]},{"@type":"BreadcrumbList","@id":"https:\/\/wordpress.plataformadeteste.com.br\/centralpaulista\/produto\/certidoes-para-auditoria\/#breadcrumb","itemListElement":[{"@type":"ListItem","position":1,"name":"In\u00edcio","item":"https:\/\/wordpress.plataformadeteste.com.br\/centralpaulista\/"},{"@type":"ListItem","position":2,"name":"Servi\u00e7os","item":"https:\/\/wordpress.plataformadeteste.com.br\/centralpaulista\/servicos\/"},{"@type":"ListItem","position":3,"name":"Certid\u00f5es para Auditoria"}]},{"@type":"WebSite","@id":"https:\/\/wordpress.plataformadeteste.com.br\/centralpaulista\/#website","url":"https:\/\/wordpress.plataformadeteste.com.br\/centralpaulista\/","name":"Central Paulista - Certid\u00f5es, Pesquisas Forenses e Cartor\u00e1rias","description":"Somos uma empresa prestadora de servi\u00e7os no setor de informa\u00e7\u00f5es e cadastro de pessoas f\u00edsicas, pessoas jur\u00eddicas e im\u00f3veis. Nosso trabalho \u00e9 simplificar e garantir a seguran\u00e7a em diferentes tipos de transa\u00e7\u00f5es comerciais. Atuamos nesse mercado desde 1977, fornecendo certid\u00f5es e realizando consultas completas no \u00e2mbito federal, estadual e municipal para todo o Brasil.","potentialAction":[{"@type":"SearchAction","target":{"@type":"EntryPoint","urlTemplate":"https:\/\/wordpress.plataformadeteste.com.br\/centralpaulista\/?s={search_term_string}"},"query-input":"required name=search_term_string"}],"inLanguage":"pt-BR"}]}},"_links":{"self":[{"href":"https:\/\/wordpress.plataformadeteste.com.br\/centralpaulista\/wp-json\/wp\/v2\/product\/1000","targetHints":{"allow":["GET"]}}],"collection":[{"href":"https:\/\/wordpress.plataformadeteste.com.br\/centralpaulista\/wp-json\/wp\/v2\/product"}],"about":[{"href":"https:\/\/wordpress.plataformadeteste.com.br\/centralpaulista\/wp-json\/wp\/v2\/types\/product"}],"replies":[{"embeddable":true,"href":"https:\/\/wordpress.plataformadeteste.com.br\/centralpaulista\/wp-json\/wp\/v2\/comments?post=1000"}],"wp:attachment":[{"href":"https:\/\/wordpress.plataformadeteste.com.br\/centralpaulista\/wp-json\/wp\/v2\/media?parent=1000"}],"wp:term":[{"taxonomy":"product_cat","embeddable":true,"href":"https:\/\/wordpress.plataformadeteste.com.br\/centralpaulista\/wp-json\/wp\/v2\/product_cat?post=1000"},{"taxonomy":"product_tag","embeddable":true,"href":"https:\/\/wordpress.plataformadeteste.com.br\/centralpaulista\/wp-json\/wp\/v2\/product_tag?post=1000"}],"curies":[{"name":"wp","href":"https:\/\/api.w.org\/{rel}","templated":true}]}}